{"id":4952,"date":"2021-03-11T16:31:48","date_gmt":"2021-03-11T15:31:48","guid":{"rendered":"http:\/\/agora.xtec.cat\/ceipjoanllongueras\/?page_id=4952"},"modified":"2025-01-27T10:23:48","modified_gmt":"2025-01-27T09:23:48","slug":"preinscripcio","status":"publish","type":"page","link":"https:\/\/agora.xtec.cat\/ceipjoanllongueras\/preinscripcio\/","title":{"rendered":"Preinscripci\u00f3 i Matr\u00edcula"},"content":{"rendered":"<h2><a href=\"https:\/\/preinscripcio.gencat.cat\/ca\/inici\/index.html\" target=\"_blank\" rel=\"noopener\">Preinscripci\u00f3 escolar curs 25-26<\/a><\/h2>\n<p>del 12 al 26 de mar\u00e7<\/p>\n<p><a href=\"https:\/\/preinscripcio.gencat.cat\/ca\/inici\/index.html\" target=\"_blank\" rel=\"noopener\"><img loading=\"lazy\" decoding=\"async\" class=\"aligncenter wp-image-6591\" src=\"https:\/\/agora.xtec.cat\/ceipjoanllongueras\/wp-content\/uploads\/usu814\/2025\/01\/preinscripcio-dates-1-300x166.png\" alt=\"\" width=\"600\" height=\"331\" srcset=\"https:\/\/agora.xtec.cat\/ceipjoanllongueras\/wp-content\/uploads\/usu814\/2025\/01\/preinscripcio-dates-1-300x166.png 300w, https:\/\/agora.xtec.cat\/ceipjoanllongueras\/wp-content\/uploads\/usu814\/2025\/01\/preinscripcio-dates-1-768x424.png 768w, https:\/\/agora.xtec.cat\/ceipjoanllongueras\/wp-content\/uploads\/usu814\/2025\/01\/preinscripcio-dates-1.png 839w\" sizes=\"auto, (max-width: 600px) 100vw, 600px\" \/><\/a><\/p>\n<ul>\n<li>\n<h4>Educaci\u00f3 infantil (3-6 anys) i educaci\u00f3 prim\u00e0ria:<\/h4>\n<h4><strong>del 12 al 26 de mar\u00e7<\/strong><\/h4>\n<h5>\u00a0Consultes a secretaria:\u00a0 933993192<\/h5>\n<h4><\/h4>\n<p><span style=\"font-size: revert; color: initial;\">Per fer la sol\u00b7licitud de preinscripci\u00f3 cal presentar tota la documentaci\u00f3 necess\u00e0ria per acreditar la identitat de les fam\u00edlies sol\u00b7licitants i l&#8217;acompliment dels criteris d&#8217;assignaci\u00f3 de places. Com que tots els tr\u00e0mits es fan de manera telem\u00e0tica, <\/span><strong style=\"font-size: revert; color: initial;\">cal escanejar o fotografiar tots els documents demanats per ambdues cares<\/strong><span style=\"font-size: revert; color: initial;\">\u00a0i tenir-los disponibles en el dispositiu que utilitzareu per emplenar el formulari de preinscripci\u00f3, ja sigui un ordinador, una tauleta o un tel\u00e8fon intel\u00b7ligent, per tal de poder-los adjuntar.<\/span><\/li>\n<\/ul>\n<div class=\"basic_text_peq col-xs-12\">\n<div class=\"pd-15x link-dotted\" data-crawling=\"principal-body\">\n<p>Els documents necessaris per acreditar la identitat de les fam\u00edlies en la sol\u00b7licitud de preinscripci\u00f3 s\u00f3n:<\/p>\n<ul>\n<li><strong>Certificaci\u00f3 electr\u00f2nica de la inscripci\u00f3 de naixement o llibre de fam\u00edlia o altres documents relatius a la filiaci\u00f3.<br \/>\n<\/strong>Quan l&#8217;alumne estigui en situaci\u00f3 d&#8217;acolliment, el document que cal aportar \u00e9s la\u00a0<strong>resoluci\u00f3 d&#8217;acolliment del Departament de Drets Socials<\/strong>.<\/li>\n<li><strong>El DNI o NIE del pare, la mare o el tutor o la tutora de l&#8217;alumne\/a si s&#8217;utilitza la sol\u00b7licitud en suport inform\u00e0tic.\u00a0<\/strong>Si \u00e9s estranger s&#8217;haur\u00e0 d&#8217;adjuntar el\u00a0<strong>passaport<\/strong>\u00a0o, si \u00e9s estranger d&#8217;un pa\u00eds membre de la Uni\u00f3 Europea, el\u00a0<strong>document d&#8217;identitat del pa\u00eds d&#8217;origen<\/strong>.<\/li>\n<\/ul>\n<p>De manera excepcional, es poden acreditar les dades d&#8217;identificaci\u00f3 o de filiaci\u00f3 de l&#8217;alumnat estranger amb el document d&#8217;identitat, el llibre de fam\u00edlia del pa\u00eds d&#8217;origen o la documentaci\u00f3 alternativa que la persona pugui aportar. El director o la directora del centre educatiu corresponent valorar\u00e0 i examinar\u00e0 la documentaci\u00f3 presentada.<\/p>\n<\/div>\n<\/div>\n<h4>Matr\u00edcula:<\/h4>\n<ul>\n<li>\n<h4>Educaci\u00f3 infantil, educaci\u00f3 prim\u00e0ria:<\/h4>\n<\/li>\n<\/ul>\n<p>ASSIGNACI\u00d3<\/p>\n<h5>L\u2019Horari de secretaria per a la matr\u00edcula \u00e9s de 9 a 13\u202fh.<\/h5>\n<h5>&#8211; Consultes a secretaria:\u00a0 933993192<\/h5>\n<p>La documentaci\u00f3 que haureu de portar \u00e9s la seg\u00fcent:<\/p>\n<ul>\n<li>Original i fotoc\u00f2pia del DNI o NIE de tota la unitat familiar (pare, mare, fill\u2026)<\/li>\n<li>Original i fotoc\u00f2pia de la Targeta Sanitaria.<\/li>\n<li>Original i fotoc\u00f2pia de la Cartilla de vacunaci\u00f3.<\/li>\n<li>Original i fotoc\u00f2pia de fam\u00edlia nombrosa o monoparental.<\/li>\n<li>Original i fotoc\u00f2pia amb renda garantida<\/li>\n<li>Original i fotoc\u00f2pia de la discapacitat del 33% del pare\/mare o alumne\/a, germ\u00e0\/a<\/li>\n<li>2 fotografies mida carnet.<\/li>\n<\/ul>\n<p>Al centre fem servir l\u2019app <strong>BynApp<\/strong>,. \u00c9s el mitj\u00e0 de comunicaci\u00f3 oficial de l\u2019escola i \u00e9s per on us enviem les informacions generals, comunicacions de sortides \u2026<\/p>\n<p>\u00c9s important que us la descarregueu i aix\u00ed durant la matriculaci\u00f3 us donem d\u2019alta i expliquem com funciona.<\/p>\n<h4><\/h4>\n","protected":false},"excerpt":{"rendered":"<p>Preinscripci\u00f3 escolar curs 25-26 del 12 al 26 de mar\u00e7 Educaci\u00f3 infantil (3-6 anys) i educaci\u00f3 prim\u00e0ria: del 12 al [&hellip;]<\/p>\n","protected":false},"author":1,"featured_media":0,"parent":0,"menu_order":2,"comment_status":"closed","ping_status":"closed","template":"page-templates\/side-menu.php","meta":{"_bbp_topic_count":0,"_bbp_reply_count":0,"_bbp_total_topic_count":0,"_bbp_total_reply_count":0,"_bbp_voice_count":0,"_bbp_anonymous_reply_count":0,"_bbp_topic_count_hidden":0,"_bbp_reply_count_hidden":0,"_bbp_forum_subforum_count":0,"site-sidebar-layout":"default","site-content-layout":"","ast-site-content-layout":"","site-content-style":"default","site-sidebar-style":"default","ast-global-header-display":"","ast-banner-title-visibility":"","ast-main-header-display":"","ast-hfb-above-header-display":"","ast-hfb-below-header-display":"","ast-hfb-mobile-header-display":"","site-post-title":"","ast-breadcrumbs-content":"","ast-featured-img":"","footer-sml-layout":"","theme-transparent-header-meta":"","adv-header-id-meta":"","stick-header-meta":"","header-above-stick-meta":"","header-main-stick-meta":"","header-below-stick-meta":"","astra-migrate-meta-layouts":"default","ast-page-background-enabled":"default","ast-page-background-meta":{"desktop":{"background-color":"var(--ast-global-color-4)","background-image":"","background-repeat":"repeat","background-position":"center center","background-size":"auto","background-attachment":"scroll","background-type":"","background-media":"","overlay-type":"","overlay-color":"","overlay-opacity":"","overlay-gradient":""},"tablet":{"background-color":"","background-image":"","background-repeat":"repeat","background-position":"center center","background-size":"auto","background-attachment":"scroll","background-type":"","background-media":"","overlay-type":"","overlay-color":"","overlay-opacity":"","overlay-gradient":""},"mobile":{"background-color":"","background-image":"","background-repeat":"repeat","background-position":"center center","background-size":"auto","background-attachment":"scroll","background-type":"","background-media":"","overlay-type":"","overlay-color":"","overlay-opacity":"","overlay-gradient":""}},"ast-content-background-meta":{"desktop":{"background-color":"var(--ast-global-color-5)","background-image":"","background-repeat":"repeat","background-position":"center center","background-size":"auto","background-attachment":"scroll","background-type":"","background-media":"","overlay-type":"","overlay-color":"","overlay-opacity":"","overlay-gradient":""},"tablet":{"background-color":"var(--ast-global-color-5)","background-image":"","background-repeat":"repeat","background-position":"center center","background-size":"auto","background-attachment":"scroll","background-type":"","background-media":"","overlay-type":"","overlay-color":"","overlay-opacity":"","overlay-gradient":""},"mobile":{"background-color":"var(--ast-global-color-5)","background-image":"","background-repeat":"repeat","background-position":"center center","background-size":"auto","background-attachment":"scroll","background-type":"","background-media":"","overlay-type":"","overlay-color":"","overlay-opacity":"","overlay-gradient":""}},"footnotes":""},"class_list":["post-4952","page","type-page","status-publish","hentry"],"post_mailing_queue_ids":[],"_links":{"self":[{"href":"https:\/\/agora.xtec.cat\/ceipjoanllongueras\/wp-json\/wp\/v2\/pages\/4952","targetHints":{"allow":["GET"]}}],"collection":[{"href":"https:\/\/agora.xtec.cat\/ceipjoanllongueras\/wp-json\/wp\/v2\/pages"}],"about":[{"href":"https:\/\/agora.xtec.cat\/ceipjoanllongueras\/wp-json\/wp\/v2\/types\/page"}],"author":[{"embeddable":true,"href":"https:\/\/agora.xtec.cat\/ceipjoanllongueras\/wp-json\/wp\/v2\/users\/1"}],"replies":[{"embeddable":true,"href":"https:\/\/agora.xtec.cat\/ceipjoanllongueras\/wp-json\/wp\/v2\/comments?post=4952"}],"version-history":[{"count":6,"href":"https:\/\/agora.xtec.cat\/ceipjoanllongueras\/wp-json\/wp\/v2\/pages\/4952\/revisions"}],"predecessor-version":[{"id":6593,"href":"https:\/\/agora.xtec.cat\/ceipjoanllongueras\/wp-json\/wp\/v2\/pages\/4952\/revisions\/6593"}],"wp:attachment":[{"href":"https:\/\/agora.xtec.cat\/ceipjoanllongueras\/wp-json\/wp\/v2\/media?parent=4952"}],"curies":[{"name":"wp","href":"https:\/\/api.w.org\/{rel}","templated":true}]}}