{"id":38,"date":"2014-09-18T12:34:08","date_gmt":"2014-09-18T11:34:08","guid":{"rendered":"http:\/\/agora.xtec.cat\/ceipjoanllongueras\/?page_id=38"},"modified":"2025-02-10T12:04:39","modified_gmt":"2025-02-10T11:04:39","slug":"salut","status":"publish","type":"page","link":"https:\/\/agora.xtec.cat\/ceipjoanllongueras\/lescola\/salut\/","title":{"rendered":"Salut"},"content":{"rendered":"<p>&nbsp;<\/p>\n<h5>Esmorzars saludables<\/h5>\n<p>\u00c9s convenient que tots els nens i nenes esmorzin a casa. Tot i aix\u00ed durant l\u2019estona d\u2019esbarjo va b\u00e9 que portin un petit esmorzar a base de fruita o entrep\u00e0.<\/p>\n<p><strong>Aquest curs, i per donar coher\u00e8ncia i continu\u00eftat als projectes d\u2019educaci\u00f3 saludable que treballem a l\u2019escola, hem decidit que no es podran portar sucs ni pastisseria a l\u2019hora dels esmorzars ni a Educaci\u00f3 Infantil ni a Educaci\u00f3 Prim\u00e0ria.<\/strong><\/p>\n<p>Recordeu que, seguint les indicacions del Departament de Sanitat pel que fa a l\u2019alimentaci\u00f3, a l\u2019escola no se celebren aniversaris amb menjar o beguda elaborada a casa, han de ser comprats. Tampoc es poden portar\u00a0 llaminadures.<\/p>\n<h5><\/h5>\n<h5>Medicaments i malalties<\/h5>\n<p>Us recordem que els alumnes no han de prendre medicaments a l\u2019escola com a norma general.<\/p>\n<p><strong>No heu de portar a l\u2019escola el nen o nena quan tingui febre o altres s\u00edmptomes<\/strong> d\u2019indisposici\u00f3. S&#8217;ha de estar en contacte amb el pediatra o portar-lo al CAP.<\/p>\n<p>S\u2019 ha de comunicar a Secret\u00e0ria quan l\u2019 alumne no pot assistir a classe.<\/p>\n<p>Tamb\u00e9 s\u2019informar\u00e0, des de casa o des de l\u2019escola, quan se li hagin trobat polls. En tots aquests casos, el nen\/a haur\u00e0 de quedar-se a casa.<\/p>\n<p>Caldr\u00e0 portar un certificat m\u00e8dic per justificar qualsevol situaci\u00f3 que impedeixi treballar amb normalitat o que requereixi fer una dieta espec\u00edfica.<\/p>\n<header class=\"entry-header\">\n<h3 class=\"entry-title\">Fundaci\u00f3 IMO<\/h3>\n<\/header>\n<div class=\"entry-content\">\n<p>L\u2019escola forma part d\u2019un programa ocular que duu a terme la\u00a0<strong>Fundaci\u00f3 IMO<\/strong> amb la col\u00b7laboraci\u00f3 de <strong>Fundaci\u00f3 La Caixa<\/strong>\u00a0i\u00a0<strong>C\u00e0ritas<\/strong>.<\/p>\n<p>Mitjan\u00e7ant\u00a0<strong><span lang=\"ca\">exploracions oculars gratu\u00eftes<\/span><\/strong>\u00a0es pot fer un diagn\u00f2stic preco\u00e7 de malalties oculars. Aquest diagn\u00f2stic\u00a0<span lang=\"ca\">\u00e9s fonamental no nom\u00e9s per a una correcta integraci\u00f3 i rendiment escolar dels nens, sin\u00f3 tamb\u00e9 per establir les bases de salut ocular en l\u2019edat adulta, ja que la visi\u00f3 que no es guanyi durant la inf\u00e0ncia no es pot recuperar un cop finalitzat el per\u00edode de desenvolupament visual (sobre els 8-10 anys). Per tant, com m\u00e9s aviat es detectin els problemes visuals m\u00e9s efectiu ser\u00e0 el seu tractament.<\/span><\/p>\n<p><span lang=\"ca\">D\u2019aquest programa en gaudeixen els\u00a0<strong>alumnes des de I3 fins a 6\u00e8<\/strong>.<\/span><\/p>\n<p>&nbsp;<\/p>\n<\/div>\n<p>&nbsp;<\/p>\n","protected":false},"excerpt":{"rendered":"<p>&nbsp; Esmorzars saludables \u00c9s convenient que tots els nens i nenes esmorzin a casa. Tot i aix\u00ed durant l\u2019estona d\u2019esbarjo [&hellip;]<\/p>\n","protected":false},"author":1,"featured_media":0,"parent":22,"menu_order":80,"comment_status":"closed","ping_status":"closed","template":"","meta":{"_bbp_topic_count":0,"_bbp_reply_count":0,"_bbp_total_topic_count":0,"_bbp_total_reply_count":0,"_bbp_voice_count":0,"_bbp_anonymous_reply_count":0,"_bbp_topic_count_hidden":0,"_bbp_reply_count_hidden":0,"_bbp_forum_subforum_count":0,"site-sidebar-layout":"default","site-content-layout":"","ast-site-content-layout":"default","site-content-style":"default","site-sidebar-style":"default","ast-global-header-display":"","ast-banner-title-visibility":"","ast-main-header-display":"","ast-hfb-above-header-display":"","ast-hfb-below-header-display":"","ast-hfb-mobile-header-display":"","site-post-title":"","ast-breadcrumbs-content":"","ast-featured-img":"","footer-sml-layout":"","theme-transparent-header-meta":"default","adv-header-id-meta":"","stick-header-meta":"","header-above-stick-meta":"","header-main-stick-meta":"","header-below-stick-meta":"","astra-migrate-meta-layouts":"set","ast-page-background-enabled":"default","ast-page-background-meta":{"desktop":{"background-color":"var(--ast-global-color-4)","background-image":"","background-repeat":"repeat","background-position":"center center","background-size":"auto","background-attachment":"scroll","background-type":"","background-media":"","overlay-type":"","overlay-color":"","overlay-opacity":"","overlay-gradient":""},"tablet":{"background-color":"","background-image":"","background-repeat":"repeat","background-position":"center center","background-size":"auto","background-attachment":"scroll","background-type":"","background-media":"","overlay-type":"","overlay-color":"","overlay-opacity":"","overlay-gradient":""},"mobile":{"background-color":"","background-image":"","background-repeat":"repeat","background-position":"center center","background-size":"auto","background-attachment":"scroll","background-type":"","background-media":"","overlay-type":"","overlay-color":"","overlay-opacity":"","overlay-gradient":""}},"ast-content-background-meta":{"desktop":{"background-color":"var(--ast-global-color-5)","background-image":"","background-repeat":"repeat","background-position":"center center","background-size":"auto","background-attachment":"scroll","background-type":"","background-media":"","overlay-type":"","overlay-color":"","overlay-opacity":"","overlay-gradient":""},"tablet":{"background-color":"var(--ast-global-color-5)","background-image":"","background-repeat":"repeat","background-position":"center center","background-size":"auto","background-attachment":"scroll","background-type":"","background-media":"","overlay-type":"","overlay-color":"","overlay-opacity":"","overlay-gradient":""},"mobile":{"background-color":"var(--ast-global-color-5)","background-image":"","background-repeat":"repeat","background-position":"center center","background-size":"auto","background-attachment":"scroll","background-type":"","background-media":"","overlay-type":"","overlay-color":"","overlay-opacity":"","overlay-gradient":""}},"footnotes":""},"class_list":["post-38","page","type-page","status-publish","hentry"],"post_mailing_queue_ids":[],"_links":{"self":[{"href":"https:\/\/agora.xtec.cat\/ceipjoanllongueras\/wp-json\/wp\/v2\/pages\/38","targetHints":{"allow":["GET"]}}],"collection":[{"href":"https:\/\/agora.xtec.cat\/ceipjoanllongueras\/wp-json\/wp\/v2\/pages"}],"about":[{"href":"https:\/\/agora.xtec.cat\/ceipjoanllongueras\/wp-json\/wp\/v2\/types\/page"}],"author":[{"embeddable":true,"href":"https:\/\/agora.xtec.cat\/ceipjoanllongueras\/wp-json\/wp\/v2\/users\/1"}],"replies":[{"embeddable":true,"href":"https:\/\/agora.xtec.cat\/ceipjoanllongueras\/wp-json\/wp\/v2\/comments?post=38"}],"version-history":[{"count":4,"href":"https:\/\/agora.xtec.cat\/ceipjoanllongueras\/wp-json\/wp\/v2\/pages\/38\/revisions"}],"predecessor-version":[{"id":6769,"href":"https:\/\/agora.xtec.cat\/ceipjoanllongueras\/wp-json\/wp\/v2\/pages\/38\/revisions\/6769"}],"up":[{"embeddable":true,"href":"https:\/\/agora.xtec.cat\/ceipjoanllongueras\/wp-json\/wp\/v2\/pages\/22"}],"wp:attachment":[{"href":"https:\/\/agora.xtec.cat\/ceipjoanllongueras\/wp-json\/wp\/v2\/media?parent=38"}],"curies":[{"name":"wp","href":"https:\/\/api.w.org\/{rel}","templated":true}]}}