{"id":3422,"date":"2019-02-11T16:18:27","date_gmt":"2019-02-11T15:18:27","guid":{"rendered":"http:\/\/agora.xtec.cat\/ceipjoanllongueras\/?page_id=3422"},"modified":"2025-02-10T12:08:33","modified_gmt":"2025-02-10T11:08:33","slug":"nofc","status":"publish","type":"page","link":"https:\/\/agora.xtec.cat\/ceipjoanllongueras\/documents\/nofc\/","title":{"rendered":"NOFC"},"content":{"rendered":"<p>Les <strong>NOFC<\/strong> (normes d&#8217;organitzaci\u00f3 i funcionament del centre) es tracta d\u2019un document normatiu que recull el conjunt de regles, preceptes i<br \/>\ninstruccions que regulen el r\u00e8gim de l\u2019escola. \u00c9s intern, perqu\u00e8 \u00e9s propi i solament t\u00e9<br \/>\nvalidesa al nostre centre educatiu.<\/p>\n<p>&nbsp;<\/p>\n<p>&nbsp;<\/p>\n","protected":false},"excerpt":{"rendered":"<p>Les NOFC (normes d&#8217;organitzaci\u00f3 i funcionament del centre) es tracta d\u2019un document normatiu que recull el conjunt de regles, preceptes [&hellip;]<\/p>\n","protected":false},"author":1,"featured_media":0,"parent":2184,"menu_order":3,"comment_status":"closed","ping_status":"closed","template":"","meta":{"_bbp_topic_count":0,"_bbp_reply_count":0,"_bbp_total_topic_count":0,"_bbp_total_reply_count":0,"_bbp_voice_count":0,"_bbp_anonymous_reply_count":0,"_bbp_topic_count_hidden":0,"_bbp_reply_count_hidden":0,"_bbp_forum_subforum_count":0,"site-sidebar-layout":"default","site-content-layout":"","ast-site-content-layout":"default","site-content-style":"default","site-sidebar-style":"default","ast-global-header-display":"","ast-banner-title-visibility":"","ast-main-header-display":"","ast-hfb-above-header-display":"","ast-hfb-below-header-display":"","ast-hfb-mobile-header-display":"","site-post-title":"","ast-breadcrumbs-content":"","ast-featured-img":"","footer-sml-layout":"","theme-transparent-header-meta":"default","adv-header-id-meta":"","stick-header-meta":"","header-above-stick-meta":"","header-main-stick-meta":"","header-below-stick-meta":"","astra-migrate-meta-layouts":"set","ast-page-background-enabled":"default","ast-page-background-meta":{"desktop":{"background-color":"var(--ast-global-color-4)","background-image":"","background-repeat":"repeat","background-position":"center center","background-size":"auto","background-attachment":"scroll","background-type":"","background-media":"","overlay-type":"","overlay-color":"","overlay-opacity":"","overlay-gradient":""},"tablet":{"background-color":"","background-image":"","background-repeat":"repeat","background-position":"center center","background-size":"auto","background-attachment":"scroll","background-type":"","background-media":"","overlay-type":"","overlay-color":"","overlay-opacity":"","overlay-gradient":""},"mobile":{"background-color":"","background-image":"","background-repeat":"repeat","background-position":"center center","background-size":"auto","background-attachment":"scroll","background-type":"","background-media":"","overlay-type":"","overlay-color":"","overlay-opacity":"","overlay-gradient":""}},"ast-content-background-meta":{"desktop":{"background-color":"var(--ast-global-color-5)","background-image":"","background-repeat":"repeat","background-position":"center center","background-size":"auto","background-attachment":"scroll","background-type":"","background-media":"","overlay-type":"","overlay-color":"","overlay-opacity":"","overlay-gradient":""},"tablet":{"background-color":"var(--ast-global-color-5)","background-image":"","background-repeat":"repeat","background-position":"center center","background-size":"auto","background-attachment":"scroll","background-type":"","background-media":"","overlay-type":"","overlay-color":"","overlay-opacity":"","overlay-gradient":""},"mobile":{"background-color":"var(--ast-global-color-5)","background-image":"","background-repeat":"repeat","background-position":"center center","background-size":"auto","background-attachment":"scroll","background-type":"","background-media":"","overlay-type":"","overlay-color":"","overlay-opacity":"","overlay-gradient":""}},"footnotes":""},"class_list":["post-3422","page","type-page","status-publish","hentry"],"post_mailing_queue_ids":[],"_links":{"self":[{"href":"https:\/\/agora.xtec.cat\/ceipjoanllongueras\/wp-json\/wp\/v2\/pages\/3422","targetHints":{"allow":["GET"]}}],"collection":[{"href":"https:\/\/agora.xtec.cat\/ceipjoanllongueras\/wp-json\/wp\/v2\/pages"}],"about":[{"href":"https:\/\/agora.xtec.cat\/ceipjoanllongueras\/wp-json\/wp\/v2\/types\/page"}],"author":[{"embeddable":true,"href":"https:\/\/agora.xtec.cat\/ceipjoanllongueras\/wp-json\/wp\/v2\/users\/1"}],"replies":[{"embeddable":true,"href":"https:\/\/agora.xtec.cat\/ceipjoanllongueras\/wp-json\/wp\/v2\/comments?post=3422"}],"version-history":[{"count":4,"href":"https:\/\/agora.xtec.cat\/ceipjoanllongueras\/wp-json\/wp\/v2\/pages\/3422\/revisions"}],"predecessor-version":[{"id":6774,"href":"https:\/\/agora.xtec.cat\/ceipjoanllongueras\/wp-json\/wp\/v2\/pages\/3422\/revisions\/6774"}],"up":[{"embeddable":true,"href":"https:\/\/agora.xtec.cat\/ceipjoanllongueras\/wp-json\/wp\/v2\/pages\/2184"}],"wp:attachment":[{"href":"https:\/\/agora.xtec.cat\/ceipjoanllongueras\/wp-json\/wp\/v2\/media?parent=3422"}],"curies":[{"name":"wp","href":"https:\/\/api.w.org\/{rel}","templated":true}]}}