{"id":3399,"date":"2019-02-11T13:37:42","date_gmt":"2019-02-11T12:37:42","guid":{"rendered":"http:\/\/agora.xtec.cat\/ceipjoanllongueras\/?page_id=3399"},"modified":"2025-02-10T12:07:54","modified_gmt":"2025-02-10T11:07:54","slug":"pec","status":"publish","type":"page","link":"https:\/\/agora.xtec.cat\/ceipjoanllongueras\/documents\/pec\/","title":{"rendered":"PEC"},"content":{"rendered":"<header class=\"entry-header\"><strong style=\"font-family: inherit; font-size: 1em;\">Projecte educatiu de centre (PEC):<\/strong><span style=\"font-family: inherit; font-size: 1em; font-weight: normal;\"> \u00e9s un document de caire filos\u00f2fic on s\u2019especifiquen els trets d\u2019identitat de l\u2019escola. Garanteix al centre d\u2019una l\u00ednia pedag\u00f2gica i el dota d\u2019una continu\u00eftat. L\u2019escola de la qual soc docent es basa, entre altres principis, en el proverbi afric\u00e0 que diu \u201cper educar un sol infant cal tot un poble\u201d. Per aquest motiu dona molta import\u00e0ncia a totsels diferents agents escolars: mestres, infants, fam\u00edlies, monitoratge, PAS i entorn formen una xarxa de participaci\u00f3 que fa possible avan\u00e7ar en els projectes de l\u2019escola. Es defineix en el seu projecte com a sensible a les din\u00e0miques de renovaci\u00f3 i canvi que genera una societat plural, oberta i din\u00e0mica com la nostra. El projecte es planteja preparar l\u2019alumnat per a afrontar les demandes socials i, sobretot, per a educar individus capa\u00e7os i capaces d\u2019encarar el futur des dels valors i els principis que constitueixen el nostre patrimoni cultural.<\/span><\/header>\n<div class=\"entry-content\">\n<p><strong>El PEC<\/strong> esmenta la titularitat p\u00fablica de l\u2019escola i contempla l\u2019educaci\u00f3 com a proc\u00e9s integral de l\u2019alumnat, defineix <strong>l\u2019aconfessionalitat<\/strong> i defensa un <strong>pluralisme ideol\u00f2gic<\/strong> i uns <strong>valors democr\u00e0tics<\/strong>, vetlla per <strong>l\u2019esperit participatiu<\/strong>, es proposa fomentar l\u2019esperit solidari, la coeducaci\u00f3 i fa incid\u00e8ncia en la voluntat d\u2019una metodologia activa i d\u2019educaci\u00f3 personalitzada i de futur, amb valors respecte al jo personal, a les altres persones i el medi ambient.<\/p>\n<p>&nbsp;<\/p>\n<p>&nbsp;<\/p>\n<p>&nbsp;<\/p>\n<\/div>\n","protected":false},"excerpt":{"rendered":"<p>Projecte educatiu de centre (PEC): \u00e9s un document de caire filos\u00f2fic on s\u2019especifiquen els trets d\u2019identitat de l\u2019escola. Garanteix al [&hellip;]<\/p>\n","protected":false},"author":1,"featured_media":0,"parent":2184,"menu_order":1,"comment_status":"closed","ping_status":"closed","template":"","meta":{"_bbp_topic_count":0,"_bbp_reply_count":0,"_bbp_total_topic_count":0,"_bbp_total_reply_count":0,"_bbp_voice_count":0,"_bbp_anonymous_reply_count":0,"_bbp_topic_count_hidden":0,"_bbp_reply_count_hidden":0,"_bbp_forum_subforum_count":0,"site-sidebar-layout":"default","site-content-layout":"","ast-site-content-layout":"default","site-content-style":"default","site-sidebar-style":"default","ast-global-header-display":"","ast-banner-title-visibility":"","ast-main-header-display":"","ast-hfb-above-header-display":"","ast-hfb-below-header-display":"","ast-hfb-mobile-header-display":"","site-post-title":"","ast-breadcrumbs-content":"","ast-featured-img":"","footer-sml-layout":"","theme-transparent-header-meta":"default","adv-header-id-meta":"","stick-header-meta":"","header-above-stick-meta":"","header-main-stick-meta":"","header-below-stick-meta":"","astra-migrate-meta-layouts":"set","ast-page-background-enabled":"default","ast-page-background-meta":{"desktop":{"background-color":"var(--ast-global-color-4)","background-image":"","background-repeat":"repeat","background-position":"center center","background-size":"auto","background-attachment":"scroll","background-type":"","background-media":"","overlay-type":"","overlay-color":"","overlay-opacity":"","overlay-gradient":""},"tablet":{"background-color":"","background-image":"","background-repeat":"repeat","background-position":"center center","background-size":"auto","background-attachment":"scroll","background-type":"","background-media":"","overlay-type":"","overlay-color":"","overlay-opacity":"","overlay-gradient":""},"mobile":{"background-color":"","background-image":"","background-repeat":"repeat","background-position":"center center","background-size":"auto","background-attachment":"scroll","background-type":"","background-media":"","overlay-type":"","overlay-color":"","overlay-opacity":"","overlay-gradient":""}},"ast-content-background-meta":{"desktop":{"background-color":"var(--ast-global-color-5)","background-image":"","background-repeat":"repeat","background-position":"center center","background-size":"auto","background-attachment":"scroll","background-type":"","background-media":"","overlay-type":"","overlay-color":"","overlay-opacity":"","overlay-gradient":""},"tablet":{"background-color":"var(--ast-global-color-5)","background-image":"","background-repeat":"repeat","background-position":"center center","background-size":"auto","background-attachment":"scroll","background-type":"","background-media":"","overlay-type":"","overlay-color":"","overlay-opacity":"","overlay-gradient":""},"mobile":{"background-color":"var(--ast-global-color-5)","background-image":"","background-repeat":"repeat","background-position":"center center","background-size":"auto","background-attachment":"scroll","background-type":"","background-media":"","overlay-type":"","overlay-color":"","overlay-opacity":"","overlay-gradient":""}},"footnotes":""},"class_list":["post-3399","page","type-page","status-publish","hentry"],"post_mailing_queue_ids":[],"_links":{"self":[{"href":"https:\/\/agora.xtec.cat\/ceipjoanllongueras\/wp-json\/wp\/v2\/pages\/3399","targetHints":{"allow":["GET"]}}],"collection":[{"href":"https:\/\/agora.xtec.cat\/ceipjoanllongueras\/wp-json\/wp\/v2\/pages"}],"about":[{"href":"https:\/\/agora.xtec.cat\/ceipjoanllongueras\/wp-json\/wp\/v2\/types\/page"}],"author":[{"embeddable":true,"href":"https:\/\/agora.xtec.cat\/ceipjoanllongueras\/wp-json\/wp\/v2\/users\/1"}],"replies":[{"embeddable":true,"href":"https:\/\/agora.xtec.cat\/ceipjoanllongueras\/wp-json\/wp\/v2\/comments?post=3399"}],"version-history":[{"count":6,"href":"https:\/\/agora.xtec.cat\/ceipjoanllongueras\/wp-json\/wp\/v2\/pages\/3399\/revisions"}],"predecessor-version":[{"id":6772,"href":"https:\/\/agora.xtec.cat\/ceipjoanllongueras\/wp-json\/wp\/v2\/pages\/3399\/revisions\/6772"}],"up":[{"embeddable":true,"href":"https:\/\/agora.xtec.cat\/ceipjoanllongueras\/wp-json\/wp\/v2\/pages\/2184"}],"wp:attachment":[{"href":"https:\/\/agora.xtec.cat\/ceipjoanllongueras\/wp-json\/wp\/v2\/media?parent=3399"}],"curies":[{"name":"wp","href":"https:\/\/api.w.org\/{rel}","templated":true}]}}