{"id":2841,"date":"2018-09-18T17:34:53","date_gmt":"2018-09-18T15:34:53","guid":{"rendered":"http:\/\/agora.xtec.cat\/ceipjoanllongueras\/?page_id=2841"},"modified":"2025-02-10T12:13:05","modified_gmt":"2025-02-10T11:13:05","slug":"treball-per-projectes","status":"publish","type":"page","link":"https:\/\/agora.xtec.cat\/ceipjoanllongueras\/projecte-educatiu\/treball-per-projectes\/","title":{"rendered":"Treball per projectes"},"content":{"rendered":"<p>El treball per projectes \u00e9s una metodologia que afavoreix l\u2019adquisici\u00f3 de les compet\u00e8ncies b\u00e0siques. \u00c9s ideal perqu\u00e8 aprofita la motivaci\u00f3 de l\u2019alumnat per l\u2019objecte d\u2019investigaci\u00f3 i perqu\u00e8 fomenta l\u2019adquisici\u00f3 de procediments per aprendre de manera aut\u00f2noma i cooperativa.<\/p>\n<p>Els projectes s\u2019han de proposar m\u00e9s o menys directament pel professorat tenint en compte els interessos dels infants. Es plantegen en forma de pregunta que potenci\u00ef\u00a0 l\u2019esperit d\u2019investigar.<\/p>\n<p>El\u00a0 treball per projectes \u00e9s una metodologia que es basa en oferir ajudar als infants a pensar per ells mateixos, a investigar, fer prediccions, experimentar, deduir-ne conclusions i idees potents per continuar aprenent i fer-se noves preguntes.<\/p>\n<p>La conversa tamb\u00e9 \u00e9s una activitat b\u00e0sica en tot el proc\u00e9s, interactuar amb els altres que aporten diferents punts de vista, contrastar, debatre, compartir descobriments\u2026 La interacci\u00f3 que es produeix entre els diferents membres del grup classe durant les diferents converses \u00e9s multidireccional, \u00e9s a dir, tant el professorat com els infants fan preguntes i es responen.<\/p>\n<p>A m\u00e9s, el fet que les activitats que es realitzin estiguin directament relacionades, no nom\u00e9s amb all\u00f2 que els interessa, sin\u00f3 tamb\u00e9 amb la seva vida di\u00e0ria, fa que els processos i coneixements adquirits en el projecte es puguin aprofitar en futures situacions.<\/p>\n<p>Treballar per projectes fomenta que els infants siguin capa\u00e7os d\u2019anar-se formulant nous dubtes i preguntes i establir relacions amb altres descobriments.<\/p>\n<p>Generalment l\u2019\u00e0rea de coneixement del medi \u00e9s la que guia la investigaci\u00f3 \u00a0per\u00f2 tamb\u00e9 es treballen diferents \u00e0rees, diferents sabers (llenguatge, matem\u00e0tiques, pl\u00e0stica, les TAC\u2026).<\/p>\n<p>&nbsp;<\/p>\n<p><strong>Per qu\u00e8 fem projectes?<\/strong><\/p>\n<ul>\n<li><strong>Motivaci\u00f3<\/strong>. Facilita la motivaci\u00f3 dels alumnes \u00a0ja que es parteix dels seus interessos.<\/li>\n<li><strong>Aprenentatge significatiu i funcional<\/strong>. Ofereix a l&#8217;alumnat la possibilitat d\u2019establir vincles amb el nou contingut i assegura que l\u2019aprenentatge sigui significatiu, ja que parteix d\u2019all\u00f2 que ja sap, \u00e9s a dir, dels seus coneixements inicials.Tamb\u00e9 \u00e9s un aprenentatge funcional, \u00e9s a dir, susceptible\u00a0de ser aplicat en situacions noves i en aprenentatges futurs.<\/li>\n<li><strong>Treball globalitzador.<\/strong>\u00a0S\u2019interelacionen\u00a0 les diferents \u00e0rees.<\/li>\n<li><strong>Treball Interactiu.\u00a0<\/strong>Fomenta un proc\u00e9s social mitjan\u00e7ant el qual els individus i els grups s\u2019estimulen uns als altres. Es produeixen diferents\u00a0interaccions\u00a0 infants-infants, infants-mestre, petit grup\u2026<\/li>\n<li><strong>Treball cooperatiu.\u00a0<\/strong>Valorem el que cadasc\u00fa pot aportar i entre tots arribem al m\u00e0xim de les nostres possibilitats.<\/li>\n<li><strong>Diversitat<\/strong>. Respecte el diferent ritmes d\u2019aprenentatge dels nens i nenes<strong>.<\/strong><\/li>\n<li><strong>Aprendre a pensar i aprendre a aprendre.\u00a0<\/strong>Permet adquirir habilitats per a qu\u00e8 l\u2019infant condueixi el seu propi aprenentatge i continu\u00ef aprenent de\u00a0forma efica\u00e7 i aut\u00f2noma.<\/li>\n<\/ul>\n","protected":false},"excerpt":{"rendered":"<p>El treball per projectes \u00e9s una metodologia que afavoreix l\u2019adquisici\u00f3 de les compet\u00e8ncies b\u00e0siques. \u00c9s ideal perqu\u00e8 aprofita la motivaci\u00f3 [&hellip;]<\/p>\n","protected":false},"author":1,"featured_media":0,"parent":64,"menu_order":4,"comment_status":"closed","ping_status":"closed","template":"","meta":{"_bbp_topic_count":0,"_bbp_reply_count":0,"_bbp_total_topic_count":0,"_bbp_total_reply_count":0,"_bbp_voice_count":0,"_bbp_anonymous_reply_count":0,"_bbp_topic_count_hidden":0,"_bbp_reply_count_hidden":0,"_bbp_forum_subforum_count":0,"site-sidebar-layout":"default","site-content-layout":"","ast-site-content-layout":"default","site-content-style":"default","site-sidebar-style":"default","ast-global-header-display":"","ast-banner-title-visibility":"","ast-main-header-display":"","ast-hfb-above-header-display":"","ast-hfb-below-header-display":"","ast-hfb-mobile-header-display":"","site-post-title":"","ast-breadcrumbs-content":"","ast-featured-img":"","footer-sml-layout":"","theme-transparent-header-meta":"default","adv-header-id-meta":"","stick-header-meta":"","header-above-stick-meta":"","header-main-stick-meta":"","header-below-stick-meta":"","astra-migrate-meta-layouts":"set","ast-page-background-enabled":"default","ast-page-background-meta":{"desktop":{"background-color":"var(--ast-global-color-4)","background-image":"","background-repeat":"repeat","background-position":"center center","background-size":"auto","background-attachment":"scroll","background-type":"","background-media":"","overlay-type":"","overlay-color":"","overlay-opacity":"","overlay-gradient":""},"tablet":{"background-color":"","background-image":"","background-repeat":"repeat","background-position":"center center","background-size":"auto","background-attachment":"scroll","background-type":"","background-media":"","overlay-type":"","overlay-color":"","overlay-opacity":"","overlay-gradient":""},"mobile":{"background-color":"","background-image":"","background-repeat":"repeat","background-position":"center center","background-size":"auto","background-attachment":"scroll","background-type":"","background-media":"","overlay-type":"","overlay-color":"","overlay-opacity":"","overlay-gradient":""}},"ast-content-background-meta":{"desktop":{"background-color":"var(--ast-global-color-5)","background-image":"","background-repeat":"repeat","background-position":"center center","background-size":"auto","background-attachment":"scroll","background-type":"","background-media":"","overlay-type":"","overlay-color":"","overlay-opacity":"","overlay-gradient":""},"tablet":{"background-color":"var(--ast-global-color-5)","background-image":"","background-repeat":"repeat","background-position":"center center","background-size":"auto","background-attachment":"scroll","background-type":"","background-media":"","overlay-type":"","overlay-color":"","overlay-opacity":"","overlay-gradient":""},"mobile":{"background-color":"var(--ast-global-color-5)","background-image":"","background-repeat":"repeat","background-position":"center center","background-size":"auto","background-attachment":"scroll","background-type":"","background-media":"","overlay-type":"","overlay-color":"","overlay-opacity":"","overlay-gradient":""}},"footnotes":""},"class_list":["post-2841","page","type-page","status-publish","hentry"],"post_mailing_queue_ids":[],"_links":{"self":[{"href":"https:\/\/agora.xtec.cat\/ceipjoanllongueras\/wp-json\/wp\/v2\/pages\/2841","targetHints":{"allow":["GET"]}}],"collection":[{"href":"https:\/\/agora.xtec.cat\/ceipjoanllongueras\/wp-json\/wp\/v2\/pages"}],"about":[{"href":"https:\/\/agora.xtec.cat\/ceipjoanllongueras\/wp-json\/wp\/v2\/types\/page"}],"author":[{"embeddable":true,"href":"https:\/\/agora.xtec.cat\/ceipjoanllongueras\/wp-json\/wp\/v2\/users\/1"}],"replies":[{"embeddable":true,"href":"https:\/\/agora.xtec.cat\/ceipjoanllongueras\/wp-json\/wp\/v2\/comments?post=2841"}],"version-history":[{"count":2,"href":"https:\/\/agora.xtec.cat\/ceipjoanllongueras\/wp-json\/wp\/v2\/pages\/2841\/revisions"}],"predecessor-version":[{"id":6776,"href":"https:\/\/agora.xtec.cat\/ceipjoanllongueras\/wp-json\/wp\/v2\/pages\/2841\/revisions\/6776"}],"up":[{"embeddable":true,"href":"https:\/\/agora.xtec.cat\/ceipjoanllongueras\/wp-json\/wp\/v2\/pages\/64"}],"wp:attachment":[{"href":"https:\/\/agora.xtec.cat\/ceipjoanllongueras\/wp-json\/wp\/v2\/media?parent=2841"}],"curies":[{"name":"wp","href":"https:\/\/api.w.org\/{rel}","templated":true}]}}