{"id":26,"date":"2014-09-18T12:24:32","date_gmt":"2014-09-18T11:24:32","guid":{"rendered":"http:\/\/agora.xtec.cat\/ceipjoanllongueras\/?page_id=26"},"modified":"2025-09-05T10:02:07","modified_gmt":"2025-09-05T08:02:07","slug":"historia","status":"publish","type":"page","link":"https:\/\/agora.xtec.cat\/ceipjoanllongueras\/lescola\/historia\/","title":{"rendered":"Hist\u00f2ria"},"content":{"rendered":"<div align=\"left\">\n<p align=\"justify\"><strong>L&#8217;escola<\/strong> rep del nom del m\u00fasic <a href=\"http:\/\/ca.wikipedia.org\/wiki\/Joan_Llongueres_i_Badia\">Joan Llongueres i Badia<\/a> (Barcelona, 6\/06\/1880&#8211;13\/10\/1953) fou un m\u00fasic, <a href=\"http:\/\/www.joanllongueres.com\/index_som.htm\">pedagog de la m\u00fasica <\/a>i poeta catal\u00e0.<\/p>\n<p>L&#8217;escola Joan Llongueras de la ciutat de Badalona est\u00e0 ubicat a l\u2019extrem Nord del\u00a0 barri de Sant Crist, al costat de la hist\u00f2rica masia de can Bof\u00ed Vell i en el l\u00edmit dels barris de Montigal\u00e0 i Montigal\u00e0 Batlloria i molt a prop del sector nord del barri de Nova Lloreda.<\/p>\n<\/div>\n<p align=\"left\">Actualment , Badalona te al voltant de<a href=\"http:\/\/badalona.cat\/portalWeb\/getfile?_nfpb=true&amp;_pageLabel=contingut_estatic&amp;dDocName=AJB023714&amp;dID=27201&amp;rendition=Web\"> 220.000<\/a> habitants. En relaci\u00f3 al lloc de naixement, la poblaci\u00f3 nascuda a Catalunya ja ocupa un alt percentatge la nascuda a Andalusia,\u00a0 Extremadura, les dues Castelles i M\u00farcia. Tamb\u00e9 cal destacar la segona onada migrat\u00f2ria procedent principalment d&#8217;am\u00e8rica central i del sud, nord del magrib i subsaharians aix\u00ed com de l&#8217;orient proper i lluny\u00e0 i d&#8217;europa comunit\u00e0ria.<\/p>\n<p align=\"left\"><strong>Barri de Sant Crist de Can Cabanyes<\/strong><\/p>\n<p align=\"left\">Situaci\u00f3 i l\u00edmits<br \/>\nEl barri de Sant Crist est\u00e0 situat\u00a0 per damunt de l\u2019 Autopista C31, ben b\u00e9,\u00a0 al centre geogr\u00e0fic del territori de Badalona. Ocupa una superf\u00edcie de 0\u2019241 km2, un 1% del territori de Badalona.\u00a0 Pertany\u00a0 al districte administratiu n\u00famero 2 , igual que els barris\u00a0 de Nova Lloreda i Sistrells.<\/p>\n<p align=\"left\">Per ponent, limita amb el barri de Nova Lloreda, fent\u00a0 de divis\u00f2ria la Rambla de Sant Joan;\u00a0 al\u00a0 llevant limita\u00a0 amb el barri de Montigal\u00e0 &#8211; Batlloria; la travessera i el parc de Montigal\u00e0 constitueixen el seu l\u00edmits pel Nord amb els seus barris ve\u00efns de Montigal\u00e0 &#8211; Batlloria i Montigal\u00e0 respectivament\u00a0 i l\u2019Autopista, A-19 forma el seu l\u00edmit pel Sud amb el barri de Coll i Pujol.<\/p>\n<p align=\"left\"><strong>El Relleu<\/strong><\/p>\n<p align=\"left\">El Barri de Sant Crist de Can Cabanyes es situa sobre el tur\u00f3 d\u2019en Peixau, relleu format degut a l\u2019erosi\u00f3 diferencial produ\u00efda pels corrents fluvials de la Riera de Sant Joan o de\u00a0 Sant Jeroni per la vessant de Ponent i pel Torrent\u00a0 Batlloria\u00a0 a la vessant de Llevant. Les dues rieres\u00a0 corren perpendicular a la l\u00ednia de costa i paral\u00b7leles entre si en direcci\u00f3\u00a0 muntanya &#8211; mar , fins que conflueixen per sota de la vessant\u00a0 Est, no molt lluny dels l\u00edmits del barri.<\/p>\n<p align=\"left\"><strong>Del\u00a0 paisatge rural al medi urb\u00e0 <\/strong><\/p>\n<p align=\"left\">Les parts m\u00e9s enlairades i pendents\u00a0 d\u2019aquest relleu ha estat\u00a0 aprofitat hist\u00f2ricament pel conreu\u00a0 de la vinya, l\u2019olivera, els garrofers i el\u00a0 blat i les parts m\u00e9s planeres i properes a les rieres destinades els conreus de regadiu.<\/p>\n<p align=\"left\">Les restes arqueol\u00f2giques i documentaci\u00f3 de la desapareguda Masia de can Peixau ( masia constru\u00efda sobre una vila romana) son vestigi\u00a0 d\u2019aquest\u00a0\u00a0 passat hist\u00f2ric m\u00e9s remot i les restes de la Masia de Can Bof\u00ed Vell\u00a0 i els horts, bassa, pou\u00a0 i edifici de la Masia de Can Cabanyes ,(masia que te adossada l\u2019ermita del Sant Crist )\u00a0\u00a0 del passat hist\u00f2ric mes recent.<\/p>\n<p align=\"left\">Amb el\u00a0 desenvolupament industrial de finals del segle XIX i dues primeres d\u00e8cades del XX s va comen\u00e7ar\u00a0 a canviar aquest paisatge rural a l\u2019iniciar-se la\u00a0 urbanitzaci\u00f3\u00a0 del medi, comen\u00e7ant per les parts mes baixes de les vessants de la riera de Sant Joan i la vessant de mar, amb la formaci\u00f3\u00a0 entre\u00a0 d\u2019 altres de trams de\u00a0 les actuals\u00a0 vies p\u00fabliques:\u00a0 Riera de Sant Joan; carrer Fortuny; ptge. Fortuny;\u00a0 carrer Casas i Amig\u00f3, Montserrat, G\u00f3ngora i part baixa d\u2019 \u00c0ngel Guimer\u00e0.<\/p>\n<p align=\"left\">Mostres d\u2019aquesta\u00a0 transformaci\u00f3 ho testimonien\u00a0 les tres cases de planta i pis de la Riera Sant Joan, a prop del Ptge. Fortuny, t\u00edpiques cases badalonines de la d\u00e8cada del noranta del s. XX , amb una de les dues finestres del pis \u201ccega\u201d . Tamb\u00e9 son testimoni de la primera fase d\u2019 urbanitzaci\u00f3 del barri,\u00a0\u00a0 les\u00a0\u00a0 cases de planta baixa o planta i pis del trams citats , la gran part d\u2019 elles de la d\u00e8cada dels anys vint, moltes com a segona resid\u00e8ncia de l\u2019 \u00e8poca\u00a0 \u201cvilles\u201d amb el t\u00edpic jard\u00ednet a l\u2019entrada. Alguna que altre casa de comen\u00e7ament dels anys 30 tancarien la primera fase de transformaci\u00f3 del paisatge rural.<\/p>\n<p align=\"left\">Els moviments migratoris\u00a0\u00a0 massius iniciats a la d\u00e8cada dels\u00a0 cinquanta, que van seguir als seixanta i van culminar a mitjans\u00a0 dels 70\u00a0 van transformar total i radicalment el medi. Primer amb els\u00a0 habitatges d\u2019autoconstrucci\u00f3, despr\u00e8s amb la construcci\u00f3 de vivendes plurifamiliars, moltes d\u2019elles\u00a0 sobre les runes\u00a0 de vivendes d\u2019 autoconstruci\u00f3\u00a0 donat el seu solar a canvi d\u2019un habitatge a\u00a0 l\u2019edifici constru\u00eft per un particular i per \u00faltim el blocs de pisos constru\u00efts per immobili\u00e0ries, es tracte d\u2019un urbanisme sense planificaci\u00f3, ni control i especulatiu , sobre tol en la seva \u00faltima modalitat, amb les corresponents mancances d\u2019estructures, serveis i equipaments.<\/p>\n<p><strong>La trama urbana<\/strong><\/p>\n<p align=\"left\">Les l\u00ednies del relleu determinen la seva trama urbana,\u00a0 el tra\u00e7at dels\u00a0 principals carrers\u00a0 son paral\u00b7lels\u00a0 als antics corrents d\u2019aigua i els secundaris son perpendiculars als anterior i a la direcci\u00f3 del pendent, resultant carrers molt pendents , fent impossible la circulaci\u00f3 rodada per molts\u00a0 d\u2019ells, fins i tot dif\u00edcil pels vianants, a no \u00e9sser per\u00a0 la construcci\u00f3\u00a0 d\u2019 escales. Aquests carrers secundaris no tenen continuaci\u00f3 d\u2019 un vessant\u00a0 a l\u2019altre, a excepci\u00f3 de l\u2019Avinguda Puigfred, situat a l\u2019extrem nord, vial de primer ordre a nivell local com part de la Ronda del Mig.<br \/>\nLa febre especuladora va desar pr\u00e0cticament sense espais lliures d\u2019 edificaci\u00f3 l\u2019interior del tramat urb\u00e0 del barri, tot el territori est\u00e0 ocupat per les edificacions\u00a0 i per l\u2019asfalt. els espais lliures d\u2019edificaci\u00f3 d\u2019 habitatges es troben a la part nord<\/p>\n<p>El pendent del relleu, la falta de planificaci\u00f3 urban\u00edstica, l\u2019 especulaci\u00f3 i la falta de qualitat en la construcci\u00f3, produeixen una visi\u00f3 ca\u00f2tica i deplorable del conjunt, sobre tot les parts de darrera dels habitatges vist des de juny, en especial la vessant de la riera de Sant Joan,<br \/>\nEl relleu, la falta de planificaci\u00f3 urban\u00edstica i l\u2019especulaci\u00f3 del s\u00f2l son els causants d\u2019una trama urban\u00edstica actual de les m\u00e9s problem\u00e0tiques, dif\u00edcils i desfavorides de Badalona.<\/p>\n<p align=\"left\">\u00a0<strong>La poblaci\u00f3<\/strong><\/p>\n<p align=\"left\">El<a href=\"http:\/\/badalona.cat\/portalWeb\/getfile?_nfpb=true&amp;_pageLabel=contingut_estatic&amp;dDocName=AJB023709&amp;dID=27196&amp;rendition=Web\"> barri <\/a>va arribar a tenir prop de\u00a0 15.000 habitants\u00a0\u00a0 a\u00a0 finals dels anys setanta,\u00a0 produint-se una davallada de la poblaci\u00f3 a partir dels inicis dels anys vuitanta com a tota la\u00a0 ciutat.\u00a0 Les dades del\u00a0 padr\u00f3 de 2010 xifren en\u00a0 10.515 el nombre d\u2019 habitants.<br \/>\nEl barri de Sant Crist \u00e9s un barri poblat en un percentatge alt per gent immigrada, procedent d&#8217; altres pa\u00efsos i Comunitats Aut\u00f2nomes.<\/p>\n<p align=\"left\"><strong>Entitats<\/strong><\/p>\n<p align=\"left\">Compta amb dues associacions de ve\u00efns, Sant Crist de Can Cabanyes i Sant Crist Nord.<\/p>\n<p align=\"left\"><strong>Equipaments i serveis<\/strong><\/p>\n<p align=\"left\">El barri compta amb dues escoles\u00a0d&#8217; Infantil i Prim\u00e0ria, Escola Joan Llongueras i Escola Llibertat,\u00a0<span style=\"font-family: inherit; font-size: 1em;\">\u00a0i una altra concertada, Col\u00b7legi Montserrat. Un Institut d\u2019Ensenyament Secundari, INS La Pineda . Tots\u00a0 tres centre p\u00fablics d\u2019ensenyament estan ubicats fora del nucli urb\u00e0 que forma el barri, el dos d\u2019 Infantil i Prim\u00e0ria junts i\u00a0 al Nord i el de Secundaria a l\u2019Est.<\/span><\/p>\n<p align=\"left\">Compta a un Casal d\u2019Avis, un Hostal, un camp de Futbol, dos polisportius, un de ells cobert i\u00a0 pistes de petanca.<\/p>\n<p align=\"left\">L&#8217;edifici escolar compta amb grans espais i diversos serveis per a complementar l&#8217;educaci\u00f3 integral i donar suport a les necessitats de les fam\u00edlies. Aules \u00e0mplies amb bona il\u00b7luminaci\u00f3. Biblioteca, audiovisuals, laboratori, gimn\u00e0s i menjador. L&#8217;exterior de l&#8217;edifici est\u00e0 complementat per tres espais de patis diferenciats amb pistes poliesportives i una zona boscosa amb diferents esp\u00e8cies.<\/p>\n","protected":false},"excerpt":{"rendered":"<p>L&#8217;escola rep del nom del m\u00fasic Joan Llongueres i Badia (Barcelona, 6\/06\/1880&#8211;13\/10\/1953) fou un m\u00fasic, pedagog de la m\u00fasica i [&hellip;]<\/p>\n","protected":false},"author":1,"featured_media":0,"parent":22,"menu_order":2,"comment_status":"closed","ping_status":"closed","template":"","meta":{"_bbp_topic_count":0,"_bbp_reply_count":0,"_bbp_total_topic_count":0,"_bbp_total_reply_count":0,"_bbp_voice_count":0,"_bbp_anonymous_reply_count":0,"_bbp_topic_count_hidden":0,"_bbp_reply_count_hidden":0,"_bbp_forum_subforum_count":0,"site-sidebar-layout":"default","site-content-layout":"","ast-site-content-layout":"default","site-content-style":"default","site-sidebar-style":"default","ast-global-header-display":"","ast-banner-title-visibility":"","ast-main-header-display":"","ast-hfb-above-header-display":"","ast-hfb-below-header-display":"","ast-hfb-mobile-header-display":"","site-post-title":"","ast-breadcrumbs-content":"","ast-featured-img":"","footer-sml-layout":"","theme-transparent-header-meta":"default","adv-header-id-meta":"","stick-header-meta":"","header-above-stick-meta":"","header-main-stick-meta":"","header-below-stick-meta":"","astra-migrate-meta-layouts":"set","ast-page-background-enabled":"default","ast-page-background-meta":{"desktop":{"background-color":"var(--ast-global-color-4)","background-image":"","background-repeat":"repeat","background-position":"center center","background-size":"auto","background-attachment":"scroll","background-type":"","background-media":"","overlay-type":"","overlay-color":"","overlay-opacity":"","overlay-gradient":""},"tablet":{"background-color":"","background-image":"","background-repeat":"repeat","background-position":"center center","background-size":"auto","background-attachment":"scroll","background-type":"","background-media":"","overlay-type":"","overlay-color":"","overlay-opacity":"","overlay-gradient":""},"mobile":{"background-color":"","background-image":"","background-repeat":"repeat","background-position":"center center","background-size":"auto","background-attachment":"scroll","background-type":"","background-media":"","overlay-type":"","overlay-color":"","overlay-opacity":"","overlay-gradient":""}},"ast-content-background-meta":{"desktop":{"background-color":"var(--ast-global-color-5)","background-image":"","background-repeat":"repeat","background-position":"center center","background-size":"auto","background-attachment":"scroll","background-type":"","background-media":"","overlay-type":"","overlay-color":"","overlay-opacity":"","overlay-gradient":""},"tablet":{"background-color":"var(--ast-global-color-5)","background-image":"","background-repeat":"repeat","background-position":"center center","background-size":"auto","background-attachment":"scroll","background-type":"","background-media":"","overlay-type":"","overlay-color":"","overlay-opacity":"","overlay-gradient":""},"mobile":{"background-color":"var(--ast-global-color-5)","background-image":"","background-repeat":"repeat","background-position":"center center","background-size":"auto","background-attachment":"scroll","background-type":"","background-media":"","overlay-type":"","overlay-color":"","overlay-opacity":"","overlay-gradient":""}},"footnotes":""},"class_list":["post-26","page","type-page","status-publish","hentry"],"post_mailing_queue_ids":[],"_links":{"self":[{"href":"https:\/\/agora.xtec.cat\/ceipjoanllongueras\/wp-json\/wp\/v2\/pages\/26","targetHints":{"allow":["GET"]}}],"collection":[{"href":"https:\/\/agora.xtec.cat\/ceipjoanllongueras\/wp-json\/wp\/v2\/pages"}],"about":[{"href":"https:\/\/agora.xtec.cat\/ceipjoanllongueras\/wp-json\/wp\/v2\/types\/page"}],"author":[{"embeddable":true,"href":"https:\/\/agora.xtec.cat\/ceipjoanllongueras\/wp-json\/wp\/v2\/users\/1"}],"replies":[{"embeddable":true,"href":"https:\/\/agora.xtec.cat\/ceipjoanllongueras\/wp-json\/wp\/v2\/comments?post=26"}],"version-history":[{"count":5,"href":"https:\/\/agora.xtec.cat\/ceipjoanllongueras\/wp-json\/wp\/v2\/pages\/26\/revisions"}],"predecessor-version":[{"id":7000,"href":"https:\/\/agora.xtec.cat\/ceipjoanllongueras\/wp-json\/wp\/v2\/pages\/26\/revisions\/7000"}],"up":[{"embeddable":true,"href":"https:\/\/agora.xtec.cat\/ceipjoanllongueras\/wp-json\/wp\/v2\/pages\/22"}],"wp:attachment":[{"href":"https:\/\/agora.xtec.cat\/ceipjoanllongueras\/wp-json\/wp\/v2\/media?parent=26"}],"curies":[{"name":"wp","href":"https:\/\/api.w.org\/{rel}","templated":true}]}}