{"id":2184,"date":"2016-11-23T22:47:37","date_gmt":"2016-11-23T21:47:37","guid":{"rendered":"http:\/\/agora.xtec.cat\/ceipjoanllongueras\/?page_id=2184"},"modified":"2023-11-29T13:41:24","modified_gmt":"2023-11-29T12:41:24","slug":"documents","status":"publish","type":"page","link":"https:\/\/agora.xtec.cat\/ceipjoanllongueras\/documents\/","title":{"rendered":"DOCUMENTS"},"content":{"rendered":"<h1><iframe loading=\"lazy\" src=\"\/\/v.calameo.com\/library\/?type=account&amp;id=508047&amp;rows=1&amp;sortBy=latestPublished&amp;theme=wood&amp;bgColor=&amp;thumbSize=large&amp;showTitle=true&amp;showShadow=true&amp;showGloss=true&amp;showInfo=account&amp;linkTo=view&amp;linkTarget=_blank\" width=\"100%\" height=\"240\" frameborder=\"0\"><\/iframe><\/h1>\n<div style=\"text-align: left;\">\n<div style=\"margin: 8px 0px 4px;\">\n<p>&nbsp;<\/p>\n<h1 class=\"entry-title\" style=\"text-align: left;\">Projecte educatiu -PEC<\/h1>\n<p><a href=\"https:\/\/agora.xtec.cat\/ceipjoanllongueras\/wp-content\/uploads\/usu814\/2019\/02\/PEC-Esc-Joan-Llongueras.pdf\">PEC Esc Joan Llongueras<\/a><\/p>\n<h3 class=\"entry-title\">Projecte Ling\u00fc\u00edstic<\/h3>\n<p><a href=\"https:\/\/agora.xtec.cat\/ceipjoanllongueras\/wp-content\/uploads\/usu814\/2019\/02\/projecte-lingusitic-2016.pdf\">projecte ling\u00fc\u00edstic 2016<\/a><\/p>\n<h4><strong>Carta\u00a0 de comprom\u00eds educatiu<\/strong><\/h4>\n<p>Veure la p\u00e0gina del comprom\u00eds educatiu<\/p>\n<h3>PLA TAC<\/h3>\n<p><a href=\"https:\/\/agora.xtec.cat\/ceipjoanllongueras\/wp-content\/uploads\/usu814\/2019\/02\/PLA-TAC-Joan-Llongueras.pdf\">PLA TAC Joan Llongueras<\/a><\/p>\n<p>&nbsp;<\/p>\n<div>\n<p>Mostra de treball seq\u00fcenciat a l&#8217;aula.<\/p>\n<p>&nbsp;<\/p>\n<p><a href=\"https:\/\/agora.xtec.cat\/ceipjoanllongueras\/wp-content\/uploads\/usu814\/2019\/02\/Programaci\u00f3-ambient-de-matem\u00e0tiques-i-construccions-2018-19.pdf\">Programaci\u00f3 ambient de matem\u00e0tiques i construccions <\/a><\/p>\n<p><a href=\"https:\/\/agora.xtec.cat\/ceipjoanllongueras\/wp-content\/uploads\/usu814\/2019\/03\/RACONS-CICLE-INICAL-18-19-tot.pdf\">RACONS CICLE INICAL <\/a><\/p>\n<\/div>\n<div>\n<p>&nbsp;<\/p>\n<p>&nbsp;<\/p>\n<\/div>\n<\/div>\n<\/div>\n","protected":false},"excerpt":{"rendered":"<p>&nbsp; Projecte educatiu -PEC PEC Esc Joan Llongueras Projecte Ling\u00fc\u00edstic projecte ling\u00fc\u00edstic 2016 Carta\u00a0 de comprom\u00eds educatiu Veure la p\u00e0gina [&hellip;]<\/p>\n","protected":false},"author":1,"featured_media":0,"parent":0,"menu_order":0,"comment_status":"closed","ping_status":"closed","template":"page-templates\/side-menu.php","meta":{"_bbp_topic_count":0,"_bbp_reply_count":0,"_bbp_total_topic_count":0,"_bbp_total_reply_count":0,"_bbp_voice_count":0,"_bbp_anonymous_reply_count":0,"_bbp_topic_count_hidden":0,"_bbp_reply_count_hidden":0,"_bbp_forum_subforum_count":0,"site-sidebar-layout":"default","site-content-layout":"","ast-site-content-layout":"","site-content-style":"default","site-sidebar-style":"default","ast-global-header-display":"","ast-banner-title-visibility":"","ast-main-header-display":"","ast-hfb-above-header-display":"","ast-hfb-below-header-display":"","ast-hfb-mobile-header-display":"","site-post-title":"","ast-breadcrumbs-content":"","ast-featured-img":"","footer-sml-layout":"","theme-transparent-header-meta":"","adv-header-id-meta":"","stick-header-meta":"","header-above-stick-meta":"","header-main-stick-meta":"","header-below-stick-meta":"","astra-migrate-meta-layouts":"default","ast-page-background-enabled":"default","ast-page-background-meta":{"desktop":{"background-color":"var(--ast-global-color-4)","background-image":"","background-repeat":"repeat","background-position":"center center","background-size":"auto","background-attachment":"scroll","background-type":"","background-media":"","overlay-type":"","overlay-color":"","overlay-opacity":"","overlay-gradient":""},"tablet":{"background-color":"","background-image":"","background-repeat":"repeat","background-position":"center center","background-size":"auto","background-attachment":"scroll","background-type":"","background-media":"","overlay-type":"","overlay-color":"","overlay-opacity":"","overlay-gradient":""},"mobile":{"background-color":"","background-image":"","background-repeat":"repeat","background-position":"center center","background-size":"auto","background-attachment":"scroll","background-type":"","background-media":"","overlay-type":"","overlay-color":"","overlay-opacity":"","overlay-gradient":""}},"ast-content-background-meta":{"desktop":{"background-color":"var(--ast-global-color-5)","background-image":"","background-repeat":"repeat","background-position":"center center","background-size":"auto","background-attachment":"scroll","background-type":"","background-media":"","overlay-type":"","overlay-color":"","overlay-opacity":"","overlay-gradient":""},"tablet":{"background-color":"var(--ast-global-color-5)","background-image":"","background-repeat":"repeat","background-position":"center center","background-size":"auto","background-attachment":"scroll","background-type":"","background-media":"","overlay-type":"","overlay-color":"","overlay-opacity":"","overlay-gradient":""},"mobile":{"background-color":"var(--ast-global-color-5)","background-image":"","background-repeat":"repeat","background-position":"center center","background-size":"auto","background-attachment":"scroll","background-type":"","background-media":"","overlay-type":"","overlay-color":"","overlay-opacity":"","overlay-gradient":""}},"footnotes":""},"class_list":["post-2184","page","type-page","status-publish","hentry"],"post_mailing_queue_ids":[],"_links":{"self":[{"href":"https:\/\/agora.xtec.cat\/ceipjoanllongueras\/wp-json\/wp\/v2\/pages\/2184","targetHints":{"allow":["GET"]}}],"collection":[{"href":"https:\/\/agora.xtec.cat\/ceipjoanllongueras\/wp-json\/wp\/v2\/pages"}],"about":[{"href":"https:\/\/agora.xtec.cat\/ceipjoanllongueras\/wp-json\/wp\/v2\/types\/page"}],"author":[{"embeddable":true,"href":"https:\/\/agora.xtec.cat\/ceipjoanllongueras\/wp-json\/wp\/v2\/users\/1"}],"replies":[{"embeddable":true,"href":"https:\/\/agora.xtec.cat\/ceipjoanllongueras\/wp-json\/wp\/v2\/comments?post=2184"}],"version-history":[{"count":4,"href":"https:\/\/agora.xtec.cat\/ceipjoanllongueras\/wp-json\/wp\/v2\/pages\/2184\/revisions"}],"predecessor-version":[{"id":4484,"href":"https:\/\/agora.xtec.cat\/ceipjoanllongueras\/wp-json\/wp\/v2\/pages\/2184\/revisions\/4484"}],"wp:attachment":[{"href":"https:\/\/agora.xtec.cat\/ceipjoanllongueras\/wp-json\/wp\/v2\/media?parent=2184"}],"curies":[{"name":"wp","href":"https:\/\/api.w.org\/{rel}","templated":true}]}}