{"id":2041,"date":"2016-08-22T16:53:49","date_gmt":"2016-08-22T15:53:49","guid":{"rendered":"http:\/\/agora.xtec.cat\/ceipjoanllongueras\/?page_id=2041"},"modified":"2025-02-10T12:09:47","modified_gmt":"2025-02-10T11:09:47","slug":"apadrinament-lector","status":"publish","type":"page","link":"https:\/\/agora.xtec.cat\/ceipjoanllongueras\/projecte-educatiu\/apadrinament-lector\/","title":{"rendered":"Apadrinament lector"},"content":{"rendered":"<p align=\"left\">\n<p align=\"left\">L<a href=\"http:\/\/agora.xtec.cat\/ceipjoanllongueras\/wp-content\/uploads\/usu814\/2016\/08\/chicos-y-libros.jpeg\"><img loading=\"lazy\" decoding=\"async\" class=\"alignleft wp-image-2055\" src=\"http:\/\/agora.xtec.cat\/ceipjoanllongueras\/wp-content\/uploads\/usu814\/2016\/08\/chicos-y-libros-150x150.jpeg\" alt=\"chicos-y-libros\" width=\"194\" height=\"194\" \/><\/a>&#8216; apadrinament lector \u00e9s una activitat cooperativa que es realitza en parelles formades per alumnes de cinqu\u00e8 que fan de padrins de lectura a alumnes d&#8217;EI-5 i, amb una continu\u00eftat de dos cursos, l&#8217;alumnat de sis\u00e8 fa apadrinament a alumnes de primer de prim\u00e0ria .<\/p>\n<p align=\"left\">Un dels grans objectius \u00e9s cooperar amb el seu fillol o fillola durant el seu aprenentatge de la lectura; fent-li de model lector, ajudant\u00a0amb les paraules de m\u00e9s dificultat, preguntant-li sobre el que hem vist o llegit, aclarint els seus dubtes, donant exemple amb el seu comportament, afavorint un clima propici per a la lectura.<\/p>\n<p align=\"left\">\u00c9s un dels moments m\u00e9s esperats de la setmana per a tot l&#8217;alumnat que hi participa. A part de la millora de l&#8217;aprenentatge en la lectura, aquesta activitat ens ajuda a assolir tots aquells objectius que ens proposem per a la millora de la conviv\u00e8ncia.<\/p>\n<p align=\"left\"><strong><span class=\"large\">Objectius generals de l&#8217;activitat<\/span><\/strong><\/p>\n<ul>\n<li>Donar un valor afegit a la lectura, perqu\u00e8 va acompanyada d&#8217;una relaci\u00f3 personal.<\/li>\n<li>Afavorir l&#8217;educaci\u00f3 en el respecte com a persones entre companys i companyes de diferents edats.<\/li>\n<li>Millorar la capacitat lectora dels alumnes.<\/li>\n<li>Aplicar estrat\u00e8gies d&#8217;aprenentatge cooperatiu.<\/li>\n<li>Guiar l&#8217;activitat lectora d&#8217;un alumne m\u00e9s expert\u00a0(cicle superior), a alumnes de cicle inicial.<\/li>\n<li>Establir relacions de coneixement mutu entre alumnes.<\/li>\n<li>Acceptar la diversitat.<\/li>\n<li>Motivar el gust per la lectura.<\/li>\n<li>Crear lligams afectius entre l&#8217;alumnat.<\/li>\n<li>Fer cr\u00e9ixer l&#8217;autoestima, prenent consci\u00e8ncia que poden ajudar els altres.<\/li>\n<li>Reviure la seva pr\u00f2pia estada als cicles inferiors.<\/li>\n<li>Recordar el que han deixat enrere i, en definitiva, fer-los sentir grans.<\/li>\n<\/ul>\n","protected":false},"excerpt":{"rendered":"<p>L&#8216; apadrinament lector \u00e9s una activitat cooperativa que es realitza en parelles formades per alumnes de cinqu\u00e8 que fan de [&hellip;]<\/p>\n","protected":false},"author":1,"featured_media":0,"parent":64,"menu_order":2,"comment_status":"closed","ping_status":"closed","template":"","meta":{"_bbp_topic_count":0,"_bbp_reply_count":0,"_bbp_total_topic_count":0,"_bbp_total_reply_count":0,"_bbp_voice_count":0,"_bbp_anonymous_reply_count":0,"_bbp_topic_count_hidden":0,"_bbp_reply_count_hidden":0,"_bbp_forum_subforum_count":0,"site-sidebar-layout":"default","site-content-layout":"","ast-site-content-layout":"default","site-content-style":"default","site-sidebar-style":"default","ast-global-header-display":"","ast-banner-title-visibility":"","ast-main-header-display":"","ast-hfb-above-header-display":"","ast-hfb-below-header-display":"","ast-hfb-mobile-header-display":"","site-post-title":"","ast-breadcrumbs-content":"","ast-featured-img":"","footer-sml-layout":"","theme-transparent-header-meta":"default","adv-header-id-meta":"","stick-header-meta":"","header-above-stick-meta":"","header-main-stick-meta":"","header-below-stick-meta":"","astra-migrate-meta-layouts":"set","ast-page-background-enabled":"default","ast-page-background-meta":{"desktop":{"background-color":"var(--ast-global-color-4)","background-image":"","background-repeat":"repeat","background-position":"center center","background-size":"auto","background-attachment":"scroll","background-type":"","background-media":"","overlay-type":"","overlay-color":"","overlay-opacity":"","overlay-gradient":""},"tablet":{"background-color":"","background-image":"","background-repeat":"repeat","background-position":"center center","background-size":"auto","background-attachment":"scroll","background-type":"","background-media":"","overlay-type":"","overlay-color":"","overlay-opacity":"","overlay-gradient":""},"mobile":{"background-color":"","background-image":"","background-repeat":"repeat","background-position":"center center","background-size":"auto","background-attachment":"scroll","background-type":"","background-media":"","overlay-type":"","overlay-color":"","overlay-opacity":"","overlay-gradient":""}},"ast-content-background-meta":{"desktop":{"background-color":"var(--ast-global-color-5)","background-image":"","background-repeat":"repeat","background-position":"center center","background-size":"auto","background-attachment":"scroll","background-type":"","background-media":"","overlay-type":"","overlay-color":"","overlay-opacity":"","overlay-gradient":""},"tablet":{"background-color":"var(--ast-global-color-5)","background-image":"","background-repeat":"repeat","background-position":"center center","background-size":"auto","background-attachment":"scroll","background-type":"","background-media":"","overlay-type":"","overlay-color":"","overlay-opacity":"","overlay-gradient":""},"mobile":{"background-color":"var(--ast-global-color-5)","background-image":"","background-repeat":"repeat","background-position":"center center","background-size":"auto","background-attachment":"scroll","background-type":"","background-media":"","overlay-type":"","overlay-color":"","overlay-opacity":"","overlay-gradient":""}},"footnotes":""},"class_list":["post-2041","page","type-page","status-publish","hentry"],"post_mailing_queue_ids":[],"_links":{"self":[{"href":"https:\/\/agora.xtec.cat\/ceipjoanllongueras\/wp-json\/wp\/v2\/pages\/2041","targetHints":{"allow":["GET"]}}],"collection":[{"href":"https:\/\/agora.xtec.cat\/ceipjoanllongueras\/wp-json\/wp\/v2\/pages"}],"about":[{"href":"https:\/\/agora.xtec.cat\/ceipjoanllongueras\/wp-json\/wp\/v2\/types\/page"}],"author":[{"embeddable":true,"href":"https:\/\/agora.xtec.cat\/ceipjoanllongueras\/wp-json\/wp\/v2\/users\/1"}],"replies":[{"embeddable":true,"href":"https:\/\/agora.xtec.cat\/ceipjoanllongueras\/wp-json\/wp\/v2\/comments?post=2041"}],"version-history":[{"count":7,"href":"https:\/\/agora.xtec.cat\/ceipjoanllongueras\/wp-json\/wp\/v2\/pages\/2041\/revisions"}],"predecessor-version":[{"id":6775,"href":"https:\/\/agora.xtec.cat\/ceipjoanllongueras\/wp-json\/wp\/v2\/pages\/2041\/revisions\/6775"}],"up":[{"embeddable":true,"href":"https:\/\/agora.xtec.cat\/ceipjoanllongueras\/wp-json\/wp\/v2\/pages\/64"}],"wp:attachment":[{"href":"https:\/\/agora.xtec.cat\/ceipjoanllongueras\/wp-json\/wp\/v2\/media?parent=2041"}],"curies":[{"name":"wp","href":"https:\/\/api.w.org\/{rel}","templated":true}]}}