{"id":73,"date":"2014-09-18T14:01:51","date_gmt":"2014-09-18T13:01:51","guid":{"rendered":"http:\/\/agora.xtec.cat\/ceipjoandepala\/?page_id=73"},"modified":"2023-04-03T00:11:18","modified_gmt":"2023-04-02T22:11:18","slug":"menjador-escolar","status":"publish","type":"page","link":"https:\/\/agora.xtec.cat\/ceipjoandepala\/serveis\/menjador-escolar\/","title":{"rendered":"Menjador escolar"},"content":{"rendered":"<p>L&#8217;escola disposa de servei menjador gestionat pel Consell Comarcal del Bages amb l&#8217;empresa de c\u00e0tering: Ausolan Catalunya de 13 a 15h de dilluns a divendres. El funcionament del menjador queda emmarcat en un pla d\u2019\u00fas que s\u2019aprova des dels Serveis Territorials a la Catalunya Central.<\/p>\n<p>Com a centre volem oferir un servei de menjador amb productes de proximitat i org\u00e0nics, un men\u00fa equilibrat i saludable. Un c\u00e0tering que dona resposta a tots els requeriments nutricionals per a un correcte desenvolupament de l&#8217;Infant, on s&#8217;introdueixen de forma progressiva nous productes i textures per enriquir la diversitat d&#8217;aliments. Tenint l&#8217;opci\u00f3 d&#8217;adaptar el men\u00fa a aquelles necessitats aliment\u00e0ries espec\u00edfiques que es puguin presentar (intoler\u00e0ncies, al\u00b7l\u00e8rgies o cel\u00edaques).<\/p>\n<p>L&#8217;empresa proporciona la mat\u00e8ria primera i el monitoratge al centre. S&#8217;ocupa de gestionar i mantenir les instal\u00b7lacions a punt i netes, i d&#8217;organitzar les activitats de lleure durant el migdia amb un projecte educatiu consolidat. Es porten a terme activitats que promoguin els bons h\u00e0bits higi\u00e8nics tant a l&#8217;hora d&#8217;esbarjo com a dins del menjador.<\/p>\n<p>La compra de tiquets es fa mitjan\u00e7ant una aplicaci\u00f3 al m\u00f2bil, moneder virtual, i cal fer-la\u00a0 abans de les 9h del mat\u00ed. El preu del tiquet menjador \u00e9s de 6,19 \u20ac (hi ha la possibilitat de demanar beca de menjador en fer la matr\u00edcula).<\/p>\n<p>Podeu accedir a l&#8217;aplicatiu mitjan\u00e7ant <a href=\"https:\/\/comocomen.com\/__ausolan834\/padres\/\">l&#8217;enlla\u00e7<\/a>.<\/p>\n<p>Aqu\u00ed teniu el men\u00fa del mes d&#8217;abril:<\/p>\n<p><img loading=\"lazy\" decoding=\"async\" class=\"aligncenter size-large wp-image-1429\" src=\"https:\/\/agora.xtec.cat\/ceipjoandepala\/wp-content\/uploads\/usu1892\/2023\/04\/Menu-abril-2023-1024x725.jpg\" alt=\"\" width=\"1024\" height=\"725\" srcset=\"https:\/\/agora.xtec.cat\/ceipjoandepala\/wp-content\/uploads\/usu1892\/2023\/04\/Menu-abril-2023-1024x725.jpg 1024w, https:\/\/agora.xtec.cat\/ceipjoandepala\/wp-content\/uploads\/usu1892\/2023\/04\/Menu-abril-2023-300x212.jpg 300w, https:\/\/agora.xtec.cat\/ceipjoandepala\/wp-content\/uploads\/usu1892\/2023\/04\/Menu-abril-2023-768x543.jpg 768w, https:\/\/agora.xtec.cat\/ceipjoandepala\/wp-content\/uploads\/usu1892\/2023\/04\/Menu-abril-2023-1536x1087.jpg 1536w, https:\/\/agora.xtec.cat\/ceipjoandepala\/wp-content\/uploads\/usu1892\/2023\/04\/Menu-abril-2023.jpg 1754w\" sizes=\"auto, (max-width: 1024px) 100vw, 1024px\" \/><\/p>\n","protected":false},"excerpt":{"rendered":"<p>L&#8217;escola disposa de servei menjador gestionat pel Consell Comarcal del Bages amb l&#8217;empresa de c\u00e0tering: Ausolan Catalunya de 13 a 15h de dilluns a divendres. El funcionament del menjador queda emmarcat en un pla d\u2019\u00fas que s\u2019aprova des dels Serveis Territorials a la Catalunya Central.<br \/>\nCom&hellip;  <a href=\"https:\/\/agora.xtec.cat\/ceipjoandepala\/serveis\/menjador-escolar\/\" title=\"Read Menjador escolar\">Llegeix m\u00e9s\u00bb<\/a><\/p>\n","protected":false},"author":1,"featured_media":0,"parent":66,"menu_order":30,"comment_status":"closed","ping_status":"closed","template":"page-templates\/side-menu.php","meta":{"_bbp_topic_count":0,"_bbp_reply_count":0,"_bbp_total_topic_count":0,"_bbp_total_reply_count":0,"_bbp_voice_count":0,"_bbp_anonymous_reply_count":0,"_bbp_topic_count_hidden":0,"_bbp_reply_count_hidden":0,"_bbp_forum_subforum_count":0,"footnotes":""},"class_list":["post-73","page","type-page","status-publish","hentry"],"post_mailing_queue_ids":[],"_links":{"self":[{"href":"https:\/\/agora.xtec.cat\/ceipjoandepala\/wp-json\/wp\/v2\/pages\/73","targetHints":{"allow":["GET"]}}],"collection":[{"href":"https:\/\/agora.xtec.cat\/ceipjoandepala\/wp-json\/wp\/v2\/pages"}],"about":[{"href":"https:\/\/agora.xtec.cat\/ceipjoandepala\/wp-json\/wp\/v2\/types\/page"}],"author":[{"embeddable":true,"href":"https:\/\/agora.xtec.cat\/ceipjoandepala\/wp-json\/wp\/v2\/users\/1"}],"replies":[{"embeddable":true,"href":"https:\/\/agora.xtec.cat\/ceipjoandepala\/wp-json\/wp\/v2\/comments?post=73"}],"version-history":[{"count":4,"href":"https:\/\/agora.xtec.cat\/ceipjoandepala\/wp-json\/wp\/v2\/pages\/73\/revisions"}],"predecessor-version":[{"id":1433,"href":"https:\/\/agora.xtec.cat\/ceipjoandepala\/wp-json\/wp\/v2\/pages\/73\/revisions\/1433"}],"up":[{"embeddable":true,"href":"https:\/\/agora.xtec.cat\/ceipjoandepala\/wp-json\/wp\/v2\/pages\/66"}],"wp:attachment":[{"href":"https:\/\/agora.xtec.cat\/ceipjoandepala\/wp-json\/wp\/v2\/media?parent=73"}],"curies":[{"name":"wp","href":"https:\/\/api.w.org\/{rel}","templated":true}]}}