{"id":34,"date":"2014-09-18T12:32:18","date_gmt":"2014-09-18T11:32:18","guid":{"rendered":"http:\/\/agora.xtec.cat\/ceipjoandepala\/?page_id=34"},"modified":"2023-02-10T17:44:40","modified_gmt":"2023-02-10T16:44:40","slug":"oferta-educativa","status":"publish","type":"page","link":"https:\/\/agora.xtec.cat\/ceipjoandepala\/lescola\/oferta-educativa\/","title":{"rendered":"Oferta educativa"},"content":{"rendered":"<p>L\u2019escola Joan de Pal\u00e0 \u00e9s una escola d\u2019Educaci\u00f3 Infantil i Prim\u00e0ria que at\u00e9n als infants dels 3 als 12 anys.<\/p>\n<p>L\u2019escola ofereix el segon cicle d&#8217;Educaci\u00f3 Infantil i Educaci\u00f3 Prim\u00e0ria en unitats d\u2019organitzaci\u00f3 i agrupaments de professors i d\u2019alumnes dividits en quatre cicles, amb un sistema de mutligrau:<\/p>\n<ul>\n<li>Educaci\u00f3 infantil: constitu\u00efda per infants de 3 a 6 anys, i3,i4 i i5.<\/li>\n<li>Cicle Inicial: constitu\u00efda per infants de 6 a 8 anys, 1r i 2n<\/li>\n<li>Cicle Mitj\u00e0: constitu\u00eft per infants de 8 a 10 anys, 3r i 4t<\/li>\n<li>Cicle superior : constitu\u00eft per infants de 10 a 12 anys, 5\u00e8, 6\u00e8.<\/li>\n<\/ul>\n<p>* Els agrupaments poden variar segons el nombre d&#8217;alumnes escolaritzats \u00a0i l&#8217;atenci\u00f3 a la diversitat.<\/p>\n","protected":false},"excerpt":{"rendered":"<p>L\u2019escola Joan de Pal\u00e0 \u00e9s una escola d\u2019Educaci\u00f3 Infantil i Prim\u00e0ria que at\u00e9n als infants dels 3 als 12 anys.<br \/>\nL\u2019escola ofereix el segon cicle d&#8217;Educaci\u00f3 Infantil i Educaci\u00f3 Prim\u00e0ria en unitats d\u2019organitzaci\u00f3 i agrupaments de professors i d\u2019alumnes dividits en quatre cicles, amb un sistema&hellip;  <a href=\"https:\/\/agora.xtec.cat\/ceipjoandepala\/lescola\/oferta-educativa\/\" title=\"Read Oferta educativa\">Llegeix m\u00e9s\u00bb<\/a><\/p>\n","protected":false},"author":1,"featured_media":0,"parent":22,"menu_order":60,"comment_status":"closed","ping_status":"closed","template":"page-templates\/side-menu.php","meta":{"_bbp_topic_count":0,"_bbp_reply_count":0,"_bbp_total_topic_count":0,"_bbp_total_reply_count":0,"_bbp_voice_count":0,"_bbp_anonymous_reply_count":0,"_bbp_topic_count_hidden":0,"_bbp_reply_count_hidden":0,"_bbp_forum_subforum_count":0,"footnotes":""},"class_list":["post-34","page","type-page","status-publish","hentry"],"post_mailing_queue_ids":[],"_links":{"self":[{"href":"https:\/\/agora.xtec.cat\/ceipjoandepala\/wp-json\/wp\/v2\/pages\/34","targetHints":{"allow":["GET"]}}],"collection":[{"href":"https:\/\/agora.xtec.cat\/ceipjoandepala\/wp-json\/wp\/v2\/pages"}],"about":[{"href":"https:\/\/agora.xtec.cat\/ceipjoandepala\/wp-json\/wp\/v2\/types\/page"}],"author":[{"embeddable":true,"href":"https:\/\/agora.xtec.cat\/ceipjoandepala\/wp-json\/wp\/v2\/users\/1"}],"replies":[{"embeddable":true,"href":"https:\/\/agora.xtec.cat\/ceipjoandepala\/wp-json\/wp\/v2\/comments?post=34"}],"version-history":[{"count":3,"href":"https:\/\/agora.xtec.cat\/ceipjoandepala\/wp-json\/wp\/v2\/pages\/34\/revisions"}],"predecessor-version":[{"id":1404,"href":"https:\/\/agora.xtec.cat\/ceipjoandepala\/wp-json\/wp\/v2\/pages\/34\/revisions\/1404"}],"up":[{"embeddable":true,"href":"https:\/\/agora.xtec.cat\/ceipjoandepala\/wp-json\/wp\/v2\/pages\/22"}],"wp:attachment":[{"href":"https:\/\/agora.xtec.cat\/ceipjoandepala\/wp-json\/wp\/v2\/media?parent=34"}],"curies":[{"name":"wp","href":"https:\/\/api.w.org\/{rel}","templated":true}]}}