{"id":26,"date":"2014-09-18T12:24:32","date_gmt":"2014-09-18T11:24:32","guid":{"rendered":"http:\/\/agora.xtec.cat\/ceipjoandepala\/?page_id=26"},"modified":"2023-02-10T17:47:32","modified_gmt":"2023-02-10T16:47:32","slug":"historia","status":"publish","type":"page","link":"https:\/\/agora.xtec.cat\/ceipjoandepala\/lescola\/historia\/","title":{"rendered":"Hist\u00f2ria"},"content":{"rendered":"<div class=\"box generalbox center clearfix\">\n<div class=\"no-overflow\">\n<p>L&#8217;Escola Joan de Pal\u00e0 de la Coromina va ser inaugurada el 20 de maig del 1986 i estrenada pels nens i les nenes el 19 de setembre del mateix any. L&#8217;edifici de l&#8217;exterior \u00e9s d&#8217;obra vista, est\u00e0 orientat a l&#8217;est i t\u00e9 obertures per totes bandes. Consta de dues plantes que es comuniquen per una escala interior i tenen tamb\u00e9 entrades independents.<\/p>\n<p>L&#8217;estructura de la nostra escola \u00e9s c\u00edclica a l&#8217;etapa de prim\u00e0ria i el cicle inicial amb l&#8217;\u00faltim curs d&#8217;educaci\u00f3 infantil estan barrejats amb 3 mestres tutors\/es: una tutoria d&#8217;educaci\u00f3 infantil + CI, una altra de CM i finalment\u00a0 una de CS.<\/p>\n<p>El nostre centre forma part de la ZER El Cardener. Per aquest motiu, tenim tres mestres i mig itinerants compartits amb l&#8217;escola Sant Esteve de Valls de Torroella que s\u00f3n l&#8217;especialista d&#8217;angl\u00e8s, el de m\u00fasica, el d&#8217;educaci\u00f3 f\u00edsica i mitja jornada d&#8217;educaci\u00f3 especial. A m\u00e9s, comptem amb un mestre de religi\u00f3\/valors i una psic\u00f2loga de l&#8217;EAP.<\/p>\n<\/div>\n<\/div>\n<div class=\"modified\"><\/div>\n","protected":false},"excerpt":{"rendered":"<p>L&#8217;Escola Joan de Pal\u00e0 de la Coromina va ser inaugurada el 20 de maig del 1986 i estrenada pels nens i les nenes el 19 de setembre del mateix any. L&#8217;edifici de l&#8217;exterior \u00e9s d&#8217;obra vista, est\u00e0 orientat a l&#8217;est i t\u00e9 obertures per totes&hellip;  <a href=\"https:\/\/agora.xtec.cat\/ceipjoandepala\/lescola\/historia\/\" title=\"Read Hist\u00f2ria\">Llegeix m\u00e9s\u00bb<\/a><\/p>\n","protected":false},"author":1,"featured_media":0,"parent":22,"menu_order":20,"comment_status":"closed","ping_status":"closed","template":"page-templates\/side-menu.php","meta":{"_bbp_topic_count":0,"_bbp_reply_count":0,"_bbp_total_topic_count":0,"_bbp_total_reply_count":0,"_bbp_voice_count":0,"_bbp_anonymous_reply_count":0,"_bbp_topic_count_hidden":0,"_bbp_reply_count_hidden":0,"_bbp_forum_subforum_count":0,"footnotes":""},"class_list":["post-26","page","type-page","status-publish","hentry"],"post_mailing_queue_ids":[],"_links":{"self":[{"href":"https:\/\/agora.xtec.cat\/ceipjoandepala\/wp-json\/wp\/v2\/pages\/26","targetHints":{"allow":["GET"]}}],"collection":[{"href":"https:\/\/agora.xtec.cat\/ceipjoandepala\/wp-json\/wp\/v2\/pages"}],"about":[{"href":"https:\/\/agora.xtec.cat\/ceipjoandepala\/wp-json\/wp\/v2\/types\/page"}],"author":[{"embeddable":true,"href":"https:\/\/agora.xtec.cat\/ceipjoandepala\/wp-json\/wp\/v2\/users\/1"}],"replies":[{"embeddable":true,"href":"https:\/\/agora.xtec.cat\/ceipjoandepala\/wp-json\/wp\/v2\/comments?post=26"}],"version-history":[{"count":3,"href":"https:\/\/agora.xtec.cat\/ceipjoandepala\/wp-json\/wp\/v2\/pages\/26\/revisions"}],"predecessor-version":[{"id":1405,"href":"https:\/\/agora.xtec.cat\/ceipjoandepala\/wp-json\/wp\/v2\/pages\/26\/revisions\/1405"}],"up":[{"embeddable":true,"href":"https:\/\/agora.xtec.cat\/ceipjoandepala\/wp-json\/wp\/v2\/pages\/22"}],"wp:attachment":[{"href":"https:\/\/agora.xtec.cat\/ceipjoandepala\/wp-json\/wp\/v2\/media?parent=26"}],"curies":[{"name":"wp","href":"https:\/\/api.w.org\/{rel}","templated":true}]}}