{"id":22,"date":"2014-09-18T12:19:57","date_gmt":"2014-09-18T11:19:57","guid":{"rendered":"http:\/\/agora.xtec.cat\/ceipjoandepala\/?page_id=22"},"modified":"2025-10-27T10:15:31","modified_gmt":"2025-10-27T09:15:31","slug":"lescola","status":"publish","type":"page","link":"https:\/\/agora.xtec.cat\/ceipjoandepala\/lescola\/","title":{"rendered":"Creixem junts 2025-26"},"content":{"rendered":"<p class=\"western\" align=\"justify\"><span style=\"font-family: Century Gothic, sans-serif;\"><span style=\"font-size: large;\">Aqu\u00ed estem de nou! Benvinguts i benvingudes!<\/span><\/span><\/p>\n<p class=\"western\" align=\"justify\"><span style=\"font-family: Century Gothic, sans-serif;\"><span style=\"font-size: large;\">Un nou curs es presenta, nous reptes, noves aventures, nous aprenentatges, noves amistats i, sobretot, nous records compartits que formaran part del nostre cam\u00ed de vida. Anem creixent junts&#8230;<\/span><\/span><\/p>\n<p class=\"western\" align=\"justify\"><span style=\"font-family: Century Gothic, sans-serif;\"><span style=\"font-size: large;\">Comencem el curs 2023-2024 realitzant una activitat conjunta entre infants, fam\u00edlies i mestres que ens ha portat a compartir uns moments de reflexi\u00f3 per sentir el que som, recordar que tots i totes som diferents, que la diversitat \u00e9s vida, \u00e9s respecte, \u00e9s superaci\u00f3&#8230; Aquesta difer\u00e8ncia \u00e9s precisament la que ens iguala a totes i a tots davant de qualsevol oportunitat que ens ofereix la vida.<\/span><\/span><\/p>\n<p class=\"western\" align=\"center\">\u201cSi els deixem d&#8217;etiquetar els deixarem ser!<span style=\"font-family: Century Gothic, sans-serif;\"><span style=\"font-size: medium;\">\u201d<\/span><\/span><\/p>\n<p class=\"western\" align=\"center\"><span style=\"font-family: Century Gothic, sans-serif;\"><span style=\"font-size: medium;\">Joan Turu<\/span><\/span><\/p>\n<p class=\"western\" align=\"right\"><span style=\"font-family: Century Gothic, sans-serif;\"><b>FELI\u00c7 CURS 2023-2024!<\/b><\/span><b> <\/b><\/p>\n<p class=\"western\" align=\"right\"><span style=\"font-family: Century Gothic, sans-serif;\"><span style=\"font-size: medium;\"><b>L\u2019equip de mestres<\/b><\/span><\/span><\/p>\n","protected":false},"excerpt":{"rendered":"<p>Aqu\u00ed estem de nou! Benvinguts i benvingudes!<br \/>\nUn nou curs es presenta, nous reptes, noves aventures, nous aprenentatges, noves amistats i, sobretot, nous records compartits que formaran part del nostre cam\u00ed de vida. Anem creixent junts&#8230;<br \/>\nComencem el curs 2023-2024 realitzant una activitat conjunta entre infants, fam\u00edlies&hellip;  <a href=\"https:\/\/agora.xtec.cat\/ceipjoandepala\/lescola\/\" title=\"Read Creixem junts 2025-26\">Llegeix m\u00e9s\u00bb<\/a><\/p>\n","protected":false},"author":1,"featured_media":0,"parent":0,"menu_order":0,"comment_status":"closed","ping_status":"closed","template":"page-templates\/side-menu.php","meta":{"_bbp_topic_count":0,"_bbp_reply_count":0,"_bbp_total_topic_count":0,"_bbp_total_reply_count":0,"_bbp_voice_count":0,"_bbp_anonymous_reply_count":0,"_bbp_topic_count_hidden":0,"_bbp_reply_count_hidden":0,"_bbp_forum_subforum_count":0,"footnotes":""},"class_list":["post-22","page","type-page","status-publish","hentry"],"post_mailing_queue_ids":[],"_links":{"self":[{"href":"https:\/\/agora.xtec.cat\/ceipjoandepala\/wp-json\/wp\/v2\/pages\/22","targetHints":{"allow":["GET"]}}],"collection":[{"href":"https:\/\/agora.xtec.cat\/ceipjoandepala\/wp-json\/wp\/v2\/pages"}],"about":[{"href":"https:\/\/agora.xtec.cat\/ceipjoandepala\/wp-json\/wp\/v2\/types\/page"}],"author":[{"embeddable":true,"href":"https:\/\/agora.xtec.cat\/ceipjoandepala\/wp-json\/wp\/v2\/users\/1"}],"replies":[{"embeddable":true,"href":"https:\/\/agora.xtec.cat\/ceipjoandepala\/wp-json\/wp\/v2\/comments?post=22"}],"version-history":[{"count":6,"href":"https:\/\/agora.xtec.cat\/ceipjoandepala\/wp-json\/wp\/v2\/pages\/22\/revisions"}],"predecessor-version":[{"id":1635,"href":"https:\/\/agora.xtec.cat\/ceipjoandepala\/wp-json\/wp\/v2\/pages\/22\/revisions\/1635"}],"wp:attachment":[{"href":"https:\/\/agora.xtec.cat\/ceipjoandepala\/wp-json\/wp\/v2\/media?parent=22"}],"curies":[{"name":"wp","href":"https:\/\/api.w.org\/{rel}","templated":true}]}}