{"id":1460,"date":"2023-06-21T17:26:17","date_gmt":"2023-06-21T15:26:17","guid":{"rendered":"https:\/\/agora.xtec.cat\/ceipjoandepala\/?page_id=1460"},"modified":"2023-06-21T17:26:17","modified_gmt":"2023-06-21T15:26:17","slug":"4a-part-lestiu-i-el-moment-mes-viu","status":"publish","type":"page","link":"https:\/\/agora.xtec.cat\/ceipjoandepala\/els-nostres-projectes\/conte-coronat-amb-les-quatre-estacions\/4a-part-lestiu-i-el-moment-mes-viu\/","title":{"rendered":"4a Part: &#8220;L&#8217;estiu i el moment m\u00e9s viu&#8221;"},"content":{"rendered":"<p>Ens plau presentar-vos l&#8217;\u00faltima entrega del nostre conte \u201cCorona\u2019t amb les quatre estacions\u201d. Com ja sabeu durant tot el curs hem estat treballant conjuntament amb tot l\u2019alumnat de l\u2019escola, els docents i alguna fam\u00edlia un projecte que ens ha entusiasmat i significa molt per a nosaltres.<\/p>\n<p>Aqu\u00ed us deixem la part del conte que ens parla de l&#8217;estiu, del que vivim, del que comporta, del que sentim i de la cloenda d&#8217;un cicle que torna a comen\u00e7ar. Porta per t\u00edtol &#8220;L&#8217;estiu i el moment m\u00e9s viu&#8221;.<\/p>\n<p>Desitgem que us agradi!<\/p>\n<p><iframe loading=\"lazy\" title=\"L&#039;ESTIU I EL MOMENT M\u00c9S VIU\" width=\"500\" height=\"281\" src=\"https:\/\/www.youtube.com\/embed\/dP2t9BczW5o?feature=oembed\" frameborder=\"0\" allow=\"accelerometer; autoplay; clipboard-write; encrypted-media; gyroscope; picture-in-picture; web-share\" referrerpolicy=\"strict-origin-when-cross-origin\" allowfullscreen><\/iframe><\/p>\n","protected":false},"excerpt":{"rendered":"<p>Ens plau presentar-vos l&#8217;\u00faltima entrega del nostre conte \u201cCorona\u2019t amb les quatre estacions\u201d. Com ja sabeu durant tot el curs hem estat treballant conjuntament amb tot l\u2019alumnat de l\u2019escola, els docents i alguna fam\u00edlia un projecte que ens ha entusiasmat i significa molt per a&hellip;  <a href=\"https:\/\/agora.xtec.cat\/ceipjoandepala\/els-nostres-projectes\/conte-coronat-amb-les-quatre-estacions\/4a-part-lestiu-i-el-moment-mes-viu\/\" title=\"Read 4a Part: &#8220;L&#8217;estiu i el moment m\u00e9s viu&#8221;\">Llegeix m\u00e9s\u00bb<\/a><\/p>\n","protected":false},"author":1,"featured_media":0,"parent":1449,"menu_order":0,"comment_status":"closed","ping_status":"closed","template":"page-templates\/side-menu.php","meta":{"_bbp_topic_count":0,"_bbp_reply_count":0,"_bbp_total_topic_count":0,"_bbp_total_reply_count":0,"_bbp_voice_count":0,"_bbp_anonymous_reply_count":0,"_bbp_topic_count_hidden":0,"_bbp_reply_count_hidden":0,"_bbp_forum_subforum_count":0,"footnotes":""},"class_list":["post-1460","page","type-page","status-publish","hentry"],"post_mailing_queue_ids":[],"_links":{"self":[{"href":"https:\/\/agora.xtec.cat\/ceipjoandepala\/wp-json\/wp\/v2\/pages\/1460","targetHints":{"allow":["GET"]}}],"collection":[{"href":"https:\/\/agora.xtec.cat\/ceipjoandepala\/wp-json\/wp\/v2\/pages"}],"about":[{"href":"https:\/\/agora.xtec.cat\/ceipjoandepala\/wp-json\/wp\/v2\/types\/page"}],"author":[{"embeddable":true,"href":"https:\/\/agora.xtec.cat\/ceipjoandepala\/wp-json\/wp\/v2\/users\/1"}],"replies":[{"embeddable":true,"href":"https:\/\/agora.xtec.cat\/ceipjoandepala\/wp-json\/wp\/v2\/comments?post=1460"}],"version-history":[{"count":1,"href":"https:\/\/agora.xtec.cat\/ceipjoandepala\/wp-json\/wp\/v2\/pages\/1460\/revisions"}],"predecessor-version":[{"id":1461,"href":"https:\/\/agora.xtec.cat\/ceipjoandepala\/wp-json\/wp\/v2\/pages\/1460\/revisions\/1461"}],"up":[{"embeddable":true,"href":"https:\/\/agora.xtec.cat\/ceipjoandepala\/wp-json\/wp\/v2\/pages\/1449"}],"wp:attachment":[{"href":"https:\/\/agora.xtec.cat\/ceipjoandepala\/wp-json\/wp\/v2\/media?parent=1460"}],"curies":[{"name":"wp","href":"https:\/\/api.w.org\/{rel}","templated":true}]}}