{"id":1453,"date":"2023-06-21T16:57:37","date_gmt":"2023-06-21T14:57:37","guid":{"rendered":"https:\/\/agora.xtec.cat\/ceipjoandepala\/?page_id=1453"},"modified":"2023-06-21T16:57:37","modified_gmt":"2023-06-21T14:57:37","slug":"1a-part-la-tardor-i-el-viatge-de-la-llavor","status":"publish","type":"page","link":"https:\/\/agora.xtec.cat\/ceipjoandepala\/els-nostres-projectes\/conte-coronat-amb-les-quatre-estacions\/1a-part-la-tardor-i-el-viatge-de-la-llavor\/","title":{"rendered":"1a Part: &#8220;La tardor i el viatge de la llavor&#8221;"},"content":{"rendered":"<p>CORONA\u2019T porta per t\u00edtol aquest projecte, i dins del mateix hi duem a terme diferents activitats\u2026 Una d\u2019elles \u00e9s la creaci\u00f3 conjunta d\u2019un conte que podria estar narrant la nostra pr\u00f2pia hist\u00f2ria, la del nostre entorn, la teva, la de tothom\u2026 El conte es titula \u201cCorona\u2019t amb les quatre estacions\u201d i est\u00e0 dividit en quatre cap\u00edtols. El primer porta per t\u00edtol \u201cLa tardor i el viatge de la llavor\u201d.<\/p>\n<p>Aquesta \u00e9s la nostra creaci\u00f3!<\/p>\n<p><iframe loading=\"lazy\" title=\"&quot;Corona&#039;t amb les quatre estacions&quot; La tardor i el viatge de la llavor (1a part)\" width=\"500\" height=\"281\" src=\"https:\/\/www.youtube.com\/embed\/4MdyMBJJcVo?feature=oembed\" frameborder=\"0\" allow=\"accelerometer; autoplay; clipboard-write; encrypted-media; gyroscope; picture-in-picture; web-share\" referrerpolicy=\"strict-origin-when-cross-origin\" allowfullscreen><\/iframe><\/p>\n","protected":false},"excerpt":{"rendered":"<p>CORONA\u2019T porta per t\u00edtol aquest projecte, i dins del mateix hi duem a terme diferents activitats\u2026 Una d\u2019elles \u00e9s la creaci\u00f3 conjunta d\u2019un conte que podria estar narrant la nostra pr\u00f2pia hist\u00f2ria, la del nostre entorn, la teva, la de tothom\u2026 El conte es titula&hellip;  <a href=\"https:\/\/agora.xtec.cat\/ceipjoandepala\/els-nostres-projectes\/conte-coronat-amb-les-quatre-estacions\/1a-part-la-tardor-i-el-viatge-de-la-llavor\/\" title=\"Read 1a Part: &#8220;La tardor i el viatge de la llavor&#8221;\">Llegeix m\u00e9s\u00bb<\/a><\/p>\n","protected":false},"author":1,"featured_media":0,"parent":1449,"menu_order":0,"comment_status":"closed","ping_status":"closed","template":"page-templates\/side-menu.php","meta":{"_bbp_topic_count":0,"_bbp_reply_count":0,"_bbp_total_topic_count":0,"_bbp_total_reply_count":0,"_bbp_voice_count":0,"_bbp_anonymous_reply_count":0,"_bbp_topic_count_hidden":0,"_bbp_reply_count_hidden":0,"_bbp_forum_subforum_count":0,"footnotes":""},"class_list":["post-1453","page","type-page","status-publish","hentry"],"post_mailing_queue_ids":[],"_links":{"self":[{"href":"https:\/\/agora.xtec.cat\/ceipjoandepala\/wp-json\/wp\/v2\/pages\/1453","targetHints":{"allow":["GET"]}}],"collection":[{"href":"https:\/\/agora.xtec.cat\/ceipjoandepala\/wp-json\/wp\/v2\/pages"}],"about":[{"href":"https:\/\/agora.xtec.cat\/ceipjoandepala\/wp-json\/wp\/v2\/types\/page"}],"author":[{"embeddable":true,"href":"https:\/\/agora.xtec.cat\/ceipjoandepala\/wp-json\/wp\/v2\/users\/1"}],"replies":[{"embeddable":true,"href":"https:\/\/agora.xtec.cat\/ceipjoandepala\/wp-json\/wp\/v2\/comments?post=1453"}],"version-history":[{"count":1,"href":"https:\/\/agora.xtec.cat\/ceipjoandepala\/wp-json\/wp\/v2\/pages\/1453\/revisions"}],"predecessor-version":[{"id":1454,"href":"https:\/\/agora.xtec.cat\/ceipjoandepala\/wp-json\/wp\/v2\/pages\/1453\/revisions\/1454"}],"up":[{"embeddable":true,"href":"https:\/\/agora.xtec.cat\/ceipjoandepala\/wp-json\/wp\/v2\/pages\/1449"}],"wp:attachment":[{"href":"https:\/\/agora.xtec.cat\/ceipjoandepala\/wp-json\/wp\/v2\/media?parent=1453"}],"curies":[{"name":"wp","href":"https:\/\/api.w.org\/{rel}","templated":true}]}}