{"id":1010,"date":"2021-05-05T20:36:24","date_gmt":"2021-05-05T18:36:24","guid":{"rendered":"http:\/\/agora.xtec.cat\/ceipjoandepala\/?page_id=1010"},"modified":"2022-07-12T14:10:46","modified_gmt":"2022-07-12T12:10:46","slug":"itinerari-literari-de-natura","status":"publish","type":"page","link":"https:\/\/agora.xtec.cat\/ceipjoandepala\/els-nostres-projectes\/itinerari-literari-de-natura\/","title":{"rendered":"ITINERARI LITERARI DE NATURA- ESCOLA JOAN DE PAL\u00c0"},"content":{"rendered":"<p>A l\u2019escola Joan de Pal\u00e0 de La Coromina, hem estrenat \u201c<strong>l\u2019itinerari literari de natura<\/strong>\u201d que tenim per l\u2019entorn del centre. Aquest recorregut circular\u00a0 permet realitzar diverses parades, on es poden anar descobrint les caracter\u00edstiques de la flora, la fauna i la geologia del nostre entorn m\u00e9s proper.<\/p>\n<p>En cada un dels nou punts s\u2019hi troba una senyalitzaci\u00f3 amb un QR enlla\u00e7at a una explicaci\u00f3, fotografies, un poema i un \u00a0dibuix fet per l&#8217;alumnat (de P3 a 6\u00e8).<img loading=\"lazy\" decoding=\"async\" class=\"wp-image-1322 alignright\" src=\"https:\/\/agora.xtec.cat\/ceipjoandepala\/wp-content\/uploads\/usu1892\/2022\/07\/Itinerari_Natura_Coromina_Logo_4.png\" alt=\"\" width=\"316\" height=\"223\" srcset=\"https:\/\/agora.xtec.cat\/ceipjoandepala\/wp-content\/uploads\/usu1892\/2022\/07\/Itinerari_Natura_Coromina_Logo_4.png 3508w, https:\/\/agora.xtec.cat\/ceipjoandepala\/wp-content\/uploads\/usu1892\/2022\/07\/Itinerari_Natura_Coromina_Logo_4-300x212.png 300w, https:\/\/agora.xtec.cat\/ceipjoandepala\/wp-content\/uploads\/usu1892\/2022\/07\/Itinerari_Natura_Coromina_Logo_4-1024x724.png 1024w, https:\/\/agora.xtec.cat\/ceipjoandepala\/wp-content\/uploads\/usu1892\/2022\/07\/Itinerari_Natura_Coromina_Logo_4-768x543.png 768w, https:\/\/agora.xtec.cat\/ceipjoandepala\/wp-content\/uploads\/usu1892\/2022\/07\/Itinerari_Natura_Coromina_Logo_4-1536x1086.png 1536w, https:\/\/agora.xtec.cat\/ceipjoandepala\/wp-content\/uploads\/usu1892\/2022\/07\/Itinerari_Natura_Coromina_Logo_4-2048x1448.png 2048w\" sizes=\"auto, (max-width: 316px) 100vw, 316px\" \/><\/p>\n<p>La proposta de l\u2019itinerari va n\u00e9ixer el curs 2010-11 on es va organitzar una caminada familiar per presentar-lo. Aquest curs 2020-21 es repr\u00e8n el projecte i s\u2019inaugura el dia 17 de juny amb l\u2019alumnat de l\u2019escola amb la pres\u00e8ncia de l\u2019alcalde i la regidora d\u2019educaci\u00f3.<\/p>\n<p>&nbsp;<\/p>\n<p><em>Per qu\u00e8 un itinerari?<\/em><\/p>\n<ul>\n<li>Formem part de la Xarxa <strong>d\u2019Escoles Verdes<\/strong> des del curs 2005.<\/li>\n<li>La nostra escola est\u00e0 envoltada d\u2019un <strong>entorn natural excepcional<\/strong>, diversitat de boscos, fonts, camins i corriols&#8230;amb gran bagatge hist\u00f2ric que moltes vegades desconeixem.<\/li>\n<li>Va ser una <strong>iniciativa d\u2019escola<\/strong>, promoguda per l&#8217;equip directiu i el comit\u00e8 ambiental d&#8217;aquell curs, implicant a tota la comunitat educativa. En el proc\u00e9s de creaci\u00f3 del projecte va sorgir una proposta liter\u00e0ria on l&#8217;alumnat dels cicles Mitj\u00e0 i Superior, va elaborar \u201c<strong>poemes naturals<\/strong>\u201d. Els \/les alumnes m\u00e9s petits van elaborar els <strong>dibuixos<\/strong>.<\/li>\n<li>La nostra escola tamb\u00e9 forma part del Projecte <strong style=\"font-family: inherit; font-size: 1em;\">de Salut integral <\/strong><span style=\"font-family: inherit; font-size: 1em;\">(foment de l\u2019esport).<\/span><\/li>\n<li>El que pretenem \u00e9s, en primer lloc i el m\u00e9s important, <strong style=\"font-family: inherit; font-size: 1em;\">gaudir de l\u2019entorn m\u00e9s proper<\/strong><span style=\"font-family: inherit; font-size: 1em;\"> a <\/span>l\u2019escola. Aquest ens permet descobrir part de la nostra hist\u00f2ria, con\u00e8ixer la interacci\u00f3 de l\u2019home amb la natura i el seu impacte, les caracter\u00edstiques dels boscos mediterranis i de ribera i la fauna que s\u2019hi vincula.<\/li>\n<li>Per \u00faltim, les <strong>possibilitats curriculars<\/strong> que ens ofereix s\u00f3n moltes, possibilitant un treball interdisciplinari.<\/li>\n<\/ul>\n<p>Volem agrair als\/les mestres, alumnes i a totes les persones que ho han fet possible, en especial al Jaume Barber\u00e0, Erika Escudero, al Centre Excursionista de Cardona i a l&#8217;Ajuntament de Cardona, per la implicaci\u00f3 que han tingut davant el projecte.<\/p>\n<p>Aquest curs hem volgut donar-li forma i contingut, sense oblidar a les persones que el van engegar ja fa uns quants cursos. Hem volgut obrir les portes a tothom per tal que l&#8217;itinerari arribi al m\u00e0xim de persones possibles, com tu!<\/p>\n<blockquote><p><em>A tots vosaltres, desitjar-vos que gaudiu del passeig, dels poemes i de la natura.<\/em><\/p>\n<p><em>Moltes gr\u00e0cies!<\/em><\/p>\n<p><img loading=\"lazy\" decoding=\"async\" class=\"size-medium wp-image-1321 aligncenter\" src=\"https:\/\/agora.xtec.cat\/ceipjoandepala\/wp-content\/uploads\/usu1892\/2022\/07\/Itinerari_Natura_Coromina_Logo_18-300x212.png\" alt=\"\" width=\"300\" height=\"212\" srcset=\"https:\/\/agora.xtec.cat\/ceipjoandepala\/wp-content\/uploads\/usu1892\/2022\/07\/Itinerari_Natura_Coromina_Logo_18-300x212.png 300w, https:\/\/agora.xtec.cat\/ceipjoandepala\/wp-content\/uploads\/usu1892\/2022\/07\/Itinerari_Natura_Coromina_Logo_18-1024x724.png 1024w, https:\/\/agora.xtec.cat\/ceipjoandepala\/wp-content\/uploads\/usu1892\/2022\/07\/Itinerari_Natura_Coromina_Logo_18-768x543.png 768w, https:\/\/agora.xtec.cat\/ceipjoandepala\/wp-content\/uploads\/usu1892\/2022\/07\/Itinerari_Natura_Coromina_Logo_18-1536x1086.png 1536w, https:\/\/agora.xtec.cat\/ceipjoandepala\/wp-content\/uploads\/usu1892\/2022\/07\/Itinerari_Natura_Coromina_Logo_18-2048x1448.png 2048w\" sizes=\"auto, (max-width: 300px) 100vw, 300px\" \/><\/p>\n<p>&nbsp;<\/p><\/blockquote>\n<p><em>*Podeu trobar tr\u00edptics informatius a l\u2019Ajuntament i a l\u2019oficina de<a href=\"https:\/\/cardonaturisme.cat\/ca\/que-fer-hi\/rutes-entorn\/\"> turisme de Cardona.\u00a0<\/a><\/em><\/p>\n<p><span style=\"font-family: inherit; font-size: 1em;\">*Disponible a <\/span><a style=\"font-family: inherit; font-size: 1em;\" href=\"https:\/\/ca.wikiloc.com\/rutes-senderisme\/itinerari-literari-de-natura-escola-joan-de-pala-de-la-coromina-73398041\">Wikiloc.<\/a><\/p>\n<p>*<a href=\"https:\/\/agora.xtec.cat\/ceipjoandepala\/wp-content\/uploads\/usu1892\/2022\/07\/triptic-bo.pdf\">Tr\u00edptic<\/a> informatiu de l&#8217;Itinerari literari de Natura<\/p>\n<p>&nbsp;<\/p>\n","protected":false},"excerpt":{"rendered":"<p>A l\u2019escola Joan de Pal\u00e0 de La Coromina, hem estrenat \u201cl\u2019itinerari literari de natura\u201d que tenim per l\u2019entorn del centre. Aquest recorregut circular\u00a0 permet realitzar diverses parades, on es poden anar descobrint les caracter\u00edstiques de la flora, la fauna i la geologia del nostre entorn&hellip;  <a href=\"https:\/\/agora.xtec.cat\/ceipjoandepala\/els-nostres-projectes\/itinerari-literari-de-natura\/\" title=\"Read ITINERARI LITERARI DE NATURA- ESCOLA JOAN DE PAL\u00c0\">Llegeix m\u00e9s\u00bb<\/a><\/p>\n","protected":false},"author":1,"featured_media":0,"parent":2,"menu_order":0,"comment_status":"closed","ping_status":"closed","template":"page-templates\/side-menu.php","meta":{"_bbp_topic_count":0,"_bbp_reply_count":0,"_bbp_total_topic_count":0,"_bbp_total_reply_count":0,"_bbp_voice_count":0,"_bbp_anonymous_reply_count":0,"_bbp_topic_count_hidden":0,"_bbp_reply_count_hidden":0,"_bbp_forum_subforum_count":0,"footnotes":""},"class_list":["post-1010","page","type-page","status-publish","hentry"],"post_mailing_queue_ids":[],"_links":{"self":[{"href":"https:\/\/agora.xtec.cat\/ceipjoandepala\/wp-json\/wp\/v2\/pages\/1010","targetHints":{"allow":["GET"]}}],"collection":[{"href":"https:\/\/agora.xtec.cat\/ceipjoandepala\/wp-json\/wp\/v2\/pages"}],"about":[{"href":"https:\/\/agora.xtec.cat\/ceipjoandepala\/wp-json\/wp\/v2\/types\/page"}],"author":[{"embeddable":true,"href":"https:\/\/agora.xtec.cat\/ceipjoandepala\/wp-json\/wp\/v2\/users\/1"}],"replies":[{"embeddable":true,"href":"https:\/\/agora.xtec.cat\/ceipjoandepala\/wp-json\/wp\/v2\/comments?post=1010"}],"version-history":[{"count":3,"href":"https:\/\/agora.xtec.cat\/ceipjoandepala\/wp-json\/wp\/v2\/pages\/1010\/revisions"}],"predecessor-version":[{"id":1325,"href":"https:\/\/agora.xtec.cat\/ceipjoandepala\/wp-json\/wp\/v2\/pages\/1010\/revisions\/1325"}],"up":[{"embeddable":true,"href":"https:\/\/agora.xtec.cat\/ceipjoandepala\/wp-json\/wp\/v2\/pages\/2"}],"wp:attachment":[{"href":"https:\/\/agora.xtec.cat\/ceipjoandepala\/wp-json\/wp\/v2\/media?parent=1010"}],"curies":[{"name":"wp","href":"https:\/\/api.w.org\/{rel}","templated":true}]}}