{"id":745,"date":"2025-01-13T17:46:06","date_gmt":"2025-01-13T16:46:06","guid":{"rendered":"https:\/\/agora.xtec.cat\/ceipjoandemargarit\/?page_id=745"},"modified":"2026-01-09T16:39:07","modified_gmt":"2026-01-09T15:39:07","slug":"portes-obertes","status":"publish","type":"page","link":"https:\/\/agora.xtec.cat\/ceipjoandemargarit\/cancons-i-poemes-1r\/portes-obertes\/","title":{"rendered":"Portes obertes 2026"},"content":{"rendered":"<p><a href=\"https:\/\/agora.xtec.cat\/ceipjoandemargarit\/wp-content\/uploads\/usu2172\/2025\/01\/Preinscripcio.jpg\"><img loading=\"lazy\" decoding=\"async\" class=\"alignleft size-large wp-image-4437\" src=\"https:\/\/agora.xtec.cat\/ceipjoandemargarit\/wp-content\/uploads\/usu2172\/2026\/01\/Preinscripcio-1-1024x1024.jpg\" alt=\"\" width=\"1024\" height=\"1024\" srcset=\"https:\/\/agora.xtec.cat\/ceipjoandemargarit\/wp-content\/uploads\/usu2172\/2026\/01\/Preinscripcio-1-1024x1024.jpg 1024w, https:\/\/agora.xtec.cat\/ceipjoandemargarit\/wp-content\/uploads\/usu2172\/2026\/01\/Preinscripcio-1-300x300.jpg 300w, https:\/\/agora.xtec.cat\/ceipjoandemargarit\/wp-content\/uploads\/usu2172\/2026\/01\/Preinscripcio-1-150x150.jpg 150w, https:\/\/agora.xtec.cat\/ceipjoandemargarit\/wp-content\/uploads\/usu2172\/2026\/01\/Preinscripcio-1-768x768.jpg 768w, https:\/\/agora.xtec.cat\/ceipjoandemargarit\/wp-content\/uploads\/usu2172\/2026\/01\/Preinscripcio-1.jpg 1080w\" sizes=\"auto, (max-width: 1024px) 100vw, 1024px\" \/><\/a><\/p>\n<p>Clica a <a href=\"https:\/\/drive.google.com\/file\/d\/1NMu4VdENH6q-DP8fEseW240nMGn7g5wa\/view?usp=sharing\" target=\"_blank\" rel=\"noopener\">TOUR VIRTUAL<\/a> per veure la nostra escola per dins.<\/p>\n<p>Si vols venir a la sessi\u00f3 de portes obertes el divendres 6 de mar\u00e7 de 2026, envia correu a l&#8217;escola o truca&#8217;ns per concertar la cita pr\u00e8via.<\/p>\n<p>&nbsp;<\/p>\n","protected":false},"excerpt":{"rendered":"<p><a href=\"https:\/\/agora.xtec.cat\/ceipjoandemargarit\/wp-content\/uploads\/usu2172\/2025\/01\/Preinscripcio.jpg\"><\/a><br \/>\nClica a <a href=\"https:\/\/drive.google.com\/file\/d\/1NMu4VdENH6q-DP8fEseW240nMGn7g5wa\/view?usp=sharing\" target=\"_blank\" rel=\"noopener\">TOUR VIRTUAL<\/a> per veure la nostra escola per dins.<br \/>\nSi vols venir a la sessi\u00f3 de portes obertes el divendres 6 de mar\u00e7 de 2026, envia correu a l&#8217;escola o truca&#8217;ns per concertar la cita pr\u00e8via.<br \/>\n&nbsp;<\/p>\n","protected":false},"author":1,"featured_media":0,"parent":676,"menu_order":50,"comment_status":"closed","ping_status":"closed","template":"page-templates\/side-menu.php","meta":{"_bbp_topic_count":0,"_bbp_reply_count":0,"_bbp_total_topic_count":0,"_bbp_total_reply_count":0,"_bbp_voice_count":0,"_bbp_anonymous_reply_count":0,"_bbp_topic_count_hidden":0,"_bbp_reply_count_hidden":0,"_bbp_forum_subforum_count":0,"footnotes":""},"class_list":["post-745","page","type-page","status-publish","hentry"],"post_mailing_queue_ids":[],"_links":{"self":[{"href":"https:\/\/agora.xtec.cat\/ceipjoandemargarit\/wp-json\/wp\/v2\/pages\/745","targetHints":{"allow":["GET"]}}],"collection":[{"href":"https:\/\/agora.xtec.cat\/ceipjoandemargarit\/wp-json\/wp\/v2\/pages"}],"about":[{"href":"https:\/\/agora.xtec.cat\/ceipjoandemargarit\/wp-json\/wp\/v2\/types\/page"}],"author":[{"embeddable":true,"href":"https:\/\/agora.xtec.cat\/ceipjoandemargarit\/wp-json\/wp\/v2\/users\/1"}],"replies":[{"embeddable":true,"href":"https:\/\/agora.xtec.cat\/ceipjoandemargarit\/wp-json\/wp\/v2\/comments?post=745"}],"version-history":[{"count":6,"href":"https:\/\/agora.xtec.cat\/ceipjoandemargarit\/wp-json\/wp\/v2\/pages\/745\/revisions"}],"predecessor-version":[{"id":4439,"href":"https:\/\/agora.xtec.cat\/ceipjoandemargarit\/wp-json\/wp\/v2\/pages\/745\/revisions\/4439"}],"up":[{"embeddable":true,"href":"https:\/\/agora.xtec.cat\/ceipjoandemargarit\/wp-json\/wp\/v2\/pages\/676"}],"wp:attachment":[{"href":"https:\/\/agora.xtec.cat\/ceipjoandemargarit\/wp-json\/wp\/v2\/media?parent=745"}],"curies":[{"name":"wp","href":"https:\/\/api.w.org\/{rel}","templated":true}]}}