{"id":656,"date":"2020-05-11T17:44:11","date_gmt":"2020-05-11T15:44:11","guid":{"rendered":"https:\/\/agora.xtec.cat\/ceipjoandemargarit\/?page_id=656"},"modified":"2020-05-18T12:09:38","modified_gmt":"2020-05-18T10:09:38","slug":"educacio-fisica","status":"publish","type":"page","link":"https:\/\/agora.xtec.cat\/ceipjoandemargarit\/especialistes\/educacio-fisica\/","title":{"rendered":"Educaci\u00f3 f\u00edsica"},"content":{"rendered":"<p style=\"text-align: justify;\">L&#8217;\u00e0mbit d&#8217;educaci\u00f3 f\u00edsica inclou l&#8217;\u00e0rea d&#8217;educaci\u00f3 f\u00edsica. L&#8217;ensenyament i l&#8217;aprenentatge de l&#8217;educaci\u00f3 f\u00edsica a prim\u00e0ria ha de fonamentar l&#8217;adquisici\u00f3 dels coneixements, habilitats, valors i compet\u00e8ncies relacionades amb el cos i la seva activitat motriu que contribueixen al desenvolupament integral de la persona i a la millora de la qualitat de la vida.<\/p>\n<p><strong>Recursos XTEC<\/strong><\/p>\n<ul>\n<li><a href=\"http:\/\/xtec.gencat.cat\/ca\/recursos\/edfisica\/\">Educaci\u00f3 f\u00edsica<\/a><\/li>\n<\/ul>\n<p><strong>Recursos edu365<\/strong><\/p>\n<ul>\n<li><a href=\"http:\/\/www.edu365.cat\/eso\/ed_fisica\/index.html\" target=\"_blank\" rel=\"noopener noreferrer\">Educaci\u00f3 f\u00edsica<\/a><\/li>\n<\/ul>\n<p><strong>Altres recursos i documents<\/strong><\/p>\n<ul>\n<li><a href=\"http:\/\/www.mouelcos.cat\/\" target=\"_blank\" rel=\"noopener noreferrer\">Mou el cos, desvetlla la ment<\/a>\u00a0Recursos per a classes d\u2019EF i per promoure l\u2019activitat f\u00edsica i un estil de vida saludable.\n<ul>\n<li><a href=\"http:\/\/www.mouelcos.cat\/?p=43490\" target=\"_blank\" rel=\"noopener noreferrer\">Passaport d\u2019h\u00e0bits saludables<\/a><\/li>\n<\/ul>\n<ul>\n<li><a href=\"http:\/\/www.mouelcos.cat\/?p=9311\" target=\"_blank\" rel=\"noopener noreferrer\">Espais per fer activitat f\u00edsica a la meva localitat<\/a><\/li>\n<\/ul>\n<ul>\n<li><a href=\"http:\/\/www.mouelcos.cat\/?p=651\" target=\"_blank\" rel=\"noopener noreferrer\">Desafiaments f\u00edsics cooperatius<\/a><\/li>\n<li><a href=\"http:\/\/www.mouelcos.cat\/?p=88034\" target=\"_blank\" rel=\"noopener noreferrer\">Jocs malabars<\/a><\/li>\n<li><a href=\"http:\/\/www.mouelcos.cat\/?p=1649\" target=\"_blank\" rel=\"noopener noreferrer\">Jocs multiculturals<\/a><\/li>\n<\/ul>\n<\/li>\n<li><a href=\"http:\/\/formiguescooperatives.cat\/\" target=\"_blank\" rel=\"noopener noreferrer\">Formigues cooperatives<\/a>\u00a0projecte telem\u00e0tic cooperatiu d\u2019\u00e0mbit educatiu, on alumnes de diferents escoles de Catalunya despr\u00e9s d\u2019experimentar reptes cooperatius a la classe d\u2019eduaci\u00f3 f\u00edsica n\u2019inventen de nous, els comparteixen amb altres escoles, els proven, els milloren i en fan una valoraci\u00f3.<\/li>\n<li><a href=\"https:\/\/danzasdelmundo.wordpress.com\/\" target=\"_blank\" rel=\"noopener noreferrer\">Danses del m\u00f3n<\/a>.<\/li>\n<li><a href=\"https:\/\/despelles.nl\/\" target=\"_blank\" rel=\"noopener noreferrer\">De Spelles!<\/a>\u00a0Tot tipus de jocs divertits i innovadors que podeu aplicar immediatament dins o fora de l&#8217;aula.<\/li>\n<li><a href=\"http:\/\/familiaiescola.gencat.cat\/ca\/educar-creixer-en-familia\/habits-saludables\/\" target=\"_blank\" rel=\"noopener noreferrer\">H\u00e0bits saludables<\/a>. Fam\u00edlia i escola.<\/li>\n<li><a href=\"http:\/\/esport.gencat.cat\/ca\/arees_dactuacio\/escolar\/pla-catala-desport-a-lescola-pcee\/\" target=\"_blank\" rel=\"noopener noreferrer\">Pla catal\u00e0 de l\u2019esport a l\u2019escola (PCEE)<\/a>\u00a0Esport Gencat<\/li>\n<li><a href=\"http:\/\/salutpublica.gencat.cat\/ca\/sobre_lagencia\/Plans-estrategics\/pla-dactivitat-fisica-esport-i-salut-pafes\/\" target=\"_blank\" rel=\"noopener noreferrer\">Pla d\u2019activitat f\u00edsica esport i salut (PAFES)<\/a>\u00a0Ag\u00e8ncia de Salut P\u00fablica de Catalunya (ASPCAT).<\/li>\n<\/ul>\n<p>&nbsp;<\/p>\n<p><a href=\"https:\/\/agora.xtec.cat\/ceipjoandemargarit\/wp-content\/uploads\/usu2172\/2020\/05\/en-construcci\u00f3-2.png\"><img loading=\"lazy\" decoding=\"async\" class=\"alignnone size-full wp-image-525\" src=\"https:\/\/agora.xtec.cat\/ceipjoandemargarit\/wp-content\/uploads\/usu2172\/2020\/05\/en-construcci\u00f3-2.png\" alt=\"\" width=\"226\" height=\"223\" \/><\/a><\/p>\n","protected":false},"excerpt":{"rendered":"<p>L&#8217;\u00e0mbit d&#8217;educaci\u00f3 f\u00edsica inclou l&#8217;\u00e0rea d&#8217;educaci\u00f3 f\u00edsica. L&#8217;ensenyament i l&#8217;aprenentatge de l&#8217;educaci\u00f3 f\u00edsica a prim\u00e0ria ha de fonamentar l&#8217;adquisici\u00f3 dels coneixements, habilitats, valors i compet\u00e8ncies relacionades amb el cos i la seva activitat motriu que contribueixen al desenvolupament integral de la persona i a la&hellip;  <a href=\"https:\/\/agora.xtec.cat\/ceipjoandemargarit\/especialistes\/educacio-fisica\/\" title=\"Read Educaci\u00f3 f\u00edsica\">Llegeix m\u00e9s\u00bb<\/a><\/p>\n","protected":false},"author":1,"featured_media":0,"parent":666,"menu_order":30,"comment_status":"closed","ping_status":"closed","template":"page-templates\/side-menu.php","meta":{"_bbp_topic_count":0,"_bbp_reply_count":0,"_bbp_total_topic_count":0,"_bbp_total_reply_count":0,"_bbp_voice_count":0,"_bbp_anonymous_reply_count":0,"_bbp_topic_count_hidden":0,"_bbp_reply_count_hidden":0,"_bbp_forum_subforum_count":0,"footnotes":""},"class_list":["post-656","page","type-page","status-publish","hentry"],"post_mailing_queue_ids":[],"_links":{"self":[{"href":"https:\/\/agora.xtec.cat\/ceipjoandemargarit\/wp-json\/wp\/v2\/pages\/656","targetHints":{"allow":["GET"]}}],"collection":[{"href":"https:\/\/agora.xtec.cat\/ceipjoandemargarit\/wp-json\/wp\/v2\/pages"}],"about":[{"href":"https:\/\/agora.xtec.cat\/ceipjoandemargarit\/wp-json\/wp\/v2\/types\/page"}],"author":[{"embeddable":true,"href":"https:\/\/agora.xtec.cat\/ceipjoandemargarit\/wp-json\/wp\/v2\/users\/1"}],"replies":[{"embeddable":true,"href":"https:\/\/agora.xtec.cat\/ceipjoandemargarit\/wp-json\/wp\/v2\/comments?post=656"}],"version-history":[{"count":3,"href":"https:\/\/agora.xtec.cat\/ceipjoandemargarit\/wp-json\/wp\/v2\/pages\/656\/revisions"}],"predecessor-version":[{"id":881,"href":"https:\/\/agora.xtec.cat\/ceipjoandemargarit\/wp-json\/wp\/v2\/pages\/656\/revisions\/881"}],"up":[{"embeddable":true,"href":"https:\/\/agora.xtec.cat\/ceipjoandemargarit\/wp-json\/wp\/v2\/pages\/666"}],"wp:attachment":[{"href":"https:\/\/agora.xtec.cat\/ceipjoandemargarit\/wp-json\/wp\/v2\/media?parent=656"}],"curies":[{"name":"wp","href":"https:\/\/api.w.org\/{rel}","templated":true}]}}