{"id":652,"date":"2020-05-11T17:38:36","date_gmt":"2020-05-11T15:38:36","guid":{"rendered":"https:\/\/agora.xtec.cat\/ceipjoandemargarit\/?page_id=652"},"modified":"2021-03-04T21:54:46","modified_gmt":"2021-03-04T20:54:46","slug":"aula-dacollida","status":"publish","type":"page","link":"https:\/\/agora.xtec.cat\/ceipjoandemargarit\/especialistes\/aula-dacollida\/","title":{"rendered":"Aula d&#8217;acollida"},"content":{"rendered":"<p><img loading=\"lazy\" decoding=\"async\" class=\"alignnone size-full wp-image-647\" src=\"https:\/\/agora.xtec.cat\/ceipjoandemargarit\/wp-content\/uploads\/usu2172\/2020\/05\/Imagen1.jpg\" alt=\"\" width=\"698\" height=\"494\" srcset=\"https:\/\/agora.xtec.cat\/ceipjoandemargarit\/wp-content\/uploads\/usu2172\/2020\/05\/Imagen1.jpg 698w, https:\/\/agora.xtec.cat\/ceipjoandemargarit\/wp-content\/uploads\/usu2172\/2020\/05\/Imagen1-300x212.jpg 300w\" sizes=\"auto, (max-width: 698px) 100vw, 698px\" \/><\/p>\n<p>L&#8217;Aula d&#8217;Acollida \u00e9s un recurs d&#8217;atenci\u00f3 a la diversitat per a l&#8217;alumnat nouvingut. T\u00e9 com a objectiu acompanyar i facilitar un desenvolupament \u00f2ptim dels processos d&#8217;adaptaci\u00f3 i d&#8217;inserci\u00f3 social de l&#8217;alumnat nouvingut.<\/p>\n","protected":false},"excerpt":{"rendered":"<p>L&#8217;Aula d&#8217;Acollida \u00e9s un recurs d&#8217;atenci\u00f3 a la diversitat per a l&#8217;alumnat nouvingut. T\u00e9 com a objectiu acompanyar i facilitar un desenvolupament \u00f2ptim dels processos d&#8217;adaptaci\u00f3 i d&#8217;inserci\u00f3 social de l&#8217;alumnat nouvingut.<\/p>\n","protected":false},"author":1,"featured_media":0,"parent":666,"menu_order":40,"comment_status":"closed","ping_status":"closed","template":"page-templates\/side-menu.php","meta":{"_bbp_topic_count":0,"_bbp_reply_count":0,"_bbp_total_topic_count":0,"_bbp_total_reply_count":0,"_bbp_voice_count":0,"_bbp_anonymous_reply_count":0,"_bbp_topic_count_hidden":0,"_bbp_reply_count_hidden":0,"_bbp_forum_subforum_count":0,"footnotes":""},"class_list":["post-652","page","type-page","status-publish","hentry"],"post_mailing_queue_ids":[],"_links":{"self":[{"href":"https:\/\/agora.xtec.cat\/ceipjoandemargarit\/wp-json\/wp\/v2\/pages\/652","targetHints":{"allow":["GET"]}}],"collection":[{"href":"https:\/\/agora.xtec.cat\/ceipjoandemargarit\/wp-json\/wp\/v2\/pages"}],"about":[{"href":"https:\/\/agora.xtec.cat\/ceipjoandemargarit\/wp-json\/wp\/v2\/types\/page"}],"author":[{"embeddable":true,"href":"https:\/\/agora.xtec.cat\/ceipjoandemargarit\/wp-json\/wp\/v2\/users\/1"}],"replies":[{"embeddable":true,"href":"https:\/\/agora.xtec.cat\/ceipjoandemargarit\/wp-json\/wp\/v2\/comments?post=652"}],"version-history":[{"count":3,"href":"https:\/\/agora.xtec.cat\/ceipjoandemargarit\/wp-json\/wp\/v2\/pages\/652\/revisions"}],"predecessor-version":[{"id":1418,"href":"https:\/\/agora.xtec.cat\/ceipjoandemargarit\/wp-json\/wp\/v2\/pages\/652\/revisions\/1418"}],"up":[{"embeddable":true,"href":"https:\/\/agora.xtec.cat\/ceipjoandemargarit\/wp-json\/wp\/v2\/pages\/666"}],"wp:attachment":[{"href":"https:\/\/agora.xtec.cat\/ceipjoandemargarit\/wp-json\/wp\/v2\/media?parent=652"}],"curies":[{"name":"wp","href":"https:\/\/api.w.org\/{rel}","templated":true}]}}