{"id":635,"date":"2020-05-11T11:48:11","date_gmt":"2020-05-11T09:48:11","guid":{"rendered":"https:\/\/agora.xtec.cat\/ceipjoandemargarit\/?page_id=635"},"modified":"2026-01-27T14:46:27","modified_gmt":"2026-01-27T13:46:27","slug":"afa","status":"publish","type":"page","link":"https:\/\/agora.xtec.cat\/ceipjoandemargarit\/afa\/","title":{"rendered":"AFA"},"content":{"rendered":"<p>AFA Escola Joan de Margarit<br \/>\nampamargarit@gmail.com<br \/>\n<a href=\"https:\/\/www.instagram.com\/afa_joan_de_margarit\/\" target=\"_blank\" rel=\"noopener\">Instagram<\/a><\/p>\n<p><strong>Qu\u00e8 \u00e9s l\u2019AFA?<\/strong><\/p>\n<p>L\u2019AFA de l\u2019Escola Joan de Margarit es l\u2019Associaci\u00f3 de Fam\u00edlies d\u2019Alumnes que volunt\u00e0riament ens agrupem per contribuir en el proc\u00e9s educatiu dels nostres fills i filles.<\/p>\n<p>L\u2019actual AFA est\u00e0 formada pel <strong>President Joaquim Prieto<\/strong>, la Secret\u00e0ria Gemma Turr\u00f3, la Tresorera Montse Geron\u00ed i els vocals que es troben a les diferents comissions.<\/p>\n<p><strong>Com contribu\u00efm en el proc\u00e9s educatiu?<\/strong><\/p>\n<p><em>&#8211; Servim de nexe entre les fam\u00edlies i l\u2019escola, fem arribar els dubtes i suggeriments de les fam\u00edlies a les comissions adients.<br \/>\n&#8211; Col\u00b7laborem amb les activitats organitzades per l\u2019escola.<br \/>\n&#8211; Adquirim material pedag\u00f2gic, en base a les necessitats de l\u2019escola.<br \/>\n&#8211; Ens reunim amb l\u2019\u00e0rea d\u2019ensenyament de l\u2019Ajuntament i amb les diferents AFA\u2019s del municipi.<br \/>\n&#8211; Participaci\u00f3 del President en les reunions del Consell Escolar i el Consell Escolar Municipal.<br \/>\n&#8211; Ens organitzem en les comissions seg\u00fcents<\/em>:<\/p>\n<p><strong>Extraescolars:<\/strong> encarregada de gestionar les activitats extraescolars pels alumnes. Aquesta comissi\u00f3 est\u00e0 representada per: Gemma Turr\u00f3.<\/p>\n<p><strong>Roba de l\u2019escola:<\/strong> encarregada de gestionar les comandes de la roba corporativa de l\u2019escola. Aquesta comissi\u00f3 est\u00e0 representada per: Gemma Turr\u00f3<\/p>\n<p><strong>Festes:<\/strong> col\u00b7labora i organitza les festes de l\u2019escola com la castanyada, el Nadal, carnestoltes, Sant Jordi, fi de curs, setmana musical i\/o altres. Aquesta comissi\u00f3 est\u00e0 representada per: Sara Cabrillana, Laura Cuenca, Montse Geron\u00ed, Xevi Boada, Lu\u00eds Orantos, Adri\u00e0 Cabello, Gemma Herrera i Maria Garcia.<\/p>\n<p><strong> Pati \/ Menjador:<\/strong> contribueix a la millora i dinamitzaci\u00f3 dels espais exteriors de l\u2019escola i de la gesti\u00f3 del menjador.<br \/>\nAquesta comissi\u00f3 est\u00e0 representada per: Sara Cabrillana, Dolors Toledo i Laura Cuenca.<\/p>\n<p><strong>Comunicaci\u00f3:<\/strong> s\u2019encarrega de les comunicacions de l\u2019AFA a trav\u00e9s dels diferents suports digitals disponibles.<br \/>\nAquesta comissi\u00f3 est\u00e0 representada per: Montse Geron\u00ed, Laura Cuenca i Gemma Turr\u00f3.<\/p>\n<p><a href=\"https:\/\/agora.xtec.cat\/ceipjoandemargarit\/wp-content\/uploads\/usu2172\/2023\/04\/triptic-1.jpg\"><img loading=\"lazy\" decoding=\"async\" class=\"alignnone size-large wp-image-2914\" src=\"https:\/\/agora.xtec.cat\/ceipjoandemargarit\/wp-content\/uploads\/usu2172\/2023\/04\/triptic-1-1024x724.jpg\" alt=\"\" width=\"1024\" height=\"724\" srcset=\"https:\/\/agora.xtec.cat\/ceipjoandemargarit\/wp-content\/uploads\/usu2172\/2023\/04\/triptic-1-1024x724.jpg 1024w, https:\/\/agora.xtec.cat\/ceipjoandemargarit\/wp-content\/uploads\/usu2172\/2023\/04\/triptic-1-300x212.jpg 300w, https:\/\/agora.xtec.cat\/ceipjoandemargarit\/wp-content\/uploads\/usu2172\/2023\/04\/triptic-1-768x543.jpg 768w, https:\/\/agora.xtec.cat\/ceipjoandemargarit\/wp-content\/uploads\/usu2172\/2023\/04\/triptic-1-1536x1086.jpg 1536w, https:\/\/agora.xtec.cat\/ceipjoandemargarit\/wp-content\/uploads\/usu2172\/2023\/04\/triptic-1.jpg 1600w\" sizes=\"auto, (max-width: 1024px) 100vw, 1024px\" \/><\/a><a href=\"https:\/\/agora.xtec.cat\/ceipjoandemargarit\/wp-content\/uploads\/usu2172\/2023\/04\/triptic-2.jpg\"><img loading=\"lazy\" decoding=\"async\" class=\"alignnone size-large wp-image-2915\" src=\"https:\/\/agora.xtec.cat\/ceipjoandemargarit\/wp-content\/uploads\/usu2172\/2023\/04\/triptic-2-1024x724.jpg\" alt=\"\" width=\"1024\" height=\"724\" srcset=\"https:\/\/agora.xtec.cat\/ceipjoandemargarit\/wp-content\/uploads\/usu2172\/2023\/04\/triptic-2-1024x724.jpg 1024w, https:\/\/agora.xtec.cat\/ceipjoandemargarit\/wp-content\/uploads\/usu2172\/2023\/04\/triptic-2-300x212.jpg 300w, https:\/\/agora.xtec.cat\/ceipjoandemargarit\/wp-content\/uploads\/usu2172\/2023\/04\/triptic-2-768x543.jpg 768w, https:\/\/agora.xtec.cat\/ceipjoandemargarit\/wp-content\/uploads\/usu2172\/2023\/04\/triptic-2-1536x1086.jpg 1536w, https:\/\/agora.xtec.cat\/ceipjoandemargarit\/wp-content\/uploads\/usu2172\/2023\/04\/triptic-2.jpg 1600w\" sizes=\"auto, (max-width: 1024px) 100vw, 1024px\" \/><\/a><a href=\"https:\/\/agora.xtec.cat\/ceipjoandemargarit\/wp-content\/uploads\/usu2172\/2023\/04\/cartell-AFA.jpg\"><img loading=\"lazy\" decoding=\"async\" class=\"alignnone size-large wp-image-2916\" src=\"https:\/\/agora.xtec.cat\/ceipjoandemargarit\/wp-content\/uploads\/usu2172\/2023\/04\/cartell-AFA-724x1024.jpg\" alt=\"\" width=\"724\" height=\"1024\" srcset=\"https:\/\/agora.xtec.cat\/ceipjoandemargarit\/wp-content\/uploads\/usu2172\/2023\/04\/cartell-AFA-724x1024.jpg 724w, https:\/\/agora.xtec.cat\/ceipjoandemargarit\/wp-content\/uploads\/usu2172\/2023\/04\/cartell-AFA-212x300.jpg 212w, https:\/\/agora.xtec.cat\/ceipjoandemargarit\/wp-content\/uploads\/usu2172\/2023\/04\/cartell-AFA-768x1086.jpg 768w, https:\/\/agora.xtec.cat\/ceipjoandemargarit\/wp-content\/uploads\/usu2172\/2023\/04\/cartell-AFA-1086x1536.jpg 1086w, https:\/\/agora.xtec.cat\/ceipjoandemargarit\/wp-content\/uploads\/usu2172\/2023\/04\/cartell-AFA.jpg 1131w\" sizes=\"auto, (max-width: 724px) 100vw, 724px\" \/><\/a><\/p>\n","protected":false},"excerpt":{"rendered":"<p>AFA Escola Joan de Margarit<br \/>\nampamargarit@gmail.com<br \/>\n<a href=\"https:\/\/www.instagram.com\/afa_joan_de_margarit\/\" target=\"_blank\" rel=\"noopener\">Instagram<\/a><br \/>\nQu\u00e8 \u00e9s l\u2019AFA?<br \/>\nL\u2019AFA de l\u2019Escola Joan de Margarit es l\u2019Associaci\u00f3 de Fam\u00edlies d\u2019Alumnes que volunt\u00e0riament ens agrupem per contribuir en el proc\u00e9s educatiu dels nostres fills i filles.<br \/>\nL\u2019actual AFA est\u00e0 formada pel President Joaquim Prieto, la Secret\u00e0ria Gemma&hellip;  <a href=\"https:\/\/agora.xtec.cat\/ceipjoandemargarit\/afa\/\" title=\"Read AFA\">Llegeix m\u00e9s\u00bb<\/a><\/p>\n","protected":false},"author":1,"featured_media":0,"parent":0,"menu_order":0,"comment_status":"closed","ping_status":"closed","template":"page-templates\/side-menu.php","meta":{"_bbp_topic_count":0,"_bbp_reply_count":0,"_bbp_total_topic_count":0,"_bbp_total_reply_count":0,"_bbp_voice_count":0,"_bbp_anonymous_reply_count":0,"_bbp_topic_count_hidden":0,"_bbp_reply_count_hidden":0,"_bbp_forum_subforum_count":0,"footnotes":""},"class_list":["post-635","page","type-page","status-publish","hentry"],"post_mailing_queue_ids":[],"_links":{"self":[{"href":"https:\/\/agora.xtec.cat\/ceipjoandemargarit\/wp-json\/wp\/v2\/pages\/635","targetHints":{"allow":["GET"]}}],"collection":[{"href":"https:\/\/agora.xtec.cat\/ceipjoandemargarit\/wp-json\/wp\/v2\/pages"}],"about":[{"href":"https:\/\/agora.xtec.cat\/ceipjoandemargarit\/wp-json\/wp\/v2\/types\/page"}],"author":[{"embeddable":true,"href":"https:\/\/agora.xtec.cat\/ceipjoandemargarit\/wp-json\/wp\/v2\/users\/1"}],"replies":[{"embeddable":true,"href":"https:\/\/agora.xtec.cat\/ceipjoandemargarit\/wp-json\/wp\/v2\/comments?post=635"}],"version-history":[{"count":7,"href":"https:\/\/agora.xtec.cat\/ceipjoandemargarit\/wp-json\/wp\/v2\/pages\/635\/revisions"}],"predecessor-version":[{"id":4451,"href":"https:\/\/agora.xtec.cat\/ceipjoandemargarit\/wp-json\/wp\/v2\/pages\/635\/revisions\/4451"}],"wp:attachment":[{"href":"https:\/\/agora.xtec.cat\/ceipjoandemargarit\/wp-json\/wp\/v2\/media?parent=635"}],"curies":[{"name":"wp","href":"https:\/\/api.w.org\/{rel}","templated":true}]}}