{"id":3952,"date":"2024-09-28T12:39:43","date_gmt":"2024-09-28T10:39:43","guid":{"rendered":"https:\/\/agora.xtec.cat\/ceipjoandemargarit\/?page_id=3952"},"modified":"2025-10-15T13:13:38","modified_gmt":"2025-10-15T11:13:38","slug":"educacio-infantil","status":"publish","type":"page","link":"https:\/\/agora.xtec.cat\/ceipjoandemargarit\/nivells\/educacio-infantil\/","title":{"rendered":"Educaci\u00f3 Infantil"},"content":{"rendered":"<p>L&#8217;etapa d&#8217;educaci\u00f3 infantil compr\u00e8n els cursos d&#8217;i3, d&#8217;i4 i d&#8217;i5.<\/p>\n<p>Aquest curs 25-26 hi ha un grup d&#8217;i3, dos grups d&#8217;i4 i un grup d&#8217;i5.<\/p>\n<p>L&#8217;equip de mestres d&#8217;infantil el trobareu a l&#8217;apartat de l&#8217;Escola Joan de Margarit a <a href=\"https:\/\/agora.xtec.cat\/ceipjoandemargarit\/lescola\/el-nostre-claustre\/\">El nostre claustre<\/a>.<\/p>\n<p>&nbsp;<\/p>\n","protected":false},"excerpt":{"rendered":"<p>L&#8217;etapa d&#8217;educaci\u00f3 infantil compr\u00e8n els cursos d&#8217;i3, d&#8217;i4 i d&#8217;i5.<br \/>\nAquest curs 25-26 hi ha un grup d&#8217;i3, dos grups d&#8217;i4 i un grup d&#8217;i5.<br \/>\nL&#8217;equip de mestres d&#8217;infantil el trobareu a l&#8217;apartat de l&#8217;Escola Joan de Margarit a <a href=\"https:\/\/agora.xtec.cat\/ceipjoandemargarit\/lescola\/el-nostre-claustre\/\">El nostre claustre<\/a>.<br \/>\n&nbsp;<\/p>\n","protected":false},"author":1,"featured_media":0,"parent":796,"menu_order":10,"comment_status":"closed","ping_status":"closed","template":"page-templates\/side-menu.php","meta":{"_bbp_topic_count":0,"_bbp_reply_count":0,"_bbp_total_topic_count":0,"_bbp_total_reply_count":0,"_bbp_voice_count":0,"_bbp_anonymous_reply_count":0,"_bbp_topic_count_hidden":0,"_bbp_reply_count_hidden":0,"_bbp_forum_subforum_count":0,"footnotes":""},"class_list":["post-3952","page","type-page","status-publish","hentry"],"post_mailing_queue_ids":[],"_links":{"self":[{"href":"https:\/\/agora.xtec.cat\/ceipjoandemargarit\/wp-json\/wp\/v2\/pages\/3952","targetHints":{"allow":["GET"]}}],"collection":[{"href":"https:\/\/agora.xtec.cat\/ceipjoandemargarit\/wp-json\/wp\/v2\/pages"}],"about":[{"href":"https:\/\/agora.xtec.cat\/ceipjoandemargarit\/wp-json\/wp\/v2\/types\/page"}],"author":[{"embeddable":true,"href":"https:\/\/agora.xtec.cat\/ceipjoandemargarit\/wp-json\/wp\/v2\/users\/1"}],"replies":[{"embeddable":true,"href":"https:\/\/agora.xtec.cat\/ceipjoandemargarit\/wp-json\/wp\/v2\/comments?post=3952"}],"version-history":[{"count":5,"href":"https:\/\/agora.xtec.cat\/ceipjoandemargarit\/wp-json\/wp\/v2\/pages\/3952\/revisions"}],"predecessor-version":[{"id":4366,"href":"https:\/\/agora.xtec.cat\/ceipjoandemargarit\/wp-json\/wp\/v2\/pages\/3952\/revisions\/4366"}],"up":[{"embeddable":true,"href":"https:\/\/agora.xtec.cat\/ceipjoandemargarit\/wp-json\/wp\/v2\/pages\/796"}],"wp:attachment":[{"href":"https:\/\/agora.xtec.cat\/ceipjoandemargarit\/wp-json\/wp\/v2\/media?parent=3952"}],"curies":[{"name":"wp","href":"https:\/\/api.w.org\/{rel}","templated":true}]}}