{"id":3609,"date":"2024-02-06T13:14:38","date_gmt":"2024-02-06T12:14:38","guid":{"rendered":"https:\/\/agora.xtec.cat\/ceipjoandemargarit\/?page_id=3609"},"modified":"2024-02-06T18:24:15","modified_gmt":"2024-02-06T17:24:15","slug":"projecte-apilo-xii","status":"publish","type":"page","link":"https:\/\/agora.xtec.cat\/ceipjoandemargarit\/projecte-apilo-xii\/","title":{"rendered":"Projecte Apilo XII"},"content":{"rendered":"<p style=\"font-weight: 400;\">Aquest curs 23-24, l&#8217;escola Joan de Margarit participa de nou en el concurs Apilo. Aquest projecte, impulsat per la Generalitat de Catalunya, pret\u00e9n afavorir la consci\u00e8ncia ecol\u00f2gica dels infants, a trav\u00e9s de la recollida i reciclatge de piles i acumuladors port\u00e0tils.\u00a0 Els nens i nenes i membres de la comunitat educativa poden portar a l&#8217;escola les piles usades, abocant-les en el contenidor corresponent.<\/p>\n<p style=\"font-weight: 400;\">Durant el mes de juny es far\u00e0 un recompte de les piles recollides. L&#8217;escola guanyadora, d&#8217;entre les comarques gironines, rebr\u00e0 una petita subvenci\u00f3 econ\u00f2mica.<\/p>\n<p style=\"font-weight: 400;\"><em> <a href=\"https:\/\/agora.xtec.cat\/ceipjoandemargarit\/wp-content\/uploads\/usu2172\/2024\/02\/WhatsApp-Image-2024-02-06-at-18.22.01.jpeg\"><img loading=\"lazy\" decoding=\"async\" class=\"aligncenter size-medium wp-image-3622\" src=\"https:\/\/agora.xtec.cat\/ceipjoandemargarit\/wp-content\/uploads\/usu2172\/2024\/02\/WhatsApp-Image-2024-02-06-at-18.22.01-300x235.jpeg\" alt=\"\" width=\"300\" height=\"235\" srcset=\"https:\/\/agora.xtec.cat\/ceipjoandemargarit\/wp-content\/uploads\/usu2172\/2024\/02\/WhatsApp-Image-2024-02-06-at-18.22.01-300x235.jpeg 300w, https:\/\/agora.xtec.cat\/ceipjoandemargarit\/wp-content\/uploads\/usu2172\/2024\/02\/WhatsApp-Image-2024-02-06-at-18.22.01-768x600.jpeg 768w, https:\/\/agora.xtec.cat\/ceipjoandemargarit\/wp-content\/uploads\/usu2172\/2024\/02\/WhatsApp-Image-2024-02-06-at-18.22.01.jpeg 939w\" sizes=\"auto, (max-width: 300px) 100vw, 300px\" \/><\/a><\/em><\/p>\n<p style=\"font-weight: 400;\"><em>Podeu consultar tota la informaci\u00f3 del projecte i les bases del concurs en el seg\u00fcent enlla\u00e7:<\/em><\/p>\n<p style=\"font-weight: 400;\"><a href=\"https:\/\/www.apilo.cat\/\" data-saferedirecturl=\"https:\/\/www.google.com\/url?q=https:\/\/www.apilo.cat\/&amp;source=gmail&amp;ust=1707245323490000&amp;usg=AOvVaw0wy1MMpVv6FUVmPIUR4y8F\"><em>https:\/\/www.apilo.cat\/<\/em><\/a><\/p>\n","protected":false},"excerpt":{"rendered":"<p>Aquest curs 23-24, l&#8217;escola Joan de Margarit participa de nou en el concurs Apilo. Aquest projecte, impulsat per la Generalitat de Catalunya, pret\u00e9n afavorir la consci\u00e8ncia ecol\u00f2gica dels infants, a trav\u00e9s de la recollida i reciclatge de piles i acumuladors port\u00e0tils.\u00a0 Els nens i nenes&hellip;  <a href=\"https:\/\/agora.xtec.cat\/ceipjoandemargarit\/projecte-apilo-xii\/\" title=\"Read Projecte Apilo XII\">Llegeix m\u00e9s\u00bb<\/a><\/p>\n","protected":false},"author":1,"featured_media":0,"parent":0,"menu_order":0,"comment_status":"closed","ping_status":"closed","template":"","meta":{"_bbp_topic_count":0,"_bbp_reply_count":0,"_bbp_total_topic_count":0,"_bbp_total_reply_count":0,"_bbp_voice_count":0,"_bbp_anonymous_reply_count":0,"_bbp_topic_count_hidden":0,"_bbp_reply_count_hidden":0,"_bbp_forum_subforum_count":0,"footnotes":""},"class_list":["post-3609","page","type-page","status-publish","hentry"],"post_mailing_queue_ids":[],"_links":{"self":[{"href":"https:\/\/agora.xtec.cat\/ceipjoandemargarit\/wp-json\/wp\/v2\/pages\/3609","targetHints":{"allow":["GET"]}}],"collection":[{"href":"https:\/\/agora.xtec.cat\/ceipjoandemargarit\/wp-json\/wp\/v2\/pages"}],"about":[{"href":"https:\/\/agora.xtec.cat\/ceipjoandemargarit\/wp-json\/wp\/v2\/types\/page"}],"author":[{"embeddable":true,"href":"https:\/\/agora.xtec.cat\/ceipjoandemargarit\/wp-json\/wp\/v2\/users\/1"}],"replies":[{"embeddable":true,"href":"https:\/\/agora.xtec.cat\/ceipjoandemargarit\/wp-json\/wp\/v2\/comments?post=3609"}],"version-history":[{"count":2,"href":"https:\/\/agora.xtec.cat\/ceipjoandemargarit\/wp-json\/wp\/v2\/pages\/3609\/revisions"}],"predecessor-version":[{"id":3623,"href":"https:\/\/agora.xtec.cat\/ceipjoandemargarit\/wp-json\/wp\/v2\/pages\/3609\/revisions\/3623"}],"wp:attachment":[{"href":"https:\/\/agora.xtec.cat\/ceipjoandemargarit\/wp-json\/wp\/v2\/media?parent=3609"}],"curies":[{"name":"wp","href":"https:\/\/api.w.org\/{rel}","templated":true}]}}