{"id":3575,"date":"2024-01-30T13:05:05","date_gmt":"2024-01-30T12:05:05","guid":{"rendered":"https:\/\/agora.xtec.cat\/ceipjoandemargarit\/?page_id=3575"},"modified":"2024-02-27T21:43:33","modified_gmt":"2024-02-27T20:43:33","slug":"neda-a-lescola","status":"publish","type":"page","link":"https:\/\/agora.xtec.cat\/ceipjoandemargarit\/projectes-activitats-entorn\/neda-a-lescola\/","title":{"rendered":"Neda a l&#8217;escola"},"content":{"rendered":"<p style=\"text-align: justify;\">Activitat destinada a l&#8217;adquisici\u00f3 i desenvolupament de les habilitats motrius b\u00e0siques en el medi aqu\u00e0tic, adre\u00e7ada a l\u2019alumnat de 3r d\u2019educaci\u00f3 prim\u00e0ria.<br \/>\nAmb aquest programa es pret\u00e9n augmentar les mesures preventives per evitar ofegaments en el futur. Una part de l&#8217;activitat \u00e9s subvencionada per la Diputaci\u00f3 de Girona i l&#8217;Ajuntament de La Bisbal.\u00a0 Es realitza a les instal.lacions del Club de tenis de La Bisbal durant el primer trimestre del curs escolar.<\/p>\n<p><a href=\"https:\/\/agora.xtec.cat\/ceipjoandemargarit\/wp-content\/uploads\/usu2172\/2024\/02\/IMG-20231102-WA0017.jpg\"><img loading=\"lazy\" decoding=\"async\" class=\"aligncenter wp-image-3642 \" src=\"https:\/\/agora.xtec.cat\/ceipjoandemargarit\/wp-content\/uploads\/usu2172\/2024\/02\/IMG-20231102-WA0017-1024x461.jpg\" alt=\"\" width=\"626\" height=\"282\" srcset=\"https:\/\/agora.xtec.cat\/ceipjoandemargarit\/wp-content\/uploads\/usu2172\/2024\/02\/IMG-20231102-WA0017-1024x461.jpg 1024w, https:\/\/agora.xtec.cat\/ceipjoandemargarit\/wp-content\/uploads\/usu2172\/2024\/02\/IMG-20231102-WA0017-300x135.jpg 300w, https:\/\/agora.xtec.cat\/ceipjoandemargarit\/wp-content\/uploads\/usu2172\/2024\/02\/IMG-20231102-WA0017-768x346.jpg 768w, https:\/\/agora.xtec.cat\/ceipjoandemargarit\/wp-content\/uploads\/usu2172\/2024\/02\/IMG-20231102-WA0017-1536x691.jpg 1536w, https:\/\/agora.xtec.cat\/ceipjoandemargarit\/wp-content\/uploads\/usu2172\/2024\/02\/IMG-20231102-WA0017.jpg 2000w\" sizes=\"auto, (max-width: 626px) 100vw, 626px\" \/><\/a><\/p>\n<p><a href=\"https:\/\/agora.xtec.cat\/ceipjoandemargarit\/wp-content\/uploads\/usu2172\/2024\/02\/IMG-20231102-WA0025.jpg\"><img loading=\"lazy\" decoding=\"async\" class=\"aligncenter wp-image-3643\" src=\"https:\/\/agora.xtec.cat\/ceipjoandemargarit\/wp-content\/uploads\/usu2172\/2024\/02\/IMG-20231102-WA0025-461x1024.jpg\" alt=\"\" width=\"427\" height=\"948\" \/><\/a><\/p>\n<p>&nbsp;<\/p>\n<p>&nbsp;<\/p>\n","protected":false},"excerpt":{"rendered":"<p>Activitat destinada a l&#8217;adquisici\u00f3 i desenvolupament de les habilitats motrius b\u00e0siques en el medi aqu\u00e0tic, adre\u00e7ada a l\u2019alumnat de 3r d\u2019educaci\u00f3 prim\u00e0ria.<br \/>\nAmb aquest programa es pret\u00e9n augmentar les mesures preventives per evitar ofegaments en el futur. Una part de l&#8217;activitat \u00e9s subvencionada per la Diputaci\u00f3&hellip;  <a href=\"https:\/\/agora.xtec.cat\/ceipjoandemargarit\/projectes-activitats-entorn\/neda-a-lescola\/\" title=\"Read Neda a l&#8217;escola\">Llegeix m\u00e9s\u00bb<\/a><\/p>\n","protected":false},"author":1,"featured_media":0,"parent":3488,"menu_order":30,"comment_status":"closed","ping_status":"closed","template":"page-templates\/side-menu.php","meta":{"_bbp_topic_count":0,"_bbp_reply_count":0,"_bbp_total_topic_count":0,"_bbp_total_reply_count":0,"_bbp_voice_count":0,"_bbp_anonymous_reply_count":0,"_bbp_topic_count_hidden":0,"_bbp_reply_count_hidden":0,"_bbp_forum_subforum_count":0,"footnotes":""},"class_list":["post-3575","page","type-page","status-publish","hentry"],"post_mailing_queue_ids":[],"_links":{"self":[{"href":"https:\/\/agora.xtec.cat\/ceipjoandemargarit\/wp-json\/wp\/v2\/pages\/3575","targetHints":{"allow":["GET"]}}],"collection":[{"href":"https:\/\/agora.xtec.cat\/ceipjoandemargarit\/wp-json\/wp\/v2\/pages"}],"about":[{"href":"https:\/\/agora.xtec.cat\/ceipjoandemargarit\/wp-json\/wp\/v2\/types\/page"}],"author":[{"embeddable":true,"href":"https:\/\/agora.xtec.cat\/ceipjoandemargarit\/wp-json\/wp\/v2\/users\/1"}],"replies":[{"embeddable":true,"href":"https:\/\/agora.xtec.cat\/ceipjoandemargarit\/wp-json\/wp\/v2\/comments?post=3575"}],"version-history":[{"count":6,"href":"https:\/\/agora.xtec.cat\/ceipjoandemargarit\/wp-json\/wp\/v2\/pages\/3575\/revisions"}],"predecessor-version":[{"id":3732,"href":"https:\/\/agora.xtec.cat\/ceipjoandemargarit\/wp-json\/wp\/v2\/pages\/3575\/revisions\/3732"}],"up":[{"embeddable":true,"href":"https:\/\/agora.xtec.cat\/ceipjoandemargarit\/wp-json\/wp\/v2\/pages\/3488"}],"wp:attachment":[{"href":"https:\/\/agora.xtec.cat\/ceipjoandemargarit\/wp-json\/wp\/v2\/media?parent=3575"}],"curies":[{"name":"wp","href":"https:\/\/api.w.org\/{rel}","templated":true}]}}