{"id":3562,"date":"2024-01-27T21:23:39","date_gmt":"2024-01-27T20:23:39","guid":{"rendered":"https:\/\/agora.xtec.cat\/ceipjoandemargarit\/?page_id=3562"},"modified":"2024-02-20T13:30:41","modified_gmt":"2024-02-20T12:30:41","slug":"xarxa-competencies-basiques","status":"publish","type":"page","link":"https:\/\/agora.xtec.cat\/ceipjoandemargarit\/programes-dinnovacio-pedagogica\/xarxa-competencies-basiques\/","title":{"rendered":"Xarxa compet\u00e8ncies b\u00e0siques"},"content":{"rendered":"<p>El programa Xarxa de compet\u00e8ncies b\u00e0siques \u00e9s un model de formaci\u00f3 permanent entre iguals i en xarxa per als docents que reflexionen i actuen en equip per transformar l\u2019escola en un espai que afavoreixi l\u2019aprenentatge i la transformaci\u00f3 dels centres per millorar els aprenentatges dels alumnes.<br \/>\nL\u2019objectiu d\u2019aquesta acci\u00f3 conjunta dels equips de treball \u00e9s desenvolupar l\u2019aprenentatge i l\u2019avaluaci\u00f3 per compet\u00e8ncies en els centres educatius, a partir de la reflexi\u00f3 pedag\u00f2gica sobre la pr\u00f2pia pr\u00e0ctica docent, orientada a assolir millores en els aprenentatges de l\u2019alumnat.<br \/>\nL\u2019acci\u00f3 en el si de la Xarxa de compet\u00e8ncies b\u00e0siques respon a un objectiu espec\u00edfic: ajudar els centres<br \/>\neducatius a erigir-se en organitzacions que aprenen. Els centres que aprenen s\u00f3n organitzacions capaces d\u2019autoregular el seu propi proc\u00e9s de desenvolupament professional.<br \/>\nEl concepte d\u2019innovaci\u00f3, entesa com a primer pas cap a un canvi que ha de dur a la transformaci\u00f3, t\u00e9 lloc en el si d\u2019un centre educatiu que s\u2019erigeix en comunitat professional de pr\u00e0ctica i d\u2019aprenentatge o organitzaci\u00f3 que apr\u00e8n. S\u2019ent\u00e9n per comunitat de pr\u00e0ctica un grup social que comparteix una preocupaci\u00f3, una finalitat, un inter\u00e8s com\u00fa sobre un tema, i que crea coneixement compartit per mitj\u00e0 de<br \/>\nl\u2019acci\u00f3-reflexi\u00f3 en un context d\u2019interacci\u00f3 continuada.<\/p>\n","protected":false},"excerpt":{"rendered":"<p>El programa Xarxa de compet\u00e8ncies b\u00e0siques \u00e9s un model de formaci\u00f3 permanent entre iguals i en xarxa per als docents que reflexionen i actuen en equip per transformar l\u2019escola en un espai que afavoreixi l\u2019aprenentatge i la transformaci\u00f3 dels centres per millorar els aprenentatges dels&hellip;  <a href=\"https:\/\/agora.xtec.cat\/ceipjoandemargarit\/programes-dinnovacio-pedagogica\/xarxa-competencies-basiques\/\" title=\"Read Xarxa compet\u00e8ncies b\u00e0siques\">Llegeix m\u00e9s\u00bb<\/a><\/p>\n","protected":false},"author":1,"featured_media":0,"parent":3507,"menu_order":20,"comment_status":"closed","ping_status":"closed","template":"page-templates\/side-menu.php","meta":{"_bbp_topic_count":0,"_bbp_reply_count":0,"_bbp_total_topic_count":0,"_bbp_total_reply_count":0,"_bbp_voice_count":0,"_bbp_anonymous_reply_count":0,"_bbp_topic_count_hidden":0,"_bbp_reply_count_hidden":0,"_bbp_forum_subforum_count":0,"footnotes":""},"class_list":["post-3562","page","type-page","status-publish","hentry"],"post_mailing_queue_ids":[],"_links":{"self":[{"href":"https:\/\/agora.xtec.cat\/ceipjoandemargarit\/wp-json\/wp\/v2\/pages\/3562","targetHints":{"allow":["GET"]}}],"collection":[{"href":"https:\/\/agora.xtec.cat\/ceipjoandemargarit\/wp-json\/wp\/v2\/pages"}],"about":[{"href":"https:\/\/agora.xtec.cat\/ceipjoandemargarit\/wp-json\/wp\/v2\/types\/page"}],"author":[{"embeddable":true,"href":"https:\/\/agora.xtec.cat\/ceipjoandemargarit\/wp-json\/wp\/v2\/users\/1"}],"replies":[{"embeddable":true,"href":"https:\/\/agora.xtec.cat\/ceipjoandemargarit\/wp-json\/wp\/v2\/comments?post=3562"}],"version-history":[{"count":2,"href":"https:\/\/agora.xtec.cat\/ceipjoandemargarit\/wp-json\/wp\/v2\/pages\/3562\/revisions"}],"predecessor-version":[{"id":3675,"href":"https:\/\/agora.xtec.cat\/ceipjoandemargarit\/wp-json\/wp\/v2\/pages\/3562\/revisions\/3675"}],"up":[{"embeddable":true,"href":"https:\/\/agora.xtec.cat\/ceipjoandemargarit\/wp-json\/wp\/v2\/pages\/3507"}],"wp:attachment":[{"href":"https:\/\/agora.xtec.cat\/ceipjoandemargarit\/wp-json\/wp\/v2\/media?parent=3562"}],"curies":[{"name":"wp","href":"https:\/\/api.w.org\/{rel}","templated":true}]}}