{"id":3559,"date":"2024-01-27T21:19:38","date_gmt":"2024-01-27T20:19:38","guid":{"rendered":"https:\/\/agora.xtec.cat\/ceipjoandemargarit\/?page_id=3559"},"modified":"2025-03-10T11:29:25","modified_gmt":"2025-03-10T10:29:25","slug":"gep","status":"publish","type":"page","link":"https:\/\/agora.xtec.cat\/ceipjoandemargarit\/programes-dinnovacio-pedagogica\/gep\/","title":{"rendered":"GEP"},"content":{"rendered":"<p><span style=\"font-weight: 400;\">El passat curs 2017-2018 el Departament d\u2019Ensenyament va iniciar el programa d\u2019innovaci\u00f3 pedag\u00f2gica <\/span><b>Generaci\u00f3 Pluriling\u00fce (GEP)<\/b><span style=\"font-weight: 400;\">. La finalitat d\u2019aquest programa \u00e9s millorar la compet\u00e8ncia en lleng\u00fces estrangeres de l\u2019alumnat, afavorint el seu creixement acad\u00e8mic i posterior inserci\u00f3 laboral, i capacitant-lo per interactuar amb el m\u00f3n en diverses lleng\u00fces i de manera cr\u00edtica.<\/span><\/p>\n<p><span style=\"font-weight: 400;\">Les accions del programa GEP s\u2019orienten, d\u2019una banda, a incrementar el temps d\u2019exposici\u00f3 de l\u2019alumnat a les lleng\u00fces estrangeres curriculars i, d\u2019una altra, a acompanyar els centres educatius en el proc\u00e9s de desplegament i consolidaci\u00f3 d\u2019un projecte ling\u00fc\u00edstic pluriling\u00fce propi.\u00a0<\/span><\/p>\n<p><span style=\"font-weight: 400;\">Aix\u00ed doncs, per tal d\u2019incrementar el temps d\u2019exposici\u00f3 de l\u2019alumnat a l\u2019angl\u00e8s com a llengua estrangera, les sessions de pl\u00e0stica a la nostra escola es fan en angl\u00e8s. El Projecte d\u2019Arts &amp; Crafts ho fa possible!\u00a0<\/span><\/p>\n<p><span style=\"font-weight: 400;\">La nostra escola es troba en el tercer i \u00faltim any d\u2019aquest <\/span><span style=\"font-weight: 400;\">programa d\u2019innovaci\u00f3 pedag\u00f2gica <\/span><b>Generaci\u00f3 Pluriling\u00fce (GEP)<\/b><span style=\"font-weight: 400;\">.<\/span><\/p>\n<p><span style=\"font-weight: 400;\">Anualment s\u2019inaugura l\u2019<\/span><b>Exposici\u00f3 Arts &amp; Crafts al Castell Palau de la Bisbal d\u2019Empord\u00e0 <\/b><span style=\"font-weight: 400;\">on hi ha una mostra representativa dels treballs creats al llarg del curs.<\/span><\/p>\n<p>&nbsp;<\/p>\n","protected":false},"excerpt":{"rendered":"<p>El passat curs 2017-2018 el Departament d\u2019Ensenyament va iniciar el programa d\u2019innovaci\u00f3 pedag\u00f2gica Generaci\u00f3 Pluriling\u00fce (GEP). La finalitat d\u2019aquest programa \u00e9s millorar la compet\u00e8ncia en lleng\u00fces estrangeres de l\u2019alumnat, afavorint el seu creixement acad\u00e8mic i posterior inserci\u00f3 laboral, i capacitant-lo per interactuar amb el m\u00f3n&hellip;  <a href=\"https:\/\/agora.xtec.cat\/ceipjoandemargarit\/programes-dinnovacio-pedagogica\/gep\/\" title=\"Read GEP\">Llegeix m\u00e9s\u00bb<\/a><\/p>\n","protected":false},"author":1,"featured_media":0,"parent":3507,"menu_order":10,"comment_status":"closed","ping_status":"closed","template":"page-templates\/side-menu.php","meta":{"_bbp_topic_count":0,"_bbp_reply_count":0,"_bbp_total_topic_count":0,"_bbp_total_reply_count":0,"_bbp_voice_count":0,"_bbp_anonymous_reply_count":0,"_bbp_topic_count_hidden":0,"_bbp_reply_count_hidden":0,"_bbp_forum_subforum_count":0,"footnotes":""},"class_list":["post-3559","page","type-page","status-publish","hentry"],"post_mailing_queue_ids":[],"_links":{"self":[{"href":"https:\/\/agora.xtec.cat\/ceipjoandemargarit\/wp-json\/wp\/v2\/pages\/3559","targetHints":{"allow":["GET"]}}],"collection":[{"href":"https:\/\/agora.xtec.cat\/ceipjoandemargarit\/wp-json\/wp\/v2\/pages"}],"about":[{"href":"https:\/\/agora.xtec.cat\/ceipjoandemargarit\/wp-json\/wp\/v2\/types\/page"}],"author":[{"embeddable":true,"href":"https:\/\/agora.xtec.cat\/ceipjoandemargarit\/wp-json\/wp\/v2\/users\/1"}],"replies":[{"embeddable":true,"href":"https:\/\/agora.xtec.cat\/ceipjoandemargarit\/wp-json\/wp\/v2\/comments?post=3559"}],"version-history":[{"count":6,"href":"https:\/\/agora.xtec.cat\/ceipjoandemargarit\/wp-json\/wp\/v2\/pages\/3559\/revisions"}],"predecessor-version":[{"id":4148,"href":"https:\/\/agora.xtec.cat\/ceipjoandemargarit\/wp-json\/wp\/v2\/pages\/3559\/revisions\/4148"}],"up":[{"embeddable":true,"href":"https:\/\/agora.xtec.cat\/ceipjoandemargarit\/wp-json\/wp\/v2\/pages\/3507"}],"wp:attachment":[{"href":"https:\/\/agora.xtec.cat\/ceipjoandemargarit\/wp-json\/wp\/v2\/media?parent=3559"}],"curies":[{"name":"wp","href":"https:\/\/api.w.org\/{rel}","templated":true}]}}