{"id":3553,"date":"2024-01-27T21:11:35","date_gmt":"2024-01-27T20:11:35","guid":{"rendered":"https:\/\/agora.xtec.cat\/ceipjoandemargarit\/?page_id=3553"},"modified":"2024-02-27T20:22:17","modified_gmt":"2024-02-27T19:22:17","slug":"hort","status":"publish","type":"page","link":"https:\/\/agora.xtec.cat\/ceipjoandemargarit\/escola-verda\/hort\/","title":{"rendered":"L&#8217;hort"},"content":{"rendered":"<p><span style=\"font-weight: 400;\">El treball de l&#8217;hort a l&#8217;escola, \u00e9s la manera m\u00e9s adient d&#8217;oferir als nostres alumnes una educaci\u00f3 mediambiental, basada en la cura, respecte\u00a0 i defensa de la natura.<\/span><\/p>\n<p><span style=\"font-weight: 400;\">L\u2019hort a l\u2019escola tamb\u00e9 pot ajudar als infants a prendre consci\u00e8ncia de l&#8217;import\u00e0ncia de con\u00e8ixer i protegir els diversos ecosistemes naturals i\u00a0 valorar l\u2019esfor\u00e7,\u00a0 el treball en equip i\u00a0 la responsabilitat personal. Aporta una s\u00e8rie d\u2019estrat\u00e8gies gratificants i \u00faniques per a l\u2019alumnat i permet fer-lo servir per treballar amb alumnes de diferents edats i en diferents \u00e0rees curriculars. \u00c9<\/span><span style=\"font-weight: 400;\">s un projecte d\u2019escola on totes les comunitats, des dels petits, mitjans i grans hi participen.\u00a0<\/span><\/p>\n<p><span style=\"font-weight: 400;\">L\u2019hort ofereix un context idoni per aprendre a pensar, educar emocionalment, millorar les habilitats socials i promoure l\u2019inter\u00e8s per aprendre conceptes, habilitats i valors.<\/span><\/p>\n<table style=\"border-collapse: collapse; width: 100%;\">\n<tbody>\n<tr>\n<td style=\"width: 50%;\"><a href=\"https:\/\/agora.xtec.cat\/ceipjoandemargarit\/wp-content\/uploads\/usu2172\/2024\/02\/WhatsApp-Image-2024-02-21-at-19.20.47.jpeg\"><img loading=\"lazy\" decoding=\"async\" class=\"size-medium wp-image-3703 aligncenter\" src=\"https:\/\/agora.xtec.cat\/ceipjoandemargarit\/wp-content\/uploads\/usu2172\/2024\/02\/WhatsApp-Image-2024-02-21-at-19.20.47-300x259.jpeg\" alt=\"\" width=\"300\" height=\"259\" srcset=\"https:\/\/agora.xtec.cat\/ceipjoandemargarit\/wp-content\/uploads\/usu2172\/2024\/02\/WhatsApp-Image-2024-02-21-at-19.20.47-300x259.jpeg 300w, https:\/\/agora.xtec.cat\/ceipjoandemargarit\/wp-content\/uploads\/usu2172\/2024\/02\/WhatsApp-Image-2024-02-21-at-19.20.47-1024x883.jpeg 1024w, https:\/\/agora.xtec.cat\/ceipjoandemargarit\/wp-content\/uploads\/usu2172\/2024\/02\/WhatsApp-Image-2024-02-21-at-19.20.47-768x662.jpeg 768w, https:\/\/agora.xtec.cat\/ceipjoandemargarit\/wp-content\/uploads\/usu2172\/2024\/02\/WhatsApp-Image-2024-02-21-at-19.20.47-1536x1324.jpeg 1536w, https:\/\/agora.xtec.cat\/ceipjoandemargarit\/wp-content\/uploads\/usu2172\/2024\/02\/WhatsApp-Image-2024-02-21-at-19.20.47.jpeg 2048w\" sizes=\"auto, (max-width: 300px) 100vw, 300px\" \/><\/a><\/td>\n<td style=\"width: 50%;\"><a href=\"https:\/\/agora.xtec.cat\/ceipjoandemargarit\/wp-content\/uploads\/usu2172\/2024\/02\/WhatsApp-Image-2024-02-21-at-19.21.07.jpeg\"><img loading=\"lazy\" decoding=\"async\" class=\"aligncenter wp-image-3704\" src=\"https:\/\/agora.xtec.cat\/ceipjoandemargarit\/wp-content\/uploads\/usu2172\/2024\/02\/WhatsApp-Image-2024-02-21-at-19.21.07-300x300.jpeg\" alt=\"\" width=\"262\" height=\"262\" srcset=\"https:\/\/agora.xtec.cat\/ceipjoandemargarit\/wp-content\/uploads\/usu2172\/2024\/02\/WhatsApp-Image-2024-02-21-at-19.21.07-300x300.jpeg 300w, https:\/\/agora.xtec.cat\/ceipjoandemargarit\/wp-content\/uploads\/usu2172\/2024\/02\/WhatsApp-Image-2024-02-21-at-19.21.07-1024x1024.jpeg 1024w, https:\/\/agora.xtec.cat\/ceipjoandemargarit\/wp-content\/uploads\/usu2172\/2024\/02\/WhatsApp-Image-2024-02-21-at-19.21.07-150x150.jpeg 150w, https:\/\/agora.xtec.cat\/ceipjoandemargarit\/wp-content\/uploads\/usu2172\/2024\/02\/WhatsApp-Image-2024-02-21-at-19.21.07-768x768.jpeg 768w, https:\/\/agora.xtec.cat\/ceipjoandemargarit\/wp-content\/uploads\/usu2172\/2024\/02\/WhatsApp-Image-2024-02-21-at-19.21.07-1536x1536.jpeg 1536w, https:\/\/agora.xtec.cat\/ceipjoandemargarit\/wp-content\/uploads\/usu2172\/2024\/02\/WhatsApp-Image-2024-02-21-at-19.21.07.jpeg 2048w\" sizes=\"auto, (max-width: 262px) 100vw, 262px\" \/><\/a><\/td>\n<\/tr>\n<tr>\n<td style=\"width: 50%;\"><a href=\"https:\/\/agora.xtec.cat\/ceipjoandemargarit\/wp-content\/uploads\/usu2172\/2024\/02\/WhatsApp-Image-2024-02-23-at-16.43.24.jpeg\"><img loading=\"lazy\" decoding=\"async\" class=\"size-medium wp-image-3727 aligncenter\" src=\"https:\/\/agora.xtec.cat\/ceipjoandemargarit\/wp-content\/uploads\/usu2172\/2024\/02\/WhatsApp-Image-2024-02-23-at-16.43.24-300x225.jpeg\" alt=\"\" width=\"300\" height=\"225\" srcset=\"https:\/\/agora.xtec.cat\/ceipjoandemargarit\/wp-content\/uploads\/usu2172\/2024\/02\/WhatsApp-Image-2024-02-23-at-16.43.24-300x225.jpeg 300w, https:\/\/agora.xtec.cat\/ceipjoandemargarit\/wp-content\/uploads\/usu2172\/2024\/02\/WhatsApp-Image-2024-02-23-at-16.43.24-1024x768.jpeg 1024w, https:\/\/agora.xtec.cat\/ceipjoandemargarit\/wp-content\/uploads\/usu2172\/2024\/02\/WhatsApp-Image-2024-02-23-at-16.43.24-768x576.jpeg 768w, https:\/\/agora.xtec.cat\/ceipjoandemargarit\/wp-content\/uploads\/usu2172\/2024\/02\/WhatsApp-Image-2024-02-23-at-16.43.24-1536x1152.jpeg 1536w, https:\/\/agora.xtec.cat\/ceipjoandemargarit\/wp-content\/uploads\/usu2172\/2024\/02\/WhatsApp-Image-2024-02-23-at-16.43.24-200x150.jpeg 200w, https:\/\/agora.xtec.cat\/ceipjoandemargarit\/wp-content\/uploads\/usu2172\/2024\/02\/WhatsApp-Image-2024-02-23-at-16.43.24.jpeg 2048w\" sizes=\"auto, (max-width: 300px) 100vw, 300px\" \/><\/a><\/td>\n<td style=\"width: 50%;\"><a href=\"https:\/\/agora.xtec.cat\/ceipjoandemargarit\/wp-content\/uploads\/usu2172\/2024\/02\/WhatsApp-Image-2024-02-23-at-16.43.23.jpeg\"><img loading=\"lazy\" decoding=\"async\" class=\"aligncenter wp-image-3728\" src=\"https:\/\/agora.xtec.cat\/ceipjoandemargarit\/wp-content\/uploads\/usu2172\/2024\/02\/WhatsApp-Image-2024-02-23-at-16.43.23-225x300.jpeg\" alt=\"\" width=\"176\" height=\"234\" srcset=\"https:\/\/agora.xtec.cat\/ceipjoandemargarit\/wp-content\/uploads\/usu2172\/2024\/02\/WhatsApp-Image-2024-02-23-at-16.43.23-225x300.jpeg 225w, https:\/\/agora.xtec.cat\/ceipjoandemargarit\/wp-content\/uploads\/usu2172\/2024\/02\/WhatsApp-Image-2024-02-23-at-16.43.23-768x1024.jpeg 768w, https:\/\/agora.xtec.cat\/ceipjoandemargarit\/wp-content\/uploads\/usu2172\/2024\/02\/WhatsApp-Image-2024-02-23-at-16.43.23-1152x1536.jpeg 1152w, https:\/\/agora.xtec.cat\/ceipjoandemargarit\/wp-content\/uploads\/usu2172\/2024\/02\/WhatsApp-Image-2024-02-23-at-16.43.23.jpeg 1536w\" sizes=\"auto, (max-width: 176px) 100vw, 176px\" \/><\/a><\/td>\n<\/tr>\n<\/tbody>\n<\/table>\n<p>&nbsp;<\/p>\n","protected":false},"excerpt":{"rendered":"<p>El treball de l&#8217;hort a l&#8217;escola, \u00e9s la manera m\u00e9s adient d&#8217;oferir als nostres alumnes una educaci\u00f3 mediambiental, basada en la cura, respecte\u00a0 i defensa de la natura.<br \/>\nL\u2019hort a l\u2019escola tamb\u00e9 pot ajudar als infants a prendre consci\u00e8ncia de l&#8217;import\u00e0ncia de con\u00e8ixer i protegir els&hellip;  <a href=\"https:\/\/agora.xtec.cat\/ceipjoandemargarit\/escola-verda\/hort\/\" title=\"Read L&#8217;hort\">Llegeix m\u00e9s\u00bb<\/a><\/p>\n","protected":false},"author":1,"featured_media":0,"parent":3503,"menu_order":10,"comment_status":"closed","ping_status":"closed","template":"page-templates\/side-menu.php","meta":{"_bbp_topic_count":0,"_bbp_reply_count":0,"_bbp_total_topic_count":0,"_bbp_total_reply_count":0,"_bbp_voice_count":0,"_bbp_anonymous_reply_count":0,"_bbp_topic_count_hidden":0,"_bbp_reply_count_hidden":0,"_bbp_forum_subforum_count":0,"footnotes":""},"class_list":["post-3553","page","type-page","status-publish","hentry"],"post_mailing_queue_ids":[],"_links":{"self":[{"href":"https:\/\/agora.xtec.cat\/ceipjoandemargarit\/wp-json\/wp\/v2\/pages\/3553","targetHints":{"allow":["GET"]}}],"collection":[{"href":"https:\/\/agora.xtec.cat\/ceipjoandemargarit\/wp-json\/wp\/v2\/pages"}],"about":[{"href":"https:\/\/agora.xtec.cat\/ceipjoandemargarit\/wp-json\/wp\/v2\/types\/page"}],"author":[{"embeddable":true,"href":"https:\/\/agora.xtec.cat\/ceipjoandemargarit\/wp-json\/wp\/v2\/users\/1"}],"replies":[{"embeddable":true,"href":"https:\/\/agora.xtec.cat\/ceipjoandemargarit\/wp-json\/wp\/v2\/comments?post=3553"}],"version-history":[{"count":5,"href":"https:\/\/agora.xtec.cat\/ceipjoandemargarit\/wp-json\/wp\/v2\/pages\/3553\/revisions"}],"predecessor-version":[{"id":3730,"href":"https:\/\/agora.xtec.cat\/ceipjoandemargarit\/wp-json\/wp\/v2\/pages\/3553\/revisions\/3730"}],"up":[{"embeddable":true,"href":"https:\/\/agora.xtec.cat\/ceipjoandemargarit\/wp-json\/wp\/v2\/pages\/3503"}],"wp:attachment":[{"href":"https:\/\/agora.xtec.cat\/ceipjoandemargarit\/wp-json\/wp\/v2\/media?parent=3553"}],"curies":[{"name":"wp","href":"https:\/\/api.w.org\/{rel}","templated":true}]}}