{"id":3547,"date":"2024-01-27T20:42:36","date_gmt":"2024-01-27T19:42:36","guid":{"rendered":"https:\/\/agora.xtec.cat\/ceipjoandemargarit\/?page_id=3547"},"modified":"2024-06-26T17:21:33","modified_gmt":"2024-06-26T15:21:33","slug":"apadrinament-lector","status":"publish","type":"page","link":"https:\/\/agora.xtec.cat\/ceipjoandemargarit\/apadrinament-lector\/","title":{"rendered":"Apadrinament lector"},"content":{"rendered":"<p><span style=\"font-weight: 400;\">Gr\u00e0cies al projecte Padrins Lectors, cada dijous primer de mes els alumnes de la Comunitat de Grans apadrinaran a un alumne de la Comunitat de Mitjans per tal de que practiquin la lectura durant 30 minuts. L&#8217;alumnat m\u00e9s gran far\u00e0 de mentor i modelar\u00e0 la lectura del seu fillol lector.<\/span><\/p>\n<p><a href=\"https:\/\/drive.google.com\/file\/d\/1GoPxmntns9R-r_CQmkCvesANzxCJ4SPB\/view?usp=sharing\" target=\"_blank\" rel=\"noopener\">APADRINAMENT LECTOR<\/a><\/p>\n<p>&nbsp;<\/p>\n<table style=\"border-collapse: collapse; width: 100%;\">\n<tbody>\n<tr>\n<td style=\"width: 50%;\"><a href=\"https:\/\/agora.xtec.cat\/ceipjoandemargarit\/wp-content\/uploads\/usu2172\/2022\/11\/WhatsApp-Image-2022-11-10-at-13.39.37-3-1.jpeg\"><img loading=\"lazy\" decoding=\"async\" class=\"aligncenter wp-image-2680\" src=\"https:\/\/agora.xtec.cat\/ceipjoandemargarit\/wp-content\/uploads\/usu2172\/2022\/11\/WhatsApp-Image-2022-11-10-at-13.39.37-3-1-150x150.jpeg\" alt=\"\" width=\"183\" height=\"183\" \/><\/a><\/td>\n<td style=\"width: 50%;\"><a href=\"https:\/\/agora.xtec.cat\/ceipjoandemargarit\/wp-content\/uploads\/usu2172\/2022\/11\/WhatsApp-Image-2022-11-10-at-13.39.37-4-1.jpeg\"><img loading=\"lazy\" decoding=\"async\" class=\"aligncenter wp-image-2679\" src=\"https:\/\/agora.xtec.cat\/ceipjoandemargarit\/wp-content\/uploads\/usu2172\/2022\/11\/WhatsApp-Image-2022-11-10-at-13.39.37-4-1-150x150.jpeg\" alt=\"\" width=\"186\" height=\"186\" \/><\/a><\/td>\n<\/tr>\n<tr>\n<td style=\"width: 50%;\"><span style=\"color: #ffffff;\"><a style=\"color: #ffffff;\" href=\"https:\/\/agora.xtec.cat\/ceipjoandemargarit\/wp-content\/uploads\/usu2172\/2022\/11\/WhatsApp-Image-2022-11-10-at-13.39.37-1-1.jpeg\"><img loading=\"lazy\" decoding=\"async\" class=\"aligncenter wp-image-2682\" src=\"https:\/\/agora.xtec.cat\/ceipjoandemargarit\/wp-content\/uploads\/usu2172\/2022\/11\/WhatsApp-Image-2022-11-10-at-13.39.37-1-1-150x150.jpeg\" alt=\"\" width=\"187\" height=\"187\" \/><\/a><\/span><\/td>\n<td style=\"width: 50%;\"><span style=\"color: #ffffff;\"><a style=\"color: #ffffff;\" href=\"https:\/\/agora.xtec.cat\/ceipjoandemargarit\/wp-content\/uploads\/usu2172\/2022\/11\/WhatsApp-Image-2022-11-10-at-13.39.37-6.jpeg\"><img loading=\"lazy\" decoding=\"async\" class=\"aligncenter wp-image-2675\" src=\"https:\/\/agora.xtec.cat\/ceipjoandemargarit\/wp-content\/uploads\/usu2172\/2022\/11\/WhatsApp-Image-2022-11-10-at-13.39.37-6-150x150.jpeg\" alt=\"\" width=\"186\" height=\"186\" \/><\/a><\/span><\/td>\n<\/tr>\n<\/tbody>\n<\/table>\n","protected":false},"excerpt":{"rendered":"<p>Gr\u00e0cies al projecte Padrins Lectors, cada dijous primer de mes els alumnes de la Comunitat de Grans apadrinaran a un alumne de la Comunitat de Mitjans per tal de que practiquin la lectura durant 30 minuts. L&#8217;alumnat m\u00e9s gran far\u00e0 de mentor i modelar\u00e0 la&hellip;  <a href=\"https:\/\/agora.xtec.cat\/ceipjoandemargarit\/apadrinament-lector\/\" title=\"Read Apadrinament lector\">Llegeix m\u00e9s\u00bb<\/a><\/p>\n","protected":false},"author":1,"featured_media":0,"parent":0,"menu_order":0,"comment_status":"closed","ping_status":"closed","template":"","meta":{"_bbp_topic_count":0,"_bbp_reply_count":0,"_bbp_total_topic_count":0,"_bbp_total_reply_count":0,"_bbp_voice_count":0,"_bbp_anonymous_reply_count":0,"_bbp_topic_count_hidden":0,"_bbp_reply_count_hidden":0,"_bbp_forum_subforum_count":0,"footnotes":""},"class_list":["post-3547","page","type-page","status-publish","hentry"],"post_mailing_queue_ids":[],"_links":{"self":[{"href":"https:\/\/agora.xtec.cat\/ceipjoandemargarit\/wp-json\/wp\/v2\/pages\/3547","targetHints":{"allow":["GET"]}}],"collection":[{"href":"https:\/\/agora.xtec.cat\/ceipjoandemargarit\/wp-json\/wp\/v2\/pages"}],"about":[{"href":"https:\/\/agora.xtec.cat\/ceipjoandemargarit\/wp-json\/wp\/v2\/types\/page"}],"author":[{"embeddable":true,"href":"https:\/\/agora.xtec.cat\/ceipjoandemargarit\/wp-json\/wp\/v2\/users\/1"}],"replies":[{"embeddable":true,"href":"https:\/\/agora.xtec.cat\/ceipjoandemargarit\/wp-json\/wp\/v2\/comments?post=3547"}],"version-history":[{"count":3,"href":"https:\/\/agora.xtec.cat\/ceipjoandemargarit\/wp-json\/wp\/v2\/pages\/3547\/revisions"}],"predecessor-version":[{"id":3861,"href":"https:\/\/agora.xtec.cat\/ceipjoandemargarit\/wp-json\/wp\/v2\/pages\/3547\/revisions\/3861"}],"wp:attachment":[{"href":"https:\/\/agora.xtec.cat\/ceipjoandemargarit\/wp-json\/wp\/v2\/media?parent=3547"}],"curies":[{"name":"wp","href":"https:\/\/api.w.org\/{rel}","templated":true}]}}