{"id":3544,"date":"2024-01-27T20:34:41","date_gmt":"2024-01-27T19:34:41","guid":{"rendered":"https:\/\/agora.xtec.cat\/ceipjoandemargarit\/?page_id=3544"},"modified":"2025-11-20T13:41:22","modified_gmt":"2025-11-20T12:41:22","slug":"ambients-a-la-comunitat-de-petits","status":"publish","type":"page","link":"https:\/\/agora.xtec.cat\/ceipjoandemargarit\/projectes-activitats\/ambients-a-la-comunitat-de-petits\/","title":{"rendered":"Ambients a Educaci\u00f3 infantil"},"content":{"rendered":"<p>Els ambients d\u2019aprenentatge s\u00f3n espais educatius organitzats per tal que els infants experimentin, explorin i aprenguin aut\u00f2nomament, a partir de propostes significatives i manipulatives. Els objectius d&#8217;aquesta metodologia s\u00f3n:<\/p>\n<ul>\n<li data-start=\"669\" data-end=\"720\">\n<p data-start=\"671\" data-end=\"720\">Fomentar l\u2019<strong data-start=\"682\" data-end=\"695\">autonomia<\/strong> i la presa de decisions.<\/p>\n<\/li>\n<li data-start=\"721\" data-end=\"780\">\n<p data-start=\"723\" data-end=\"780\">Afavorir el <strong data-start=\"735\" data-end=\"752\">joc espontani<\/strong> com a motor d\u2019aprenentatge.<\/p>\n<\/li>\n<li data-start=\"781\" data-end=\"845\">\n<p data-start=\"783\" data-end=\"845\">Desenvolupar la <strong data-start=\"799\" data-end=\"813\">cooperaci\u00f3<\/strong>, el respecte i l\u2019autoregulaci\u00f3.<\/p>\n<\/li>\n<li data-start=\"846\" data-end=\"903\">\n<p data-start=\"848\" data-end=\"903\">Oferir aprenentatges <strong data-start=\"869\" data-end=\"883\">vivencials<\/strong> i <strong data-start=\"886\" data-end=\"902\">globalitzats<\/strong>.<\/p>\n<\/li>\n<li data-start=\"904\" data-end=\"970\">\n<p data-start=\"906\" data-end=\"970\">Atendre la <strong data-start=\"917\" data-end=\"931\">diversitat<\/strong> i els diferents ritmes d\u2019aprenentatge.<\/p>\n<\/li>\n<li data-start=\"971\" data-end=\"1024\">\n<p data-start=\"973\" data-end=\"1024\">Potenciar la <strong data-start=\"986\" data-end=\"1001\">creativitat<\/strong> i el pensament cr\u00edtic.<\/p>\n<\/li>\n<\/ul>\n<p><span style=\"color: #000000;\">Cada infant podr\u00e0 escollir on vol anar, de manera que el grup quedar\u00e0 barrejat per edats (i3, i4, i5). En als ambients s&#8217;ofereixen propostes m\u00e9s lliures. <\/span><span style=\"color: #000000;\">Els ambients es fan tres dies a les tardes i s\u00f3n els seg\u00fcents:<\/span><\/p>\n<p><img loading=\"lazy\" decoding=\"async\" class=\"aligncenter wp-image-4402 size-medium\" src=\"https:\/\/agora.xtec.cat\/ceipjoandemargarit\/wp-content\/uploads\/usu2172\/2025\/11\/CA-LARTISTA-CAN-PER-QUE-CA-LA-PECA-CAN-MARGARIT-CAN-BALDUFA-300x212.jpg\" alt=\"\" width=\"300\" height=\"212\" srcset=\"https:\/\/agora.xtec.cat\/ceipjoandemargarit\/wp-content\/uploads\/usu2172\/2025\/11\/CA-LARTISTA-CAN-PER-QUE-CA-LA-PECA-CAN-MARGARIT-CAN-BALDUFA-300x212.jpg 300w, https:\/\/agora.xtec.cat\/ceipjoandemargarit\/wp-content\/uploads\/usu2172\/2025\/11\/CA-LARTISTA-CAN-PER-QUE-CA-LA-PECA-CAN-MARGARIT-CAN-BALDUFA-1024x724.jpg 1024w, https:\/\/agora.xtec.cat\/ceipjoandemargarit\/wp-content\/uploads\/usu2172\/2025\/11\/CA-LARTISTA-CAN-PER-QUE-CA-LA-PECA-CAN-MARGARIT-CAN-BALDUFA-768x543.jpg 768w, https:\/\/agora.xtec.cat\/ceipjoandemargarit\/wp-content\/uploads\/usu2172\/2025\/11\/CA-LARTISTA-CAN-PER-QUE-CA-LA-PECA-CAN-MARGARIT-CAN-BALDUFA-1536x1086.jpg 1536w, https:\/\/agora.xtec.cat\/ceipjoandemargarit\/wp-content\/uploads\/usu2172\/2025\/11\/CA-LARTISTA-CAN-PER-QUE-CA-LA-PECA-CAN-MARGARIT-CAN-BALDUFA.jpg 2000w\" sizes=\"auto, (max-width: 300px) 100vw, 300px\" \/><\/p>\n","protected":false},"excerpt":{"rendered":"<p>Els ambients d\u2019aprenentatge s\u00f3n espais educatius organitzats per tal que els infants experimentin, explorin i aprenguin aut\u00f2nomament, a partir de propostes significatives i manipulatives. Els objectius d&#8217;aquesta metodologia s\u00f3n:<\/p>\n<ul>\n<li data-start=\"669\" data-end=\"720\">\nFomentar l\u2019autonomia i la presa de decisions.\n<\/li>\n<li data-start=\"721\" data-end=\"780\">\nAfavorir el joc espontani com a motor&hellip;  <a href=\"https:\/\/agora.xtec.cat\/ceipjoandemargarit\/projectes-activitats\/ambients-a-la-comunitat-de-petits\/\" title=\"Read Ambients a Educaci\u00f3 infantil\">Llegeix m\u00e9s\u00bb<\/a><\/p>\n","protected":false},"author":1,"featured_media":0,"parent":566,"menu_order":90,"comment_status":"closed","ping_status":"closed","template":"page-templates\/side-menu.php","meta":{"_bbp_topic_count":0,"_bbp_reply_count":0,"_bbp_total_topic_count":0,"_bbp_total_reply_count":0,"_bbp_voice_count":0,"_bbp_anonymous_reply_count":0,"_bbp_topic_count_hidden":0,"_bbp_reply_count_hidden":0,"_bbp_forum_subforum_count":0,"footnotes":""},"class_list":["post-3544","page","type-page","status-publish","hentry"],"post_mailing_queue_ids":[],"_links":{"self":[{"href":"https:\/\/agora.xtec.cat\/ceipjoandemargarit\/wp-json\/wp\/v2\/pages\/3544","targetHints":{"allow":["GET"]}}],"collection":[{"href":"https:\/\/agora.xtec.cat\/ceipjoandemargarit\/wp-json\/wp\/v2\/pages"}],"about":[{"href":"https:\/\/agora.xtec.cat\/ceipjoandemargarit\/wp-json\/wp\/v2\/types\/page"}],"author":[{"embeddable":true,"href":"https:\/\/agora.xtec.cat\/ceipjoandemargarit\/wp-json\/wp\/v2\/users\/1"}],"replies":[{"embeddable":true,"href":"https:\/\/agora.xtec.cat\/ceipjoandemargarit\/wp-json\/wp\/v2\/comments?post=3544"}],"version-history":[{"count":6,"href":"https:\/\/agora.xtec.cat\/ceipjoandemargarit\/wp-json\/wp\/v2\/pages\/3544\/revisions"}],"predecessor-version":[{"id":4405,"href":"https:\/\/agora.xtec.cat\/ceipjoandemargarit\/wp-json\/wp\/v2\/pages\/3544\/revisions\/4405"}],"up":[{"embeddable":true,"href":"https:\/\/agora.xtec.cat\/ceipjoandemargarit\/wp-json\/wp\/v2\/pages\/566"}],"wp:attachment":[{"href":"https:\/\/agora.xtec.cat\/ceipjoandemargarit\/wp-json\/wp\/v2\/media?parent=3544"}],"curies":[{"name":"wp","href":"https:\/\/api.w.org\/{rel}","templated":true}]}}