{"id":3511,"date":"2024-01-26T10:36:11","date_gmt":"2024-01-26T09:36:11","guid":{"rendered":"https:\/\/agora.xtec.cat\/ceipjoandemargarit\/?page_id=3511"},"modified":"2024-03-04T19:36:05","modified_gmt":"2024-03-04T18:36:05","slug":"lecxit","status":"publish","type":"page","link":"https:\/\/agora.xtec.cat\/ceipjoandemargarit\/projectes-activitats-entorn\/lecxit\/","title":{"rendered":"LECXIT"},"content":{"rendered":"<p style=\"text-align: center;\"><b><span style=\"color: #ff6600;\">LECTURA PER A L&#8217;\u00c8XIT EDUCATIU<\/span><\/b><\/p>\n<p style=\"text-align: justify;\"><span style=\"font-weight: 400;\">Lecxit \u00e9s un programa de la\u00a0<\/span><a href=\"https:\/\/fundaciobofill.cat\/\"><b>Fundaci\u00f3 Bofill<\/b><\/a><span style=\"font-weight: 400;\">\u00a0que t\u00e9 per objectiu impulsar l\u2019\u00e8xit educatiu a trav\u00e9s de la millora de la comprensi\u00f3 lectora.\u00a0<\/span><\/p>\n<p style=\"text-align: justify;\"><span style=\"font-weight: 400;\">Des del projecte tenim el repte de garantir que tot l&#8217;alumnat finalitza l&#8217;etapa de prim\u00e0ria amb un nivell de compet\u00e8ncia lectora que els asseguri el seu desenvolupament educatiu i social.<\/span><\/p>\n<p style=\"text-align: justify;\"><span style=\"font-weight: 400;\">Per fer-ho comptem amb una xarxa de 238 centres educatius, biblioteques i entitats socials on m\u00e9s de 1.636 voluntaris acompanyen individualment a un infant per a esdevenir un lector orgull\u00f3s, segur, entusiasmat\u00a0amb l&#8217;aprenentatge i preparat per a l&#8217;\u00e8xit educatiu.<\/span><\/p>\n<p>&nbsp;<\/p>\n<p><span style=\"color: #ff6600;\"><b>ACOMPANYAMENT LECTOR<\/b><\/span><\/p>\n<p style=\"text-align: justify;\"><span style=\"font-weight: 400;\">Lecxit aprofita el poder i el comprom\u00eds de la ciutadania per proporcionar a cada infant un mentor que l\u2019acompanya setmanalment, a esdevenir un lector orgull\u00f3s, segur, entusiasmat\u00a0amb l&#8217;aprenentatge i preparat per a l&#8217;\u00e8xit educatiu.<\/span><\/p>\n<p style=\"text-align: justify;\"><span style=\"font-weight: 400;\">La mentoria 1&#215;1 (un infant i un voluntari\/\u00e0ria) ens permet adaptar-nos al nivell, caracter\u00edstiques i interessos de l\u2019infant.<\/span><\/p>\n<p style=\"text-align: justify;\"><span style=\"font-weight: 400;\">El punt fort del voluntariat \u00e9s saber escoltar i\u00a0empatitzar\u00a0amb els infants, transmetre la seva passi\u00f3 lectora, compartir l\u2019experi\u00e8ncia de descoberta i la complicitat s\u00f3n una porta d\u2019entrada al seu m\u00f3n.<\/span><\/p>\n<p>&nbsp;<\/p>\n<p><span style=\"color: #ff6600;\"><b>EL PAPER DE LA FAM\u00cdLIA<\/b><\/span><\/p>\n<p style=\"text-align: justify;\"><span style=\"font-weight: 400;\">Tenim el repte i el deure d\u2019oferir oportunitats i acompanyament lector amb les metodologies que ja coneixem quan l\u2019entorn familiar i comunitari no \u00e9s suficient. La implicaci\u00f3 de la fam\u00edlia \u00e9s un factor determinant per a desenvolupar el gust per la lectura i l\u2019h\u00e0bit lector dels fills i filles. El suport que poden oferir des de casa \u00e9s afectiu, de proximitat, quotidi\u00e0, i permet veure i viure la lectura com quelcom necessari per al creixement intel\u00b7lectual de totes les persones.\u00a0<\/span><\/p>\n<p style=\"text-align: justify;\"><span style=\"font-weight: 400;\">Petites actuacions com les que proposem s\u00f3n determinants per a fomentar la lectura des de casa.<\/span><\/p>\n<p>&nbsp;<\/p>\n<p><span style=\"color: #ff6600;\"><b>TRETS DIFERENCIALS<\/b><\/span><\/p>\n<p style=\"text-align: justify;\"><span style=\"font-weight: 400;\">El programa LECXIT (Lectura per a l\u2019\u00e8xit educatiu) iniciat i promogut per la Fundaci\u00f3 Jaume Bofill t\u00e9 uns trets caracter\u00edstics: fomentar el gust per la lectura i millorar la comprensi\u00f3 lectora sobretot d\u2019aquells estudiants de 9 o 10 anys els quals no hi mostren massa inter\u00e8s.<\/span><\/p>\n<p style=\"text-align: justify;\"><span style=\"font-weight: 400;\">La Fundaci\u00f3 Josep Pallach, a partir dels seus trets fonamentals ha promogut un model propi. Es parteix de tres eixos:<\/span><\/p>\n<ol>\n<li style=\"font-weight: 400; text-align: justify;\" aria-level=\"1\"><span style=\"font-weight: 400;\">MUNICIPI. Implicaci\u00f3 m\u00e0xima de tots els agents del municipi: el propi ajuntament, biblioteca, fundacions, entitats,\u2026<\/span><\/li>\n<li style=\"font-weight: 400; text-align: justify;\" aria-level=\"1\"><span style=\"font-weight: 400;\">ESCOLES DEL MUNICIPI. Implicaci\u00f3 de tots els centres escolars: referents de centre, la pr\u00f2pia escola com a lloc habitual on fer les sessions del LECXIT fora d\u2019horari escolar, el centre fer la selecci\u00f3 dels possibles candidats, l\u2019escola proposar-ho a les fam\u00edlies com un ajut extern m\u00e9s i gratu\u00eft, lligams referent de cada escola amb el voluntari coordinador respectiu del LECXIT a l\u2019escola,\u2026<\/span><\/li>\n<li style=\"font-weight: 400; text-align: justify;\" aria-level=\"1\"><span style=\"font-weight: 400;\">EL VOLUNTARIAT. Implicaci\u00f3 m\u00e0xima de tots els que potencialment poden intervenir-hi, des dels 17 anys\u00a0 (estudiants de 1r de batxillerat)\u00a0 fins a persones potser molt grans en edat cronol\u00f2gica,\u00a0 per\u00f2 amb el denominador com\u00fa de ser entusiastes de la lectura i que tenen ganes de contagiar-ho als destinataris.<\/span><\/li>\n<\/ol>\n<p><a href=\"https:\/\/agora.xtec.cat\/ceipjoandemargarit\/wp-content\/uploads\/usu2172\/2024\/03\/WhatsApp-Image-2024-03-04-at-11.59.34.jpeg\"><img loading=\"lazy\" decoding=\"async\" class=\"aligncenter size-medium wp-image-3736\" src=\"https:\/\/agora.xtec.cat\/ceipjoandemargarit\/wp-content\/uploads\/usu2172\/2024\/03\/WhatsApp-Image-2024-03-04-at-11.59.34-300x225.jpeg\" alt=\"\" width=\"300\" height=\"225\" srcset=\"https:\/\/agora.xtec.cat\/ceipjoandemargarit\/wp-content\/uploads\/usu2172\/2024\/03\/WhatsApp-Image-2024-03-04-at-11.59.34-300x225.jpeg 300w, https:\/\/agora.xtec.cat\/ceipjoandemargarit\/wp-content\/uploads\/usu2172\/2024\/03\/WhatsApp-Image-2024-03-04-at-11.59.34-1024x768.jpeg 1024w, https:\/\/agora.xtec.cat\/ceipjoandemargarit\/wp-content\/uploads\/usu2172\/2024\/03\/WhatsApp-Image-2024-03-04-at-11.59.34-768x576.jpeg 768w, https:\/\/agora.xtec.cat\/ceipjoandemargarit\/wp-content\/uploads\/usu2172\/2024\/03\/WhatsApp-Image-2024-03-04-at-11.59.34-1536x1152.jpeg 1536w, https:\/\/agora.xtec.cat\/ceipjoandemargarit\/wp-content\/uploads\/usu2172\/2024\/03\/WhatsApp-Image-2024-03-04-at-11.59.34-200x150.jpeg 200w, https:\/\/agora.xtec.cat\/ceipjoandemargarit\/wp-content\/uploads\/usu2172\/2024\/03\/WhatsApp-Image-2024-03-04-at-11.59.34.jpeg 2000w\" sizes=\"auto, (max-width: 300px) 100vw, 300px\" \/><\/a><\/p>\n<p style=\"text-align: right;\"><span style=\"font-weight: 400;\">\u00a0 \u00a0 \u00a0 \u00a0 \u00a0 \u00a0 \u00a0 \u00a0 \u00a0 \u00a0 \u00a0 \u00a0 \u00a0 \u00a0 \u00a0 \u00a0 \u00a0 \u00a0 \u00a0 \u00a0 \u00a0 \u00a0 \u00a0 \u00a0 \u00a0 \u00a0 \u00a0 \u00a0 \u00a0 \u00a0 \u00a0 \u00a0 \u00a0 \u00a0 \u00a0 \u00a0 \u00a0 \u00a0 \u00a0 Per m\u00e9s informaci\u00f3\u00a0 <\/span><a href=\"https:\/\/lecxit.cat\/\"><span style=\"font-weight: 400;\">https:\/\/lecxit.cat\/<\/span><\/a><\/p>\n","protected":false},"excerpt":{"rendered":"<p>LECTURA PER A L&#8217;\u00c8XIT EDUCATIU<br \/>\nLecxit \u00e9s un programa de la\u00a0<a href=\"https:\/\/fundaciobofill.cat\/\">Fundaci\u00f3 Bofill<\/a>\u00a0que t\u00e9 per objectiu impulsar l\u2019\u00e8xit educatiu a trav\u00e9s de la millora de la comprensi\u00f3 lectora.\u00a0<br \/>\nDes del projecte tenim el repte de garantir que tot l&#8217;alumnat finalitza l&#8217;etapa de prim\u00e0ria amb un nivell de&hellip;  <a href=\"https:\/\/agora.xtec.cat\/ceipjoandemargarit\/projectes-activitats-entorn\/lecxit\/\" title=\"Read LECXIT\">Llegeix m\u00e9s\u00bb<\/a><\/p>\n","protected":false},"author":1,"featured_media":0,"parent":3488,"menu_order":10,"comment_status":"closed","ping_status":"closed","template":"page-templates\/side-menu.php","meta":{"_bbp_topic_count":0,"_bbp_reply_count":0,"_bbp_total_topic_count":0,"_bbp_total_reply_count":0,"_bbp_voice_count":0,"_bbp_anonymous_reply_count":0,"_bbp_topic_count_hidden":0,"_bbp_reply_count_hidden":0,"_bbp_forum_subforum_count":0,"footnotes":""},"class_list":["post-3511","page","type-page","status-publish","hentry"],"post_mailing_queue_ids":[],"_links":{"self":[{"href":"https:\/\/agora.xtec.cat\/ceipjoandemargarit\/wp-json\/wp\/v2\/pages\/3511","targetHints":{"allow":["GET"]}}],"collection":[{"href":"https:\/\/agora.xtec.cat\/ceipjoandemargarit\/wp-json\/wp\/v2\/pages"}],"about":[{"href":"https:\/\/agora.xtec.cat\/ceipjoandemargarit\/wp-json\/wp\/v2\/types\/page"}],"author":[{"embeddable":true,"href":"https:\/\/agora.xtec.cat\/ceipjoandemargarit\/wp-json\/wp\/v2\/users\/1"}],"replies":[{"embeddable":true,"href":"https:\/\/agora.xtec.cat\/ceipjoandemargarit\/wp-json\/wp\/v2\/comments?post=3511"}],"version-history":[{"count":7,"href":"https:\/\/agora.xtec.cat\/ceipjoandemargarit\/wp-json\/wp\/v2\/pages\/3511\/revisions"}],"predecessor-version":[{"id":3739,"href":"https:\/\/agora.xtec.cat\/ceipjoandemargarit\/wp-json\/wp\/v2\/pages\/3511\/revisions\/3739"}],"up":[{"embeddable":true,"href":"https:\/\/agora.xtec.cat\/ceipjoandemargarit\/wp-json\/wp\/v2\/pages\/3488"}],"wp:attachment":[{"href":"https:\/\/agora.xtec.cat\/ceipjoandemargarit\/wp-json\/wp\/v2\/media?parent=3511"}],"curies":[{"name":"wp","href":"https:\/\/api.w.org\/{rel}","templated":true}]}}