{"id":2937,"date":"2023-04-20T13:19:55","date_gmt":"2023-04-20T11:19:55","guid":{"rendered":"https:\/\/agora.xtec.cat\/ceipjoandemargarit\/?page_id=2937"},"modified":"2025-03-24T16:59:21","modified_gmt":"2025-03-24T15:59:21","slug":"pla-lector","status":"publish","type":"page","link":"https:\/\/agora.xtec.cat\/ceipjoandemargarit\/lescola\/documents\/pla-lector\/","title":{"rendered":"Pla Lector"},"content":{"rendered":"<p style=\"text-align: justify;\">El Pla lector garanteix un m\u00ednim de 30 minuts diaris a la lectura durant tota l&#8217;etapa d&#8217;educaci\u00f3 prim\u00e0ria. L&#8217;objectiu del Pla lector \u00e9s assegurar l&#8217;aprenentatge de la lectura, afavorir el gust per la lectura i desenvolupar la lectura com a mitj\u00e0 d&#8217;aprenentatge.<\/p>\n<p><img decoding=\"async\" src=\"https:\/\/encrypted-tbn0.gstatic.com\/images?q=tbn:ANd9GcTaufuIhy1WOOUj9pYg4tAnIG_BAEeUEWUOyw&amp;s\" alt=\"5 cuentos cortos para aprender a leer en la infancia\" \/><\/p>\n<p style=\"text-align: justify;\">Pots veure l&#8217;esquema del<a href=\"https:\/\/drive.google.com\/file\/d\/1VS_-F4d2O-0uUDyQNDPjDptKH5PjIgBW\/view?usp=sharing\" target=\"_blank\" rel=\"noopener\"> Pla lector de l&#8217;escola<\/a> desenvolupat per cursos i cicles i per dies.<\/p>\n<p>&nbsp;<\/p>\n","protected":false},"excerpt":{"rendered":"<p>El Pla lector garanteix un m\u00ednim de 30 minuts diaris a la lectura durant tota l&#8217;etapa d&#8217;educaci\u00f3 prim\u00e0ria. L&#8217;objectiu del Pla lector \u00e9s assegurar l&#8217;aprenentatge de la lectura, afavorir el gust per la lectura i desenvolupar la lectura com a mitj\u00e0 d&#8217;aprenentatge.<\/p>\n<p>Pots veure l&#8217;esquema del<a&hellip;  <a href=\"https:\/\/agora.xtec.cat\/ceipjoandemargarit\/lescola\/documents\/pla-lector\/\" title=\"Read Pla Lector\">Llegeix m\u00e9s\u00bb<\/a><\/p>\n","protected":false},"author":1,"featured_media":0,"parent":551,"menu_order":70,"comment_status":"closed","ping_status":"closed","template":"page-templates\/side-menu.php","meta":{"_bbp_topic_count":0,"_bbp_reply_count":0,"_bbp_total_topic_count":0,"_bbp_total_reply_count":0,"_bbp_voice_count":0,"_bbp_anonymous_reply_count":0,"_bbp_topic_count_hidden":0,"_bbp_reply_count_hidden":0,"_bbp_forum_subforum_count":0,"footnotes":""},"class_list":["post-2937","page","type-page","status-publish","hentry"],"post_mailing_queue_ids":[],"_links":{"self":[{"href":"https:\/\/agora.xtec.cat\/ceipjoandemargarit\/wp-json\/wp\/v2\/pages\/2937","targetHints":{"allow":["GET"]}}],"collection":[{"href":"https:\/\/agora.xtec.cat\/ceipjoandemargarit\/wp-json\/wp\/v2\/pages"}],"about":[{"href":"https:\/\/agora.xtec.cat\/ceipjoandemargarit\/wp-json\/wp\/v2\/types\/page"}],"author":[{"embeddable":true,"href":"https:\/\/agora.xtec.cat\/ceipjoandemargarit\/wp-json\/wp\/v2\/users\/1"}],"replies":[{"embeddable":true,"href":"https:\/\/agora.xtec.cat\/ceipjoandemargarit\/wp-json\/wp\/v2\/comments?post=2937"}],"version-history":[{"count":3,"href":"https:\/\/agora.xtec.cat\/ceipjoandemargarit\/wp-json\/wp\/v2\/pages\/2937\/revisions"}],"predecessor-version":[{"id":4182,"href":"https:\/\/agora.xtec.cat\/ceipjoandemargarit\/wp-json\/wp\/v2\/pages\/2937\/revisions\/4182"}],"up":[{"embeddable":true,"href":"https:\/\/agora.xtec.cat\/ceipjoandemargarit\/wp-json\/wp\/v2\/pages\/551"}],"wp:attachment":[{"href":"https:\/\/agora.xtec.cat\/ceipjoandemargarit\/wp-json\/wp\/v2\/media?parent=2937"}],"curies":[{"name":"wp","href":"https:\/\/api.w.org\/{rel}","templated":true}]}}