{"id":2934,"date":"2023-04-20T13:18:23","date_gmt":"2023-04-20T11:18:23","guid":{"rendered":"https:\/\/agora.xtec.cat\/ceipjoandemargarit\/?page_id=2934"},"modified":"2026-01-09T16:36:38","modified_gmt":"2026-01-09T15:36:38","slug":"projecte-de-convivencia","status":"publish","type":"page","link":"https:\/\/agora.xtec.cat\/ceipjoandemargarit\/lescola\/documents\/projecte-de-convivencia\/","title":{"rendered":"Pla de coordinaci\u00f3, conviv\u00e8ncia i Benestar"},"content":{"rendered":"<p style=\"text-align: justify;\"><span style=\"font-weight: 400;\">La conviv\u00e8ncia i el respecte dins del recinte escolar \u00e9s un dret i un deure per a tota la comunitat educativa. Per tal de garantir aquest dret i que tothom conegui les conseq\u00fc\u00e8ncies i el proc\u00e9s d\u2019informaci\u00f3 i aplicaci\u00f3 l\u2019escola t\u00e9 establertes unes <a href=\"https:\/\/drive.google.com\/file\/d\/1Vwc06V946PjLHelEQVwiE_REocDtSUll\/view?usp=sharing\" target=\"_blank\" rel=\"noopener\">normes de conviv\u00e8ncia <\/a>dins del<a href=\"https:\/\/drive.google.com\/file\/d\/16BhCT5Mal2DH1LL3TSjMDPLsTAy2Pzfy\/view?usp=drive_link\" target=\"_blank\" rel=\"noopener\"> Projecte COCOBE (COordinaci\u00f3, COnviv\u00e8ncia i BEnestar).<\/a><\/span><\/p>\n","protected":false},"excerpt":{"rendered":"<p>La conviv\u00e8ncia i el respecte dins del recinte escolar \u00e9s un dret i un deure per a tota la comunitat educativa. Per tal de garantir aquest dret i que tothom conegui les conseq\u00fc\u00e8ncies i el proc\u00e9s d\u2019informaci\u00f3 i aplicaci\u00f3 l\u2019escola t\u00e9 establertes unes <a href=\"https:\/\/drive.google.com\/file\/d\/1Vwc06V946PjLHelEQVwiE_REocDtSUll\/view?usp=sharing\"&hellip;  <a href=\"https:\/\/agora.xtec.cat\/ceipjoandemargarit\/lescola\/documents\/projecte-de-convivencia\/\" title=\"Read Pla de coordinaci\u00f3, conviv\u00e8ncia i Benestar\">Llegeix m\u00e9s\u00bb<\/a><\/p>\n","protected":false},"author":1,"featured_media":0,"parent":551,"menu_order":80,"comment_status":"closed","ping_status":"closed","template":"page-templates\/side-menu.php","meta":{"_bbp_topic_count":0,"_bbp_reply_count":0,"_bbp_total_topic_count":0,"_bbp_total_reply_count":0,"_bbp_voice_count":0,"_bbp_anonymous_reply_count":0,"_bbp_topic_count_hidden":0,"_bbp_reply_count_hidden":0,"_bbp_forum_subforum_count":0,"footnotes":""},"class_list":["post-2934","page","type-page","status-publish","hentry"],"post_mailing_queue_ids":[],"_links":{"self":[{"href":"https:\/\/agora.xtec.cat\/ceipjoandemargarit\/wp-json\/wp\/v2\/pages\/2934","targetHints":{"allow":["GET"]}}],"collection":[{"href":"https:\/\/agora.xtec.cat\/ceipjoandemargarit\/wp-json\/wp\/v2\/pages"}],"about":[{"href":"https:\/\/agora.xtec.cat\/ceipjoandemargarit\/wp-json\/wp\/v2\/types\/page"}],"author":[{"embeddable":true,"href":"https:\/\/agora.xtec.cat\/ceipjoandemargarit\/wp-json\/wp\/v2\/users\/1"}],"replies":[{"embeddable":true,"href":"https:\/\/agora.xtec.cat\/ceipjoandemargarit\/wp-json\/wp\/v2\/comments?post=2934"}],"version-history":[{"count":5,"href":"https:\/\/agora.xtec.cat\/ceipjoandemargarit\/wp-json\/wp\/v2\/pages\/2934\/revisions"}],"predecessor-version":[{"id":4441,"href":"https:\/\/agora.xtec.cat\/ceipjoandemargarit\/wp-json\/wp\/v2\/pages\/2934\/revisions\/4441"}],"up":[{"embeddable":true,"href":"https:\/\/agora.xtec.cat\/ceipjoandemargarit\/wp-json\/wp\/v2\/pages\/551"}],"wp:attachment":[{"href":"https:\/\/agora.xtec.cat\/ceipjoandemargarit\/wp-json\/wp\/v2\/media?parent=2934"}],"curies":[{"name":"wp","href":"https:\/\/api.w.org\/{rel}","templated":true}]}}