{"id":2876,"date":"2023-03-16T21:01:43","date_gmt":"2023-03-16T20:01:43","guid":{"rendered":"https:\/\/agora.xtec.cat\/ceipjoandemargarit\/?page_id=2876"},"modified":"2024-05-07T13:05:26","modified_gmt":"2024-05-07T11:05:26","slug":"amb-ulls-de-mainada-a-radio-bisbal","status":"publish","type":"page","link":"https:\/\/agora.xtec.cat\/ceipjoandemargarit\/projectes-activitats-entorn\/amb-ulls-de-mainada-a-radio-bisbal\/","title":{"rendered":"Amb ulls de mainada a Radio Bisbal"},"content":{"rendered":"<p>Aquest curs, 2023-2024, els nens i les nenes de 5\u00e8 hem tornat a participar en el projecte municipal de R\u00e0dio Bisbal. Durant aquest tercer trimestre i en grups d&#8217;alumnes hem elaborat i preparat\u00a0\u00a0a l&#8217;aula <span style=\"font-family: inherit; font-size: 1em;\">el programa de r\u00e0dio amb &#8220;Ulls de mainada&#8221;. Despr\u00e9s l&#8217;hem anat a gravar a l&#8217;estudi de R\u00e0dio Bisbal.<\/span><\/p>\n<p>Trobareu els podcasts dels programes realitzats clicant a l&#8217;enlla\u00e7.<\/p>\n<table style=\"border-collapse: collapse; width: 100%; height: 204px;\">\n<tbody>\n<tr style=\"height: 204px;\">\n<td style=\"width: 18.6781%; height: 204px;\"><a href=\"https:\/\/agora.xtec.cat\/ceipjoandemargarit\/wp-content\/uploads\/usu2172\/2023\/03\/radio-1.jpeg\"><img loading=\"lazy\" decoding=\"async\" class=\"aligncenter wp-image-2878\" src=\"https:\/\/agora.xtec.cat\/ceipjoandemargarit\/wp-content\/uploads\/usu2172\/2023\/03\/radio-1-225x300.jpeg\" alt=\"\" width=\"173\" height=\"230\" srcset=\"https:\/\/agora.xtec.cat\/ceipjoandemargarit\/wp-content\/uploads\/usu2172\/2023\/03\/radio-1-225x300.jpeg 225w, https:\/\/agora.xtec.cat\/ceipjoandemargarit\/wp-content\/uploads\/usu2172\/2023\/03\/radio-1-768x1024.jpeg 768w, https:\/\/agora.xtec.cat\/ceipjoandemargarit\/wp-content\/uploads\/usu2172\/2023\/03\/radio-1-1152x1536.jpeg 1152w, https:\/\/agora.xtec.cat\/ceipjoandemargarit\/wp-content\/uploads\/usu2172\/2023\/03\/radio-1.jpeg 1200w\" sizes=\"auto, (max-width: 173px) 100vw, 173px\" \/><\/a><\/td>\n<td style=\"width: 33.4195%; height: 204px;\"><a href=\"https:\/\/agora.xtec.cat\/ceipjoandemargarit\/wp-content\/uploads\/usu2172\/2023\/03\/radio-2.jpeg\"><img loading=\"lazy\" decoding=\"async\" class=\"wp-image-2879 aligncenter\" src=\"https:\/\/agora.xtec.cat\/ceipjoandemargarit\/wp-content\/uploads\/usu2172\/2023\/03\/radio-2-300x225.jpeg\" alt=\"\" width=\"312\" height=\"234\" srcset=\"https:\/\/agora.xtec.cat\/ceipjoandemargarit\/wp-content\/uploads\/usu2172\/2023\/03\/radio-2-300x225.jpeg 300w, https:\/\/agora.xtec.cat\/ceipjoandemargarit\/wp-content\/uploads\/usu2172\/2023\/03\/radio-2-1024x768.jpeg 1024w, https:\/\/agora.xtec.cat\/ceipjoandemargarit\/wp-content\/uploads\/usu2172\/2023\/03\/radio-2-768x576.jpeg 768w, https:\/\/agora.xtec.cat\/ceipjoandemargarit\/wp-content\/uploads\/usu2172\/2023\/03\/radio-2-1536x1152.jpeg 1536w, https:\/\/agora.xtec.cat\/ceipjoandemargarit\/wp-content\/uploads\/usu2172\/2023\/03\/radio-2-200x150.jpeg 200w, https:\/\/agora.xtec.cat\/ceipjoandemargarit\/wp-content\/uploads\/usu2172\/2023\/03\/radio-2.jpeg 1600w\" sizes=\"auto, (max-width: 312px) 100vw, 312px\" \/><\/a><\/td>\n<td style=\"width: 47.9023%; height: 204px;\"><strong>PODCASTS<\/strong><\/p>\n<h4><a href=\"https:\/\/radio.labisbal.cat\/programs\/radio-escolar\/radiobisbal_podcast_8342\">Amb ulls de mainada (11\/04\/24)<\/a><\/h4>\n<h4><a href=\"https:\/\/radio.labisbal.cat\/programs\/radio-escolar\/radiobisbal_podcast_8353\">Amb ulls de mainada (18\/04\/24)<\/a><\/h4>\n<h4><a href=\"https:\/\/radio.labisbal.cat\/programs\/radio-escolar\/radiobisbal_podcast_8358\">Amb ulls de mainada (19\/04\/24)<\/a><\/h4>\n<h4><\/h4>\n<p>&nbsp;<\/td>\n<\/tr>\n<\/tbody>\n<\/table>\n<p>&nbsp;<\/p>\n","protected":false},"excerpt":{"rendered":"<p>Aquest curs, 2023-2024, els nens i les nenes de 5\u00e8 hem tornat a participar en el projecte municipal de R\u00e0dio Bisbal. Durant aquest tercer trimestre i en grups d&#8217;alumnes hem elaborat i preparat\u00a0\u00a0a l&#8217;aula el programa de r\u00e0dio amb &#8220;Ulls de mainada&#8221;. Despr\u00e9s l&#8217;hem anat&hellip;  <a href=\"https:\/\/agora.xtec.cat\/ceipjoandemargarit\/projectes-activitats-entorn\/amb-ulls-de-mainada-a-radio-bisbal\/\" title=\"Read Amb ulls de mainada a Radio Bisbal\">Llegeix m\u00e9s\u00bb<\/a><\/p>\n","protected":false},"author":1,"featured_media":0,"parent":3488,"menu_order":20,"comment_status":"closed","ping_status":"closed","template":"page-templates\/side-menu.php","meta":{"_bbp_topic_count":0,"_bbp_reply_count":0,"_bbp_total_topic_count":0,"_bbp_total_reply_count":0,"_bbp_voice_count":0,"_bbp_anonymous_reply_count":0,"_bbp_topic_count_hidden":0,"_bbp_reply_count_hidden":0,"_bbp_forum_subforum_count":0,"footnotes":""},"class_list":["post-2876","page","type-page","status-publish","hentry"],"post_mailing_queue_ids":[],"_links":{"self":[{"href":"https:\/\/agora.xtec.cat\/ceipjoandemargarit\/wp-json\/wp\/v2\/pages\/2876","targetHints":{"allow":["GET"]}}],"collection":[{"href":"https:\/\/agora.xtec.cat\/ceipjoandemargarit\/wp-json\/wp\/v2\/pages"}],"about":[{"href":"https:\/\/agora.xtec.cat\/ceipjoandemargarit\/wp-json\/wp\/v2\/types\/page"}],"author":[{"embeddable":true,"href":"https:\/\/agora.xtec.cat\/ceipjoandemargarit\/wp-json\/wp\/v2\/users\/1"}],"replies":[{"embeddable":true,"href":"https:\/\/agora.xtec.cat\/ceipjoandemargarit\/wp-json\/wp\/v2\/comments?post=2876"}],"version-history":[{"count":6,"href":"https:\/\/agora.xtec.cat\/ceipjoandemargarit\/wp-json\/wp\/v2\/pages\/2876\/revisions"}],"predecessor-version":[{"id":3830,"href":"https:\/\/agora.xtec.cat\/ceipjoandemargarit\/wp-json\/wp\/v2\/pages\/2876\/revisions\/3830"}],"up":[{"embeddable":true,"href":"https:\/\/agora.xtec.cat\/ceipjoandemargarit\/wp-json\/wp\/v2\/pages\/3488"}],"wp:attachment":[{"href":"https:\/\/agora.xtec.cat\/ceipjoandemargarit\/wp-json\/wp\/v2\/media?parent=2876"}],"curies":[{"name":"wp","href":"https:\/\/api.w.org\/{rel}","templated":true}]}}