{"id":2652,"date":"2022-11-10T13:54:49","date_gmt":"2022-11-10T12:54:49","guid":{"rendered":"https:\/\/agora.xtec.cat\/ceipjoandemargarit\/?page_id=2652"},"modified":"2024-07-25T15:56:27","modified_gmt":"2024-07-25T13:56:27","slug":"tallers-internivell-a-la-comunitat-de-mitjans","status":"publish","type":"page","link":"https:\/\/agora.xtec.cat\/ceipjoandemargarit\/projectes-activitats\/tallers-internivell-a-la-comunitat-de-mitjans\/","title":{"rendered":"Tallers internivell als diferents cicles"},"content":{"rendered":"<p>A infantil un cop per trimestre ens barregem els tres nivells per fer diferents tallers (Nadal, Sant Jordi i final de curs). En aquests tallers els grans ajuden als petits, es senten importants i \u00fatils. Els petits a trav\u00e9s de l&#8217;observaci\u00f3 i la imitaci\u00f3 desenvolupen l&#8217;activitat i sin\u00f3 demanen ajuda encantats! Es crea una cohesi\u00f3 de grup molt maca.<\/p>\n<p><a href=\"https:\/\/agora.xtec.cat\/ceipjoandemargarit\/wp-content\/uploads\/usu2172\/2024\/02\/WhatsApp-Image-2024-02-14-at-19.57.30-1.jpeg\"><img loading=\"lazy\" decoding=\"async\" class=\" wp-image-3631 alignleft\" src=\"https:\/\/agora.xtec.cat\/ceipjoandemargarit\/wp-content\/uploads\/usu2172\/2024\/02\/WhatsApp-Image-2024-02-14-at-19.57.30-1-225x300.jpeg\" alt=\"\" width=\"161\" height=\"215\" srcset=\"https:\/\/agora.xtec.cat\/ceipjoandemargarit\/wp-content\/uploads\/usu2172\/2024\/02\/WhatsApp-Image-2024-02-14-at-19.57.30-1-225x300.jpeg 225w, https:\/\/agora.xtec.cat\/ceipjoandemargarit\/wp-content\/uploads\/usu2172\/2024\/02\/WhatsApp-Image-2024-02-14-at-19.57.30-1-768x1024.jpeg 768w, https:\/\/agora.xtec.cat\/ceipjoandemargarit\/wp-content\/uploads\/usu2172\/2024\/02\/WhatsApp-Image-2024-02-14-at-19.57.30-1-1152x1536.jpeg 1152w, https:\/\/agora.xtec.cat\/ceipjoandemargarit\/wp-content\/uploads\/usu2172\/2024\/02\/WhatsApp-Image-2024-02-14-at-19.57.30-1.jpeg 1500w\" sizes=\"auto, (max-width: 161px) 100vw, 161px\" \/><\/a><a href=\"https:\/\/agora.xtec.cat\/ceipjoandemargarit\/wp-content\/uploads\/usu2172\/2024\/02\/WhatsApp-Image-2024-02-14-at-19.57.31.jpeg\"><img loading=\"lazy\" decoding=\"async\" class=\" wp-image-3632 alignleft\" src=\"https:\/\/agora.xtec.cat\/ceipjoandemargarit\/wp-content\/uploads\/usu2172\/2024\/02\/WhatsApp-Image-2024-02-14-at-19.57.31-300x225.jpeg\" alt=\"\" width=\"233\" height=\"175\" srcset=\"https:\/\/agora.xtec.cat\/ceipjoandemargarit\/wp-content\/uploads\/usu2172\/2024\/02\/WhatsApp-Image-2024-02-14-at-19.57.31-300x225.jpeg 300w, https:\/\/agora.xtec.cat\/ceipjoandemargarit\/wp-content\/uploads\/usu2172\/2024\/02\/WhatsApp-Image-2024-02-14-at-19.57.31-1024x768.jpeg 1024w, https:\/\/agora.xtec.cat\/ceipjoandemargarit\/wp-content\/uploads\/usu2172\/2024\/02\/WhatsApp-Image-2024-02-14-at-19.57.31-768x576.jpeg 768w, https:\/\/agora.xtec.cat\/ceipjoandemargarit\/wp-content\/uploads\/usu2172\/2024\/02\/WhatsApp-Image-2024-02-14-at-19.57.31-1536x1152.jpeg 1536w, https:\/\/agora.xtec.cat\/ceipjoandemargarit\/wp-content\/uploads\/usu2172\/2024\/02\/WhatsApp-Image-2024-02-14-at-19.57.31-200x150.jpeg 200w, https:\/\/agora.xtec.cat\/ceipjoandemargarit\/wp-content\/uploads\/usu2172\/2024\/02\/WhatsApp-Image-2024-02-14-at-19.57.31.jpeg 2000w\" sizes=\"auto, (max-width: 233px) 100vw, 233px\" \/><\/a><\/p>\n<p><a href=\"https:\/\/agora.xtec.cat\/ceipjoandemargarit\/wp-content\/uploads\/usu2172\/2024\/02\/WhatsApp-Image-2024-02-14-at-19.57.30.jpeg\"><img loading=\"lazy\" decoding=\"async\" class=\"wp-image-3630 alignleft\" src=\"https:\/\/agora.xtec.cat\/ceipjoandemargarit\/wp-content\/uploads\/usu2172\/2024\/02\/WhatsApp-Image-2024-02-14-at-19.57.30-300x225.jpeg\" alt=\"\" width=\"253\" height=\"190\" srcset=\"https:\/\/agora.xtec.cat\/ceipjoandemargarit\/wp-content\/uploads\/usu2172\/2024\/02\/WhatsApp-Image-2024-02-14-at-19.57.30-300x225.jpeg 300w, https:\/\/agora.xtec.cat\/ceipjoandemargarit\/wp-content\/uploads\/usu2172\/2024\/02\/WhatsApp-Image-2024-02-14-at-19.57.30-1024x768.jpeg 1024w, https:\/\/agora.xtec.cat\/ceipjoandemargarit\/wp-content\/uploads\/usu2172\/2024\/02\/WhatsApp-Image-2024-02-14-at-19.57.30-768x576.jpeg 768w, https:\/\/agora.xtec.cat\/ceipjoandemargarit\/wp-content\/uploads\/usu2172\/2024\/02\/WhatsApp-Image-2024-02-14-at-19.57.30-1536x1152.jpeg 1536w, https:\/\/agora.xtec.cat\/ceipjoandemargarit\/wp-content\/uploads\/usu2172\/2024\/02\/WhatsApp-Image-2024-02-14-at-19.57.30-200x150.jpeg 200w, https:\/\/agora.xtec.cat\/ceipjoandemargarit\/wp-content\/uploads\/usu2172\/2024\/02\/WhatsApp-Image-2024-02-14-at-19.57.30.jpeg 2000w\" sizes=\"auto, (max-width: 253px) 100vw, 253px\" \/><\/a><\/p>\n<p>&nbsp;<\/p>\n<p>&nbsp;<\/p>\n<p>&nbsp;<\/p>\n<p>&nbsp;<\/p>\n<p>&nbsp;<\/p>\n<p>&nbsp;<\/p>\n<p>Cada dijous, excepte els que fem els padrins lectors, les nenes i els nens de la comunitat de mitjans per una banda i la comunitat de grans per l&#8217;altra ens ajuntem per grups i fem tallers de diferents tem\u00e0tiques. Aqu\u00ed us ensenyem una mostra. Passem una tarda ben entretinguda!<\/p>\n<p><a href=\"https:\/\/agora.xtec.cat\/ceipjoandemargarit\/wp-content\/uploads\/usu2172\/2022\/11\/1668083533945.jpg\"><img loading=\"lazy\" decoding=\"async\" class=\"wp-image-2661 alignleft\" src=\"https:\/\/agora.xtec.cat\/ceipjoandemargarit\/wp-content\/uploads\/usu2172\/2022\/11\/1668083533945-300x300.jpg\" alt=\"\" width=\"209\" height=\"209\" srcset=\"https:\/\/agora.xtec.cat\/ceipjoandemargarit\/wp-content\/uploads\/usu2172\/2022\/11\/1668083533945-300x300.jpg 300w, https:\/\/agora.xtec.cat\/ceipjoandemargarit\/wp-content\/uploads\/usu2172\/2022\/11\/1668083533945-1024x1024.jpg 1024w, https:\/\/agora.xtec.cat\/ceipjoandemargarit\/wp-content\/uploads\/usu2172\/2022\/11\/1668083533945-150x150.jpg 150w, https:\/\/agora.xtec.cat\/ceipjoandemargarit\/wp-content\/uploads\/usu2172\/2022\/11\/1668083533945-768x768.jpg 768w, https:\/\/agora.xtec.cat\/ceipjoandemargarit\/wp-content\/uploads\/usu2172\/2022\/11\/1668083533945-1536x1536.jpg 1536w, https:\/\/agora.xtec.cat\/ceipjoandemargarit\/wp-content\/uploads\/usu2172\/2022\/11\/1668083533945.jpg 1564w\" sizes=\"auto, (max-width: 209px) 100vw, 209px\" \/><\/a><a href=\"https:\/\/agora.xtec.cat\/ceipjoandemargarit\/wp-content\/uploads\/usu2172\/2022\/11\/1668083533988.jpg\"><img loading=\"lazy\" decoding=\"async\" class=\"wp-image-2664 alignleft\" src=\"https:\/\/agora.xtec.cat\/ceipjoandemargarit\/wp-content\/uploads\/usu2172\/2022\/11\/1668083533988-300x300.jpg\" alt=\"\" width=\"210\" height=\"210\" srcset=\"https:\/\/agora.xtec.cat\/ceipjoandemargarit\/wp-content\/uploads\/usu2172\/2022\/11\/1668083533988-300x300.jpg 300w, https:\/\/agora.xtec.cat\/ceipjoandemargarit\/wp-content\/uploads\/usu2172\/2022\/11\/1668083533988-1024x1024.jpg 1024w, https:\/\/agora.xtec.cat\/ceipjoandemargarit\/wp-content\/uploads\/usu2172\/2022\/11\/1668083533988-150x150.jpg 150w, https:\/\/agora.xtec.cat\/ceipjoandemargarit\/wp-content\/uploads\/usu2172\/2022\/11\/1668083533988-768x768.jpg 768w, https:\/\/agora.xtec.cat\/ceipjoandemargarit\/wp-content\/uploads\/usu2172\/2022\/11\/1668083533988-1536x1536.jpg 1536w, https:\/\/agora.xtec.cat\/ceipjoandemargarit\/wp-content\/uploads\/usu2172\/2022\/11\/1668083533988.jpg 1564w\" sizes=\"auto, (max-width: 210px) 100vw, 210px\" \/><\/a><a href=\"https:\/\/agora.xtec.cat\/ceipjoandemargarit\/wp-content\/uploads\/usu2172\/2022\/11\/1668083534001.jpg\"><img loading=\"lazy\" decoding=\"async\" class=\"wp-image-2663 alignleft\" src=\"https:\/\/agora.xtec.cat\/ceipjoandemargarit\/wp-content\/uploads\/usu2172\/2022\/11\/1668083534001-300x300.jpg\" alt=\"\" width=\"210\" height=\"210\" srcset=\"https:\/\/agora.xtec.cat\/ceipjoandemargarit\/wp-content\/uploads\/usu2172\/2022\/11\/1668083534001-300x300.jpg 300w, https:\/\/agora.xtec.cat\/ceipjoandemargarit\/wp-content\/uploads\/usu2172\/2022\/11\/1668083534001-1024x1024.jpg 1024w, https:\/\/agora.xtec.cat\/ceipjoandemargarit\/wp-content\/uploads\/usu2172\/2022\/11\/1668083534001-150x150.jpg 150w, https:\/\/agora.xtec.cat\/ceipjoandemargarit\/wp-content\/uploads\/usu2172\/2022\/11\/1668083534001-768x768.jpg 768w, https:\/\/agora.xtec.cat\/ceipjoandemargarit\/wp-content\/uploads\/usu2172\/2022\/11\/1668083534001-1536x1536.jpg 1536w, https:\/\/agora.xtec.cat\/ceipjoandemargarit\/wp-content\/uploads\/usu2172\/2022\/11\/1668083534001.jpg 1564w\" sizes=\"auto, (max-width: 210px) 100vw, 210px\" \/><\/a><\/p>\n<p>&nbsp;<\/p>\n<p>&nbsp;<\/p>\n<p>&nbsp;<\/p>\n<p>&nbsp;<\/p>\n<p>&nbsp;<\/p>\n<p><a href=\"https:\/\/agora.xtec.cat\/ceipjoandemargarit\/wp-content\/uploads\/usu2172\/2022\/11\/WhatsApp-Image-2022-11-10-at-13.55.34-5.jpeg\"><img loading=\"lazy\" decoding=\"async\" class=\"wp-image-2697 alignleft\" src=\"https:\/\/agora.xtec.cat\/ceipjoandemargarit\/wp-content\/uploads\/usu2172\/2022\/11\/WhatsApp-Image-2022-11-10-at-13.55.34-5-300x300.jpeg\" alt=\"\" width=\"197\" height=\"197\" srcset=\"https:\/\/agora.xtec.cat\/ceipjoandemargarit\/wp-content\/uploads\/usu2172\/2022\/11\/WhatsApp-Image-2022-11-10-at-13.55.34-5-300x300.jpeg 300w, https:\/\/agora.xtec.cat\/ceipjoandemargarit\/wp-content\/uploads\/usu2172\/2022\/11\/WhatsApp-Image-2022-11-10-at-13.55.34-5-1024x1024.jpeg 1024w, https:\/\/agora.xtec.cat\/ceipjoandemargarit\/wp-content\/uploads\/usu2172\/2022\/11\/WhatsApp-Image-2022-11-10-at-13.55.34-5-150x150.jpeg 150w, https:\/\/agora.xtec.cat\/ceipjoandemargarit\/wp-content\/uploads\/usu2172\/2022\/11\/WhatsApp-Image-2022-11-10-at-13.55.34-5-768x768.jpeg 768w, https:\/\/agora.xtec.cat\/ceipjoandemargarit\/wp-content\/uploads\/usu2172\/2022\/11\/WhatsApp-Image-2022-11-10-at-13.55.34-5-1536x1536.jpeg 1536w, https:\/\/agora.xtec.cat\/ceipjoandemargarit\/wp-content\/uploads\/usu2172\/2022\/11\/WhatsApp-Image-2022-11-10-at-13.55.34-5.jpeg 1564w\" sizes=\"auto, (max-width: 197px) 100vw, 197px\" \/><\/a><img loading=\"lazy\" decoding=\"async\" class=\"wp-image-2665 alignleft\" src=\"https:\/\/agora.xtec.cat\/ceipjoandemargarit\/wp-content\/uploads\/usu2172\/2022\/11\/1668083533958-300x300.jpg\" alt=\"\" width=\"198\" height=\"198\" srcset=\"https:\/\/agora.xtec.cat\/ceipjoandemargarit\/wp-content\/uploads\/usu2172\/2022\/11\/1668083533958-300x300.jpg 300w, https:\/\/agora.xtec.cat\/ceipjoandemargarit\/wp-content\/uploads\/usu2172\/2022\/11\/1668083533958-1024x1024.jpg 1024w, https:\/\/agora.xtec.cat\/ceipjoandemargarit\/wp-content\/uploads\/usu2172\/2022\/11\/1668083533958-150x150.jpg 150w, https:\/\/agora.xtec.cat\/ceipjoandemargarit\/wp-content\/uploads\/usu2172\/2022\/11\/1668083533958-768x768.jpg 768w, https:\/\/agora.xtec.cat\/ceipjoandemargarit\/wp-content\/uploads\/usu2172\/2022\/11\/1668083533958-1536x1536.jpg 1536w, https:\/\/agora.xtec.cat\/ceipjoandemargarit\/wp-content\/uploads\/usu2172\/2022\/11\/1668083533958.jpg 1564w\" sizes=\"auto, (max-width: 198px) 100vw, 198px\" \/><img loading=\"lazy\" decoding=\"async\" class=\"wp-image-2696 alignleft\" src=\"https:\/\/agora.xtec.cat\/ceipjoandemargarit\/wp-content\/uploads\/usu2172\/2022\/11\/WhatsApp-Image-2022-11-10-at-13.55.34-2-300x300.jpeg\" alt=\"\" width=\"195\" height=\"195\" srcset=\"https:\/\/agora.xtec.cat\/ceipjoandemargarit\/wp-content\/uploads\/usu2172\/2022\/11\/WhatsApp-Image-2022-11-10-at-13.55.34-2-300x300.jpeg 300w, https:\/\/agora.xtec.cat\/ceipjoandemargarit\/wp-content\/uploads\/usu2172\/2022\/11\/WhatsApp-Image-2022-11-10-at-13.55.34-2-1024x1024.jpeg 1024w, https:\/\/agora.xtec.cat\/ceipjoandemargarit\/wp-content\/uploads\/usu2172\/2022\/11\/WhatsApp-Image-2022-11-10-at-13.55.34-2-150x150.jpeg 150w, https:\/\/agora.xtec.cat\/ceipjoandemargarit\/wp-content\/uploads\/usu2172\/2022\/11\/WhatsApp-Image-2022-11-10-at-13.55.34-2-768x768.jpeg 768w, https:\/\/agora.xtec.cat\/ceipjoandemargarit\/wp-content\/uploads\/usu2172\/2022\/11\/WhatsApp-Image-2022-11-10-at-13.55.34-2-1536x1536.jpeg 1536w, https:\/\/agora.xtec.cat\/ceipjoandemargarit\/wp-content\/uploads\/usu2172\/2022\/11\/WhatsApp-Image-2022-11-10-at-13.55.34-2.jpeg 1564w\" sizes=\"auto, (max-width: 195px) 100vw, 195px\" \/><\/p>\n<p>&nbsp;<\/p>\n<p>&nbsp;<\/p>\n<p>&nbsp;<\/p>\n<p>&nbsp;<\/p>\n<p>&nbsp;<\/p>\n<p><a href=\"https:\/\/agora.xtec.cat\/ceipjoandemargarit\/wp-content\/uploads\/usu2172\/2022\/11\/WhatsApp-Image-2022-11-10-at-13.55.34-3.jpeg\"><img loading=\"lazy\" decoding=\"async\" class=\"wp-image-2695 alignnone\" src=\"https:\/\/agora.xtec.cat\/ceipjoandemargarit\/wp-content\/uploads\/usu2172\/2022\/11\/WhatsApp-Image-2022-11-10-at-13.55.34-3-300x300.jpeg\" alt=\"\" width=\"199\" height=\"199\" srcset=\"https:\/\/agora.xtec.cat\/ceipjoandemargarit\/wp-content\/uploads\/usu2172\/2022\/11\/WhatsApp-Image-2022-11-10-at-13.55.34-3-300x300.jpeg 300w, https:\/\/agora.xtec.cat\/ceipjoandemargarit\/wp-content\/uploads\/usu2172\/2022\/11\/WhatsApp-Image-2022-11-10-at-13.55.34-3-1024x1024.jpeg 1024w, https:\/\/agora.xtec.cat\/ceipjoandemargarit\/wp-content\/uploads\/usu2172\/2022\/11\/WhatsApp-Image-2022-11-10-at-13.55.34-3-150x150.jpeg 150w, https:\/\/agora.xtec.cat\/ceipjoandemargarit\/wp-content\/uploads\/usu2172\/2022\/11\/WhatsApp-Image-2022-11-10-at-13.55.34-3-768x768.jpeg 768w, https:\/\/agora.xtec.cat\/ceipjoandemargarit\/wp-content\/uploads\/usu2172\/2022\/11\/WhatsApp-Image-2022-11-10-at-13.55.34-3-1536x1536.jpeg 1536w, https:\/\/agora.xtec.cat\/ceipjoandemargarit\/wp-content\/uploads\/usu2172\/2022\/11\/WhatsApp-Image-2022-11-10-at-13.55.34-3.jpeg 1564w\" sizes=\"auto, (max-width: 199px) 100vw, 199px\" \/><\/a><\/p>\n<p>&nbsp;<\/p>\n<p>&nbsp;<\/p>\n<p>&nbsp;<\/p>\n<p>&nbsp;<\/p>\n","protected":false},"excerpt":{"rendered":"<p>A infantil un cop per trimestre ens barregem els tres nivells per fer diferents tallers (Nadal, Sant Jordi i final de curs). En aquests tallers els grans ajuden als petits, es senten importants i \u00fatils. Els petits a trav\u00e9s de l&#8217;observaci\u00f3 i la imitaci\u00f3 desenvolupen&hellip;  <a href=\"https:\/\/agora.xtec.cat\/ceipjoandemargarit\/projectes-activitats\/tallers-internivell-a-la-comunitat-de-mitjans\/\" title=\"Read Tallers internivell als diferents cicles\">Llegeix m\u00e9s\u00bb<\/a><\/p>\n","protected":false},"author":1,"featured_media":0,"parent":566,"menu_order":70,"comment_status":"closed","ping_status":"closed","template":"page-templates\/side-menu.php","meta":{"_bbp_topic_count":0,"_bbp_reply_count":0,"_bbp_total_topic_count":0,"_bbp_total_reply_count":0,"_bbp_voice_count":0,"_bbp_anonymous_reply_count":0,"_bbp_topic_count_hidden":0,"_bbp_reply_count_hidden":0,"_bbp_forum_subforum_count":0,"footnotes":""},"class_list":["post-2652","page","type-page","status-publish","hentry"],"post_mailing_queue_ids":[],"_links":{"self":[{"href":"https:\/\/agora.xtec.cat\/ceipjoandemargarit\/wp-json\/wp\/v2\/pages\/2652","targetHints":{"allow":["GET"]}}],"collection":[{"href":"https:\/\/agora.xtec.cat\/ceipjoandemargarit\/wp-json\/wp\/v2\/pages"}],"about":[{"href":"https:\/\/agora.xtec.cat\/ceipjoandemargarit\/wp-json\/wp\/v2\/types\/page"}],"author":[{"embeddable":true,"href":"https:\/\/agora.xtec.cat\/ceipjoandemargarit\/wp-json\/wp\/v2\/users\/1"}],"replies":[{"embeddable":true,"href":"https:\/\/agora.xtec.cat\/ceipjoandemargarit\/wp-json\/wp\/v2\/comments?post=2652"}],"version-history":[{"count":6,"href":"https:\/\/agora.xtec.cat\/ceipjoandemargarit\/wp-json\/wp\/v2\/pages\/2652\/revisions"}],"predecessor-version":[{"id":3914,"href":"https:\/\/agora.xtec.cat\/ceipjoandemargarit\/wp-json\/wp\/v2\/pages\/2652\/revisions\/3914"}],"up":[{"embeddable":true,"href":"https:\/\/agora.xtec.cat\/ceipjoandemargarit\/wp-json\/wp\/v2\/pages\/566"}],"wp:attachment":[{"href":"https:\/\/agora.xtec.cat\/ceipjoandemargarit\/wp-json\/wp\/v2\/media?parent=2652"}],"curies":[{"name":"wp","href":"https:\/\/api.w.org\/{rel}","templated":true}]}}