{"id":26,"date":"2014-09-18T12:24:32","date_gmt":"2014-09-18T11:24:32","guid":{"rendered":"http:\/\/agora.xtec.cat\/ceipjoandemargarit\/?page_id=26"},"modified":"2020-10-04T18:18:32","modified_gmt":"2020-10-04T16:18:32","slug":"historia","status":"publish","type":"page","link":"https:\/\/agora.xtec.cat\/ceipjoandemargarit\/lescola\/historia\/","title":{"rendered":"Hist\u00f2ria"},"content":{"rendered":"<p>L&#8217;any 2017 l&#8217;Escola va celebrar el 50\u00e8 aniversari. Els temps, les persones, la visi\u00f3 de l&#8217;educaci\u00f3 i les propostes educatives han anat canviant i, de segur, que continuaran canviant.<\/p>\n<p>Si voleu con\u00e8ixer part de la hist\u00f2ria de l&#8217;Escola explicada en primera persona, us convidem a veure el v\u00eddeo &#8221; Records Compartits. 50 anys de viv\u00e8ncies&#8221;.<\/p>\n<p><iframe loading=\"lazy\" title=\"records compartits - 50 anys joan de margarit\" width=\"500\" height=\"281\" src=\"https:\/\/www.youtube.com\/embed\/h2T05BgRw9I?feature=oembed\" frameborder=\"0\" allow=\"accelerometer; autoplay; clipboard-write; encrypted-media; gyroscope; picture-in-picture; web-share\" referrerpolicy=\"strict-origin-when-cross-origin\" allowfullscreen><\/iframe><\/p>\n","protected":false},"excerpt":{"rendered":"<p>L&#8217;any 2017 l&#8217;Escola va celebrar el 50\u00e8 aniversari. Els temps, les persones, la visi\u00f3 de l&#8217;educaci\u00f3 i les propostes educatives han anat canviant i, de segur, que continuaran canviant.<br \/>\nSi voleu con\u00e8ixer part de la hist\u00f2ria de l&#8217;Escola explicada en primera persona, us convidem a veure&hellip;  <a href=\"https:\/\/agora.xtec.cat\/ceipjoandemargarit\/lescola\/historia\/\" title=\"Read Hist\u00f2ria\">Llegeix m\u00e9s\u00bb<\/a><\/p>\n","protected":false},"author":1,"featured_media":0,"parent":22,"menu_order":30,"comment_status":"closed","ping_status":"closed","template":"page-templates\/side-menu.php","meta":{"_bbp_topic_count":0,"_bbp_reply_count":0,"_bbp_total_topic_count":0,"_bbp_total_reply_count":0,"_bbp_voice_count":0,"_bbp_anonymous_reply_count":0,"_bbp_topic_count_hidden":0,"_bbp_reply_count_hidden":0,"_bbp_forum_subforum_count":0,"footnotes":""},"class_list":["post-26","page","type-page","status-publish","hentry"],"post_mailing_queue_ids":[],"_links":{"self":[{"href":"https:\/\/agora.xtec.cat\/ceipjoandemargarit\/wp-json\/wp\/v2\/pages\/26","targetHints":{"allow":["GET"]}}],"collection":[{"href":"https:\/\/agora.xtec.cat\/ceipjoandemargarit\/wp-json\/wp\/v2\/pages"}],"about":[{"href":"https:\/\/agora.xtec.cat\/ceipjoandemargarit\/wp-json\/wp\/v2\/types\/page"}],"author":[{"embeddable":true,"href":"https:\/\/agora.xtec.cat\/ceipjoandemargarit\/wp-json\/wp\/v2\/users\/1"}],"replies":[{"embeddable":true,"href":"https:\/\/agora.xtec.cat\/ceipjoandemargarit\/wp-json\/wp\/v2\/comments?post=26"}],"version-history":[{"count":3,"href":"https:\/\/agora.xtec.cat\/ceipjoandemargarit\/wp-json\/wp\/v2\/pages\/26\/revisions"}],"predecessor-version":[{"id":507,"href":"https:\/\/agora.xtec.cat\/ceipjoandemargarit\/wp-json\/wp\/v2\/pages\/26\/revisions\/507"}],"up":[{"embeddable":true,"href":"https:\/\/agora.xtec.cat\/ceipjoandemargarit\/wp-json\/wp\/v2\/pages\/22"}],"wp:attachment":[{"href":"https:\/\/agora.xtec.cat\/ceipjoandemargarit\/wp-json\/wp\/v2\/media?parent=26"}],"curies":[{"name":"wp","href":"https:\/\/api.w.org\/{rel}","templated":true}]}}