{"id":2400,"date":"2022-06-13T09:49:24","date_gmt":"2022-06-13T07:49:24","guid":{"rendered":"https:\/\/agora.xtec.cat\/ceipjoandemargarit\/?page_id=2400"},"modified":"2026-01-09T16:25:46","modified_gmt":"2026-01-09T15:25:46","slug":"matricula-2023-2024","status":"publish","type":"page","link":"https:\/\/agora.xtec.cat\/ceipjoandemargarit\/cancons-i-poemes-1r\/matricula-2023-2024\/","title":{"rendered":"Preinscripcions 2026-2027"},"content":{"rendered":"<p>La preinscripci\u00f3 pels alumnes de segon cicle d&#8217;Educaci\u00f3 infantil i educaci\u00f3 prim\u00e0ria \u00e9s\u00a0del 4 al 18 de mar\u00e7 de 2026.<\/p>\n","protected":false},"excerpt":{"rendered":"<p>La preinscripci\u00f3 pels alumnes de segon cicle d&#8217;Educaci\u00f3 infantil i educaci\u00f3 prim\u00e0ria \u00e9s\u00a0del 4 al 18 de mar\u00e7 de 2026.<\/p>\n","protected":false},"author":1,"featured_media":0,"parent":676,"menu_order":60,"comment_status":"closed","ping_status":"closed","template":"page-templates\/side-menu.php","meta":{"_bbp_topic_count":0,"_bbp_reply_count":0,"_bbp_total_topic_count":0,"_bbp_total_reply_count":0,"_bbp_voice_count":0,"_bbp_anonymous_reply_count":0,"_bbp_topic_count_hidden":0,"_bbp_reply_count_hidden":0,"_bbp_forum_subforum_count":0,"footnotes":""},"class_list":["post-2400","page","type-page","status-publish","hentry"],"post_mailing_queue_ids":[],"_links":{"self":[{"href":"https:\/\/agora.xtec.cat\/ceipjoandemargarit\/wp-json\/wp\/v2\/pages\/2400","targetHints":{"allow":["GET"]}}],"collection":[{"href":"https:\/\/agora.xtec.cat\/ceipjoandemargarit\/wp-json\/wp\/v2\/pages"}],"about":[{"href":"https:\/\/agora.xtec.cat\/ceipjoandemargarit\/wp-json\/wp\/v2\/types\/page"}],"author":[{"embeddable":true,"href":"https:\/\/agora.xtec.cat\/ceipjoandemargarit\/wp-json\/wp\/v2\/users\/1"}],"replies":[{"embeddable":true,"href":"https:\/\/agora.xtec.cat\/ceipjoandemargarit\/wp-json\/wp\/v2\/comments?post=2400"}],"version-history":[{"count":6,"href":"https:\/\/agora.xtec.cat\/ceipjoandemargarit\/wp-json\/wp\/v2\/pages\/2400\/revisions"}],"predecessor-version":[{"id":4440,"href":"https:\/\/agora.xtec.cat\/ceipjoandemargarit\/wp-json\/wp\/v2\/pages\/2400\/revisions\/4440"}],"up":[{"embeddable":true,"href":"https:\/\/agora.xtec.cat\/ceipjoandemargarit\/wp-json\/wp\/v2\/pages\/676"}],"wp:attachment":[{"href":"https:\/\/agora.xtec.cat\/ceipjoandemargarit\/wp-json\/wp\/v2\/media?parent=2400"}],"curies":[{"name":"wp","href":"https:\/\/api.w.org\/{rel}","templated":true}]}}