{"id":2317,"date":"2022-03-16T09:43:08","date_gmt":"2022-03-16T08:43:08","guid":{"rendered":"https:\/\/agora.xtec.cat\/ceipjoandemargarit\/?page_id=2317"},"modified":"2026-04-16T15:14:46","modified_gmt":"2026-04-16T13:14:46","slug":"casal-tardes-de-juny","status":"publish","type":"page","link":"https:\/\/agora.xtec.cat\/ceipjoandemargarit\/afa\/casal-tardes-de-juny\/","title":{"rendered":"Casal de tardes de juny"},"content":{"rendered":"<p>Aqu\u00ed teniu la informaci\u00f3 del casal de tardes de juny, quan hi ha jornada intensiva i nom\u00e9s es fa classe al mati.<\/p>\n<p>Per m\u00e9s informaci\u00f3:<\/p>\n<p><strong>Anncon Lleure: <a id=\"span-115-9\" class=\"ct-link-text\" href=\"tel:%20972835708\" target=\"_self\" rel=\"noopener\">972 835 708<\/a>\u00a0&#8211; <a id=\"span-120-9\" class=\"ct-link-text\" href=\"mailto:%20info@anncon.es\" target=\"_self\" rel=\"noopener\">info@anncon.es<\/a><\/strong><\/p>\n<p>Inscripcions online: <a href=\"https:\/\/inscripcions.anncon.cat\/login\/anncon\/activitats\" target=\"_blank\" rel=\"noopener\">https:\/\/inscripcions.anncon.cat\/login\/anncon\/activitats<\/a><\/p>\n<p><a href=\"https:\/\/agora.xtec.cat\/ceipjoandemargarit\/wp-content\/uploads\/usu2172\/2026\/04\/JOAN-MARGARIT-TARDES-DE-JUNY-2026.jpg\"><img loading=\"lazy\" decoding=\"async\" class=\"alignnone size-large wp-image-4485\" src=\"https:\/\/agora.xtec.cat\/ceipjoandemargarit\/wp-content\/uploads\/usu2172\/2026\/04\/JOAN-MARGARIT-TARDES-DE-JUNY-2026-724x1024.jpg\" alt=\"\" width=\"724\" height=\"1024\" srcset=\"https:\/\/agora.xtec.cat\/ceipjoandemargarit\/wp-content\/uploads\/usu2172\/2026\/04\/JOAN-MARGARIT-TARDES-DE-JUNY-2026-724x1024.jpg 724w, https:\/\/agora.xtec.cat\/ceipjoandemargarit\/wp-content\/uploads\/usu2172\/2026\/04\/JOAN-MARGARIT-TARDES-DE-JUNY-2026-212x300.jpg 212w, https:\/\/agora.xtec.cat\/ceipjoandemargarit\/wp-content\/uploads\/usu2172\/2026\/04\/JOAN-MARGARIT-TARDES-DE-JUNY-2026-768x1086.jpg 768w, https:\/\/agora.xtec.cat\/ceipjoandemargarit\/wp-content\/uploads\/usu2172\/2026\/04\/JOAN-MARGARIT-TARDES-DE-JUNY-2026-1086x1536.jpg 1086w, https:\/\/agora.xtec.cat\/ceipjoandemargarit\/wp-content\/uploads\/usu2172\/2026\/04\/JOAN-MARGARIT-TARDES-DE-JUNY-2026.jpg 1241w\" sizes=\"auto, (max-width: 724px) 100vw, 724px\" \/><\/a><\/p>\n<p><a href=\"https:\/\/agora.xtec.cat\/ceipjoandemargarit\/wp-content\/uploads\/usu2172\/2026\/04\/Joan-de-Margarit-mecanografia-intensiu-juny-26-1.jpg\"><img loading=\"lazy\" decoding=\"async\" class=\"alignnone size-large wp-image-4484\" src=\"https:\/\/agora.xtec.cat\/ceipjoandemargarit\/wp-content\/uploads\/usu2172\/2026\/04\/Joan-de-Margarit-mecanografia-intensiu-juny-26-1-724x1024.jpg\" alt=\"\" width=\"724\" height=\"1024\" srcset=\"https:\/\/agora.xtec.cat\/ceipjoandemargarit\/wp-content\/uploads\/usu2172\/2026\/04\/Joan-de-Margarit-mecanografia-intensiu-juny-26-1-724x1024.jpg 724w, https:\/\/agora.xtec.cat\/ceipjoandemargarit\/wp-content\/uploads\/usu2172\/2026\/04\/Joan-de-Margarit-mecanografia-intensiu-juny-26-1-212x300.jpg 212w, https:\/\/agora.xtec.cat\/ceipjoandemargarit\/wp-content\/uploads\/usu2172\/2026\/04\/Joan-de-Margarit-mecanografia-intensiu-juny-26-1-768x1086.jpg 768w, https:\/\/agora.xtec.cat\/ceipjoandemargarit\/wp-content\/uploads\/usu2172\/2026\/04\/Joan-de-Margarit-mecanografia-intensiu-juny-26-1-1086x1536.jpg 1086w, https:\/\/agora.xtec.cat\/ceipjoandemargarit\/wp-content\/uploads\/usu2172\/2026\/04\/Joan-de-Margarit-mecanografia-intensiu-juny-26-1.jpg 1241w\" sizes=\"auto, (max-width: 724px) 100vw, 724px\" \/><\/a><\/p>\n<p>&nbsp;<\/p>\n","protected":false},"excerpt":{"rendered":"<p>Aqu\u00ed teniu la informaci\u00f3 del casal de tardes de juny, quan hi ha jornada intensiva i nom\u00e9s es fa classe al mati.<br \/>\nPer m\u00e9s informaci\u00f3:<br \/>\nAnncon Lleure: <a id=\"span-115-9\" class=\"ct-link-text\" href=\"tel:%20972835708\" target=\"_self\" rel=\"noopener\">972 835 708<\/a>\u00a0&#8211; <a id=\"span-120-9\" class=\"ct-link-text\" href=\"mailto:%20info@anncon.es\" target=\"_self\" rel=\"noopener\">info@anncon.es<\/a><br \/>\nInscripcions online: <a href=\"https:\/\/inscripcions.anncon.cat\/login\/anncon\/activitats\" target=\"_blank\" rel=\"noopener\">https:\/\/inscripcions.anncon.cat\/login\/anncon\/activitats<\/a><br \/>\n<a href=\"https:\/\/agora.xtec.cat\/ceipjoandemargarit\/wp-content\/uploads\/usu2172\/2026\/04\/JOAN-MARGARIT-TARDES-DE-JUNY-2026.jpg\"><\/a><br \/>\n<a&hellip;  <a href=\"https:\/\/agora.xtec.cat\/ceipjoandemargarit\/afa\/casal-tardes-de-juny\/\" title=\"Read Casal de tardes de juny\">Llegeix m\u00e9s\u00bb<\/a><\/p>\n","protected":false},"author":7,"featured_media":0,"parent":635,"menu_order":5,"comment_status":"closed","ping_status":"closed","template":"page-templates\/side-menu.php","meta":{"_bbp_topic_count":0,"_bbp_reply_count":0,"_bbp_total_topic_count":0,"_bbp_total_reply_count":0,"_bbp_voice_count":0,"_bbp_anonymous_reply_count":0,"_bbp_topic_count_hidden":0,"_bbp_reply_count_hidden":0,"_bbp_forum_subforum_count":0,"footnotes":""},"class_list":["post-2317","page","type-page","status-publish","hentry"],"post_mailing_queue_ids":[],"_links":{"self":[{"href":"https:\/\/agora.xtec.cat\/ceipjoandemargarit\/wp-json\/wp\/v2\/pages\/2317","targetHints":{"allow":["GET"]}}],"collection":[{"href":"https:\/\/agora.xtec.cat\/ceipjoandemargarit\/wp-json\/wp\/v2\/pages"}],"about":[{"href":"https:\/\/agora.xtec.cat\/ceipjoandemargarit\/wp-json\/wp\/v2\/types\/page"}],"author":[{"embeddable":true,"href":"https:\/\/agora.xtec.cat\/ceipjoandemargarit\/wp-json\/wp\/v2\/users\/7"}],"replies":[{"embeddable":true,"href":"https:\/\/agora.xtec.cat\/ceipjoandemargarit\/wp-json\/wp\/v2\/comments?post=2317"}],"version-history":[{"count":6,"href":"https:\/\/agora.xtec.cat\/ceipjoandemargarit\/wp-json\/wp\/v2\/pages\/2317\/revisions"}],"predecessor-version":[{"id":4486,"href":"https:\/\/agora.xtec.cat\/ceipjoandemargarit\/wp-json\/wp\/v2\/pages\/2317\/revisions\/4486"}],"up":[{"embeddable":true,"href":"https:\/\/agora.xtec.cat\/ceipjoandemargarit\/wp-json\/wp\/v2\/pages\/635"}],"wp:attachment":[{"href":"https:\/\/agora.xtec.cat\/ceipjoandemargarit\/wp-json\/wp\/v2\/media?parent=2317"}],"curies":[{"name":"wp","href":"https:\/\/api.w.org\/{rel}","templated":true}]}}