{"id":1675,"date":"2021-05-27T11:35:00","date_gmt":"2021-05-27T09:35:00","guid":{"rendered":"https:\/\/agora.xtec.cat\/ceipjoandemargarit\/?page_id=1675"},"modified":"2025-08-23T21:54:25","modified_gmt":"2025-08-23T19:54:25","slug":"acollida-matinal-i-fulla-dinscripcio","status":"publish","type":"page","link":"https:\/\/agora.xtec.cat\/ceipjoandemargarit\/afa\/acollida-matinal-i-fulla-dinscripcio\/","title":{"rendered":"Acollida matinal i fulla d&#8217;inscripci\u00f3"},"content":{"rendered":"<p>Benvolgudes fam\u00edlies,<\/p>\n<p>Aqu\u00ed teniu la informaci\u00f3 i la fulla d&#8217;inscripci\u00f3 de l&#8217;Acollida Matinal<\/p>\n<p>Clica a la fulla d&#8217;inscripci\u00f3: <a href=\"https:\/\/inscripcions.anncon.cat\/login\/anncon\/activitats\" target=\"_blank\" rel=\"noopener\">FITXA-INSCRIPCIO-ACOLLIDA-MATINAL-JOAN-DE-MARGARIT-2025_2026<\/a><\/p>\n<p><a href=\"https:\/\/agora.xtec.cat\/ceipjoandemargarit\/wp-content\/uploads\/usu2172\/2023\/08\/imatge-acollida.jpg\"><img loading=\"lazy\" decoding=\"async\" class=\"alignnone wp-image-3142 size-full\" src=\"https:\/\/agora.xtec.cat\/ceipjoandemargarit\/wp-content\/uploads\/usu2172\/2023\/08\/imatge-acollida.jpg\" alt=\"\" width=\"703\" height=\"388\" srcset=\"https:\/\/agora.xtec.cat\/ceipjoandemargarit\/wp-content\/uploads\/usu2172\/2023\/08\/imatge-acollida.jpg 703w, https:\/\/agora.xtec.cat\/ceipjoandemargarit\/wp-content\/uploads\/usu2172\/2023\/08\/imatge-acollida-300x166.jpg 300w\" sizes=\"auto, (max-width: 703px) 100vw, 703px\" \/><\/a><\/p>\n<p><strong>Servei d\u2019Acollida Matinal<\/strong><\/p>\n<p><strong>Qu\u00e8 \u00e9s?<\/strong><\/p>\n<p>\u00c9s un servei que l\u2019AFA dona a l\u2019escola.<\/p>\n<p><strong>Horari<\/strong><\/p>\n<p>De dilluns a divendres de 8 a 9 h<\/p>\n<p>Amb l\u2019opci\u00f3 de deixar el nen o nena de 8 a 9 h (1 hora)<\/p>\n<p>Amb l\u2019opci\u00f3 de deixar el nena o nena de 8:30 a 9 h (mitja hora)<\/p>\n<p><b>Tarifa de preus<\/b><\/p>\n<table>\n<tbody>\n<tr>\n<td><b>Horari<\/b><\/td>\n<td><b>Socis AFA (quota mensual)<\/b><\/td>\n<td><b>No socis AFA (quota mensual)<\/b><\/td>\n<td><b>Socis AFA i no socis AFA (eventual)<\/b><\/td>\n<\/tr>\n<tr>\n<td><b>8 a 9 h<\/b><\/td>\n<td><b>37 \u20ac<\/b><\/td>\n<td><b>42 \u20ac<\/b><\/td>\n<td><b>4 \u20ac<\/b><\/td>\n<\/tr>\n<tr>\n<td><b>8:30 a 9 h<\/b><\/td>\n<td><b>25 \u20ac<\/b><\/td>\n<td><b>30 \u20ac<\/b><\/td>\n<td><b>3 \u20ac<\/b><\/td>\n<\/tr>\n<\/tbody>\n<\/table>\n<p><strong style=\"font-family: inherit; font-size: 1em;\">Com em puc apuntar al servei d\u2019acollida matinal?<\/strong><\/p>\n<p>Omplint la fulla d\u2019inscripci\u00f3 i donant-la a l\u2019encarregada d\u2019acollida o a direcci\u00f3.<\/p>\n<p><strong>Formes de pagament: <\/strong><\/p>\n<p>Quota mensual: per gir bancari<\/p>\n<p>Quota eventual: es paga en efectiu a la persona encarregada de l\u2019acollida.<\/p>\n<p><strong>Contacte: <\/strong><\/p>\n<p>602 254 806<\/p>\n<p>Correu electr\u00f2nic: <a href=\"mailto:info@anncon.es\">info@anncon.es<\/a><\/p>\n","protected":false},"excerpt":{"rendered":"<p>Benvolgudes fam\u00edlies,<br \/>\nAqu\u00ed teniu la informaci\u00f3 i la fulla d&#8217;inscripci\u00f3 de l&#8217;Acollida Matinal<br \/>\nClica a la fulla d&#8217;inscripci\u00f3: <a href=\"https:\/\/inscripcions.anncon.cat\/login\/anncon\/activitats\" target=\"_blank\" rel=\"noopener\">FITXA-INSCRIPCIO-ACOLLIDA-MATINAL-JOAN-DE-MARGARIT-2025_2026<\/a><br \/>\n<a href=\"https:\/\/agora.xtec.cat\/ceipjoandemargarit\/wp-content\/uploads\/usu2172\/2023\/08\/imatge-acollida.jpg\"><\/a><br \/>\nServei d\u2019Acollida Matinal<br \/>\nQu\u00e8 \u00e9s?<br \/>\n\u00c9s un servei que l\u2019AFA dona a l\u2019escola.<br \/>\nHorari<br \/>\nDe dilluns a divendres de 8 a 9 h<br \/>\nAmb l\u2019opci\u00f3 de deixar el nen o&hellip;  <a href=\"https:\/\/agora.xtec.cat\/ceipjoandemargarit\/afa\/acollida-matinal-i-fulla-dinscripcio\/\" title=\"Read Acollida matinal i fulla d&#8217;inscripci\u00f3\">Llegeix m\u00e9s\u00bb<\/a><\/p>\n","protected":false},"author":7,"featured_media":0,"parent":635,"menu_order":3,"comment_status":"closed","ping_status":"closed","template":"page-templates\/side-menu.php","meta":{"_bbp_topic_count":0,"_bbp_reply_count":0,"_bbp_total_topic_count":0,"_bbp_total_reply_count":0,"_bbp_voice_count":0,"_bbp_anonymous_reply_count":0,"_bbp_topic_count_hidden":0,"_bbp_reply_count_hidden":0,"_bbp_forum_subforum_count":0,"footnotes":""},"class_list":["post-1675","page","type-page","status-publish","hentry"],"post_mailing_queue_ids":[],"_links":{"self":[{"href":"https:\/\/agora.xtec.cat\/ceipjoandemargarit\/wp-json\/wp\/v2\/pages\/1675","targetHints":{"allow":["GET"]}}],"collection":[{"href":"https:\/\/agora.xtec.cat\/ceipjoandemargarit\/wp-json\/wp\/v2\/pages"}],"about":[{"href":"https:\/\/agora.xtec.cat\/ceipjoandemargarit\/wp-json\/wp\/v2\/types\/page"}],"author":[{"embeddable":true,"href":"https:\/\/agora.xtec.cat\/ceipjoandemargarit\/wp-json\/wp\/v2\/users\/7"}],"replies":[{"embeddable":true,"href":"https:\/\/agora.xtec.cat\/ceipjoandemargarit\/wp-json\/wp\/v2\/comments?post=1675"}],"version-history":[{"count":6,"href":"https:\/\/agora.xtec.cat\/ceipjoandemargarit\/wp-json\/wp\/v2\/pages\/1675\/revisions"}],"predecessor-version":[{"id":4315,"href":"https:\/\/agora.xtec.cat\/ceipjoandemargarit\/wp-json\/wp\/v2\/pages\/1675\/revisions\/4315"}],"up":[{"embeddable":true,"href":"https:\/\/agora.xtec.cat\/ceipjoandemargarit\/wp-json\/wp\/v2\/pages\/635"}],"wp:attachment":[{"href":"https:\/\/agora.xtec.cat\/ceipjoandemargarit\/wp-json\/wp\/v2\/media?parent=1675"}],"curies":[{"name":"wp","href":"https:\/\/api.w.org\/{rel}","templated":true}]}}