{"id":1659,"date":"2021-05-21T13:28:28","date_gmt":"2021-05-21T11:28:28","guid":{"rendered":"https:\/\/agora.xtec.cat\/ceipjoandemargarit\/?page_id=1659"},"modified":"2025-08-20T20:35:15","modified_gmt":"2025-08-20T18:35:15","slug":"formulari-per-fer-se-soci-de-lafa","status":"publish","type":"page","link":"https:\/\/agora.xtec.cat\/ceipjoandemargarit\/afa\/formulari-per-fer-se-soci-de-lafa\/","title":{"rendered":"Formulari per fer-se soci\/a de l&#8217;AFA"},"content":{"rendered":"<p>Benvolgudes fam\u00edlies,<\/p>\n<p>Aqu\u00ed trobareu el formulari perqu\u00e8 els vostres fills i filles puguin ser socis\/es de l&#8217;AFA i gaudir aix\u00ed dels beneficis que aix\u00f2 comporta tant en roba (uniformes, xandalls, &#8230;), excursions, col\u00f2nies, activitats extraescolars i molts altres avantatges.<\/p>\n<p><strong>Fam\u00edlia! Clica i emplena el formulari per fer-te s\u00f2cia de l&#8217;AFA:<\/strong> <a href=\"https:\/\/forms.gle\/xoatehMUquS1CZKr9\" target=\"_blank\" rel=\"noopener\">FORMULARI SOCI\/A AFA CURS 2025-2026<\/a><\/p>\n<p>Passos a seguir per fer-vos socis\/es de l&#8217;AFA:<\/p>\n<ul>\n<li>Emplenar el formulari i enviar-lo<\/li>\n<li>Realitzar el pagament de la quota anual familiar de 30 \u20ac al n\u00famero de compte ES20 2100 8204 6123 0002 8843. Important indicar el nom, cognoms i el curs de l&#8217;alumne o alumnes.<\/li>\n<\/ul>\n<p><em>Us recordem que \u00e9s un sol pagament de 30 \u20ac per fam\u00edlia (independentment de si es tenen un o m\u00e9s fills).\u00a0<\/em><\/p>\n<p>Per qualsevol dubte, poseu-vos en contacte amb nosaltres enviant un correu electr\u00f2nic a ampamargarit@gmail.com<\/p>\n","protected":false},"excerpt":{"rendered":"<p>Benvolgudes fam\u00edlies,<br \/>\nAqu\u00ed trobareu el formulari perqu\u00e8 els vostres fills i filles puguin ser socis\/es de l&#8217;AFA i gaudir aix\u00ed dels beneficis que aix\u00f2 comporta tant en roba (uniformes, xandalls, &#8230;), excursions, col\u00f2nies, activitats extraescolars i molts altres avantatges.<br \/>\nFam\u00edlia! Clica i emplena el formulari per fer-te&hellip;  <a href=\"https:\/\/agora.xtec.cat\/ceipjoandemargarit\/afa\/formulari-per-fer-se-soci-de-lafa\/\" title=\"Read Formulari per fer-se soci\/a de l&#8217;AFA\">Llegeix m\u00e9s\u00bb<\/a><\/p>\n","protected":false},"author":7,"featured_media":0,"parent":635,"menu_order":1,"comment_status":"closed","ping_status":"closed","template":"page-templates\/side-menu.php","meta":{"_bbp_topic_count":0,"_bbp_reply_count":0,"_bbp_total_topic_count":0,"_bbp_total_reply_count":0,"_bbp_voice_count":0,"_bbp_anonymous_reply_count":0,"_bbp_topic_count_hidden":0,"_bbp_reply_count_hidden":0,"_bbp_forum_subforum_count":0,"footnotes":""},"class_list":["post-1659","page","type-page","status-publish","hentry"],"post_mailing_queue_ids":[],"_links":{"self":[{"href":"https:\/\/agora.xtec.cat\/ceipjoandemargarit\/wp-json\/wp\/v2\/pages\/1659","targetHints":{"allow":["GET"]}}],"collection":[{"href":"https:\/\/agora.xtec.cat\/ceipjoandemargarit\/wp-json\/wp\/v2\/pages"}],"about":[{"href":"https:\/\/agora.xtec.cat\/ceipjoandemargarit\/wp-json\/wp\/v2\/types\/page"}],"author":[{"embeddable":true,"href":"https:\/\/agora.xtec.cat\/ceipjoandemargarit\/wp-json\/wp\/v2\/users\/7"}],"replies":[{"embeddable":true,"href":"https:\/\/agora.xtec.cat\/ceipjoandemargarit\/wp-json\/wp\/v2\/comments?post=1659"}],"version-history":[{"count":7,"href":"https:\/\/agora.xtec.cat\/ceipjoandemargarit\/wp-json\/wp\/v2\/pages\/1659\/revisions"}],"predecessor-version":[{"id":4306,"href":"https:\/\/agora.xtec.cat\/ceipjoandemargarit\/wp-json\/wp\/v2\/pages\/1659\/revisions\/4306"}],"up":[{"embeddable":true,"href":"https:\/\/agora.xtec.cat\/ceipjoandemargarit\/wp-json\/wp\/v2\/pages\/635"}],"wp:attachment":[{"href":"https:\/\/agora.xtec.cat\/ceipjoandemargarit\/wp-json\/wp\/v2\/media?parent=1659"}],"curies":[{"name":"wp","href":"https:\/\/api.w.org\/{rel}","templated":true}]}}