{"id":1163,"date":"2020-10-04T18:28:53","date_gmt":"2020-10-04T16:28:53","guid":{"rendered":"https:\/\/agora.xtec.cat\/ceipjoandemargarit\/?page_id=1163"},"modified":"2025-03-24T15:40:05","modified_gmt":"2025-03-24T14:40:05","slug":"accessos-dentrada-i-sortida","status":"publish","type":"page","link":"https:\/\/agora.xtec.cat\/ceipjoandemargarit\/cancons-i-poemes-1r\/accessos-dentrada-i-sortida\/","title":{"rendered":"Accessos d&#8217;entrada i sortida"},"content":{"rendered":"<p>&nbsp;<\/p>\n<p><strong><span style=\"color: #339966;\">Entrades i sortides al recinte escolar<\/span><\/strong><\/p>\n<p><span style=\"color: #0000ff;\">Acc\u00e9s A: Educaci\u00f3 infantil &#8211; 3, 4 i 5 anys i germans.<\/span><br \/>\n<span style=\"color: #ff9900;\">Acc\u00e9s B: Cicle inicial i mitj\u00e0:: 1r , 2n , 3r. i 4t<\/span><br \/>\n<span style=\"color: #993366;\">Acc\u00e9s C: Cicle superior: 5\u00e8 i 6\u00e8<\/span><\/p>\n<p><span style=\"color: #000000;\">HORARI MAT\u00cd: 9h i 12:30h.<br \/>\nHORARI TARDA: 15:00 h i 16:30h<\/span><\/p>\n<p>&nbsp;<\/p>\n","protected":false},"excerpt":{"rendered":"<p>&nbsp;<br \/>\nEntrades i sortides al recinte escolar<br \/>\nAcc\u00e9s A: Educaci\u00f3 infantil &#8211; 3, 4 i 5 anys i germans.<br \/>\nAcc\u00e9s B: Cicle inicial i mitj\u00e0:: 1r , 2n , 3r. i 4t<br \/>\nAcc\u00e9s C: Cicle superior: 5\u00e8 i 6\u00e8<br \/>\nHORARI MAT\u00cd: 9h i 12:30h.<br \/>\nHORARI TARDA: 15:00 h i 16:30h<br \/>\n&nbsp;<\/p>\n","protected":false},"author":1,"featured_media":0,"parent":676,"menu_order":40,"comment_status":"closed","ping_status":"closed","template":"page-templates\/side-menu.php","meta":{"_bbp_topic_count":0,"_bbp_reply_count":0,"_bbp_total_topic_count":0,"_bbp_total_reply_count":0,"_bbp_voice_count":0,"_bbp_anonymous_reply_count":0,"_bbp_topic_count_hidden":0,"_bbp_reply_count_hidden":0,"_bbp_forum_subforum_count":0,"footnotes":""},"class_list":["post-1163","page","type-page","status-publish","hentry"],"post_mailing_queue_ids":[],"_links":{"self":[{"href":"https:\/\/agora.xtec.cat\/ceipjoandemargarit\/wp-json\/wp\/v2\/pages\/1163","targetHints":{"allow":["GET"]}}],"collection":[{"href":"https:\/\/agora.xtec.cat\/ceipjoandemargarit\/wp-json\/wp\/v2\/pages"}],"about":[{"href":"https:\/\/agora.xtec.cat\/ceipjoandemargarit\/wp-json\/wp\/v2\/types\/page"}],"author":[{"embeddable":true,"href":"https:\/\/agora.xtec.cat\/ceipjoandemargarit\/wp-json\/wp\/v2\/users\/1"}],"replies":[{"embeddable":true,"href":"https:\/\/agora.xtec.cat\/ceipjoandemargarit\/wp-json\/wp\/v2\/comments?post=1163"}],"version-history":[{"count":5,"href":"https:\/\/agora.xtec.cat\/ceipjoandemargarit\/wp-json\/wp\/v2\/pages\/1163\/revisions"}],"predecessor-version":[{"id":4176,"href":"https:\/\/agora.xtec.cat\/ceipjoandemargarit\/wp-json\/wp\/v2\/pages\/1163\/revisions\/4176"}],"up":[{"embeddable":true,"href":"https:\/\/agora.xtec.cat\/ceipjoandemargarit\/wp-json\/wp\/v2\/pages\/676"}],"wp:attachment":[{"href":"https:\/\/agora.xtec.cat\/ceipjoandemargarit\/wp-json\/wp\/v2\/media?parent=1163"}],"curies":[{"name":"wp","href":"https:\/\/api.w.org\/{rel}","templated":true}]}}