{"id":607,"date":"2019-10-10T11:38:43","date_gmt":"2019-10-10T09:38:43","guid":{"rendered":"https:\/\/agora.xtec.cat\/ceipjoanadempuries\/?page_id=607"},"modified":"2024-02-13T16:45:17","modified_gmt":"2024-02-13T15:45:17","slug":"estrategiadigital","status":"publish","type":"page","link":"https:\/\/agora.xtec.cat\/ceipjoanadempuries\/projecte-educatiu\/estrategiadigital\/","title":{"rendered":"ESTRAT\u00c8GIA DIGITAL DE CENTRE"},"content":{"rendered":"<p>Cliqueu a sobre de la imatge per accedir al document d&#8217;Estrat\u00e8gia Digital de Centre (en proc\u00e9s d&#8217;elaboraci\u00f3).<\/p>\n<p><a href=\"https:\/\/sites.google.com\/xtec.cat\/edcjoanadempuries?usp=sharing\"><img loading=\"lazy\" decoding=\"async\" class=\"alignnone size-full wp-image-6770\" src=\"https:\/\/agora.xtec.cat\/ceipjoanadempuries\/wp-content\/uploads\/usu2026\/2023\/06\/edc.png\" alt=\"\" width=\"1017\" height=\"494\" \/><\/a><\/p>\n","protected":false},"excerpt":{"rendered":"<p>Cliqueu a sobre de la imatge per accedir al document d&#8217;Estrat\u00e8gia Digital de Centre (en proc\u00e9s d&#8217;elaboraci\u00f3).<br \/>\n<a href=\"https:\/\/sites.google.com\/xtec.cat\/edcjoanadempuries?usp=sharing\"><\/a><\/p>\n","protected":false},"author":1,"featured_media":0,"parent":64,"menu_order":4,"comment_status":"closed","ping_status":"closed","template":"page-templates\/side-menu.php","meta":{"_bbp_topic_count":0,"_bbp_reply_count":0,"_bbp_total_topic_count":0,"_bbp_total_reply_count":0,"_bbp_voice_count":0,"_bbp_anonymous_reply_count":0,"_bbp_topic_count_hidden":0,"_bbp_reply_count_hidden":0,"_bbp_forum_subforum_count":0,"footnotes":""},"class_list":["post-607","page","type-page","status-publish","hentry"],"post_mailing_queue_ids":[],"_links":{"self":[{"href":"https:\/\/agora.xtec.cat\/ceipjoanadempuries\/wp-json\/wp\/v2\/pages\/607","targetHints":{"allow":["GET"]}}],"collection":[{"href":"https:\/\/agora.xtec.cat\/ceipjoanadempuries\/wp-json\/wp\/v2\/pages"}],"about":[{"href":"https:\/\/agora.xtec.cat\/ceipjoanadempuries\/wp-json\/wp\/v2\/types\/page"}],"author":[{"embeddable":true,"href":"https:\/\/agora.xtec.cat\/ceipjoanadempuries\/wp-json\/wp\/v2\/users\/1"}],"replies":[{"embeddable":true,"href":"https:\/\/agora.xtec.cat\/ceipjoanadempuries\/wp-json\/wp\/v2\/comments?post=607"}],"version-history":[{"count":5,"href":"https:\/\/agora.xtec.cat\/ceipjoanadempuries\/wp-json\/wp\/v2\/pages\/607\/revisions"}],"predecessor-version":[{"id":7063,"href":"https:\/\/agora.xtec.cat\/ceipjoanadempuries\/wp-json\/wp\/v2\/pages\/607\/revisions\/7063"}],"up":[{"embeddable":true,"href":"https:\/\/agora.xtec.cat\/ceipjoanadempuries\/wp-json\/wp\/v2\/pages\/64"}],"wp:attachment":[{"href":"https:\/\/agora.xtec.cat\/ceipjoanadempuries\/wp-json\/wp\/v2\/media?parent=607"}],"curies":[{"name":"wp","href":"https:\/\/api.w.org\/{rel}","templated":true}]}}