{"id":596,"date":"2019-10-03T11:21:17","date_gmt":"2019-10-03T09:21:17","guid":{"rendered":"https:\/\/agora.xtec.cat\/ceipjoanadempuries\/?page_id=596"},"modified":"2019-10-03T11:29:23","modified_gmt":"2019-10-03T09:29:23","slug":"horaris-datencio-a-les-families","status":"publish","type":"page","link":"https:\/\/agora.xtec.cat\/ceipjoanadempuries\/lescola\/horaris-datencio-a-les-families\/","title":{"rendered":"Horaris d&#8217;atenci\u00f3 a les fam\u00edlies"},"content":{"rendered":"<p>Per a tot all\u00f2 relacionat amb la gesti\u00f3 administrativa o per comunicar-se amb la direcci\u00f3 dels centre els horaris establerts s\u00f3n els seg\u00fcents:<\/p>\n<p>Horari d&#8217;atenci\u00f3 a les fam\u00edlies de la direcci\u00f3 del centre: Dimecres de 9h a 10:30h.<\/p>\n<p>Horari d&#8217;atenci\u00f3 a les fam\u00edlies per gestions administratives del centre (secretaria): Dimecres de 9h a 10:30h.<\/p>\n","protected":false},"excerpt":{"rendered":"<p>Per a tot all\u00f2 relacionat amb la gesti\u00f3 administrativa o per comunicar-se amb la direcci\u00f3 dels centre els horaris establerts s\u00f3n els seg\u00fcents:<br \/>\nHorari d&#8217;atenci\u00f3 a les fam\u00edlies de la direcci\u00f3 del centre: Dimecres de 9h a 10:30h.<br \/>\nHorari d&#8217;atenci\u00f3 a les fam\u00edlies per gestions administratives del&hellip;  <a href=\"https:\/\/agora.xtec.cat\/ceipjoanadempuries\/lescola\/horaris-datencio-a-les-families\/\" title=\"Read Horaris d&#8217;atenci\u00f3 a les fam\u00edlies\">Llegeix m\u00e9s\u00bb<\/a><\/p>\n","protected":false},"author":1,"featured_media":0,"parent":22,"menu_order":6,"comment_status":"closed","ping_status":"closed","template":"page-templates\/side-menu.php","meta":{"_bbp_topic_count":0,"_bbp_reply_count":0,"_bbp_total_topic_count":0,"_bbp_total_reply_count":0,"_bbp_voice_count":0,"_bbp_anonymous_reply_count":0,"_bbp_topic_count_hidden":0,"_bbp_reply_count_hidden":0,"_bbp_forum_subforum_count":0,"footnotes":""},"class_list":["post-596","page","type-page","status-publish","hentry"],"post_mailing_queue_ids":[],"_links":{"self":[{"href":"https:\/\/agora.xtec.cat\/ceipjoanadempuries\/wp-json\/wp\/v2\/pages\/596","targetHints":{"allow":["GET"]}}],"collection":[{"href":"https:\/\/agora.xtec.cat\/ceipjoanadempuries\/wp-json\/wp\/v2\/pages"}],"about":[{"href":"https:\/\/agora.xtec.cat\/ceipjoanadempuries\/wp-json\/wp\/v2\/types\/page"}],"author":[{"embeddable":true,"href":"https:\/\/agora.xtec.cat\/ceipjoanadempuries\/wp-json\/wp\/v2\/users\/1"}],"replies":[{"embeddable":true,"href":"https:\/\/agora.xtec.cat\/ceipjoanadempuries\/wp-json\/wp\/v2\/comments?post=596"}],"version-history":[{"count":3,"href":"https:\/\/agora.xtec.cat\/ceipjoanadempuries\/wp-json\/wp\/v2\/pages\/596\/revisions"}],"predecessor-version":[{"id":599,"href":"https:\/\/agora.xtec.cat\/ceipjoanadempuries\/wp-json\/wp\/v2\/pages\/596\/revisions\/599"}],"up":[{"embeddable":true,"href":"https:\/\/agora.xtec.cat\/ceipjoanadempuries\/wp-json\/wp\/v2\/pages\/22"}],"wp:attachment":[{"href":"https:\/\/agora.xtec.cat\/ceipjoanadempuries\/wp-json\/wp\/v2\/media?parent=596"}],"curies":[{"name":"wp","href":"https:\/\/api.w.org\/{rel}","templated":true}]}}