{"id":582,"date":"2019-09-27T16:35:37","date_gmt":"2019-09-27T14:35:37","guid":{"rendered":"https:\/\/agora.xtec.cat\/ceipjoanadempuries\/?page_id=582"},"modified":"2025-10-15T12:02:18","modified_gmt":"2025-10-15T10:02:18","slug":"qui-som","status":"publish","type":"page","link":"https:\/\/agora.xtec.cat\/ceipjoanadempuries\/lescola\/qui-som\/","title":{"rendered":"Qui som"},"content":{"rendered":"<p>L\u2019escola Joana d\u2019Emp\u00faries \u00e9s un centre p\u00fablic que va iniciar el seu funcionament el curs escolar 2002-03 en barracons. A partir del curs escolar 2006-07 l\u2019escola es va traslladar a l\u2019edifici actual que es va inaugurar l\u2019onze d\u2019abril del 2008.<\/p>\n<p>L\u2019escola Joana d\u2019Emp\u00faries est\u00e0 ubicada a la carretera de Palau Saverdera n\u00famero 3 de Castell\u00f3 d\u2019Emp\u00faries. El curs 2019-2020 comptava amb 345 alumnes.<\/p>\n<p>El nombre d\u2019habitants del municipi \u00e9s de 10.784 i la poblaci\u00f3 t\u00e9 una superf\u00edcie de 42,29 Km2.<\/p>\n","protected":false},"excerpt":{"rendered":"<p>L\u2019escola Joana d\u2019Emp\u00faries \u00e9s un centre p\u00fablic que va iniciar el seu funcionament el curs escolar 2002-03 en barracons. A partir del curs escolar 2006-07 l\u2019escola es va traslladar a l\u2019edifici actual que es va inaugurar l\u2019onze d\u2019abril del 2008.<br \/>\nL\u2019escola Joana d\u2019Emp\u00faries est\u00e0 ubicada a&hellip;  <a href=\"https:\/\/agora.xtec.cat\/ceipjoanadempuries\/lescola\/qui-som\/\" title=\"Read Qui som\">Llegeix m\u00e9s\u00bb<\/a><\/p>\n","protected":false},"author":1,"featured_media":0,"parent":22,"menu_order":2,"comment_status":"closed","ping_status":"closed","template":"page-templates\/side-menu.php","meta":{"_bbp_topic_count":0,"_bbp_reply_count":0,"_bbp_total_topic_count":0,"_bbp_total_reply_count":0,"_bbp_voice_count":0,"_bbp_anonymous_reply_count":0,"_bbp_topic_count_hidden":0,"_bbp_reply_count_hidden":0,"_bbp_forum_subforum_count":0,"footnotes":""},"class_list":["post-582","page","type-page","status-publish","hentry"],"post_mailing_queue_ids":[],"_links":{"self":[{"href":"https:\/\/agora.xtec.cat\/ceipjoanadempuries\/wp-json\/wp\/v2\/pages\/582","targetHints":{"allow":["GET"]}}],"collection":[{"href":"https:\/\/agora.xtec.cat\/ceipjoanadempuries\/wp-json\/wp\/v2\/pages"}],"about":[{"href":"https:\/\/agora.xtec.cat\/ceipjoanadempuries\/wp-json\/wp\/v2\/types\/page"}],"author":[{"embeddable":true,"href":"https:\/\/agora.xtec.cat\/ceipjoanadempuries\/wp-json\/wp\/v2\/users\/1"}],"replies":[{"embeddable":true,"href":"https:\/\/agora.xtec.cat\/ceipjoanadempuries\/wp-json\/wp\/v2\/comments?post=582"}],"version-history":[{"count":3,"href":"https:\/\/agora.xtec.cat\/ceipjoanadempuries\/wp-json\/wp\/v2\/pages\/582\/revisions"}],"predecessor-version":[{"id":8142,"href":"https:\/\/agora.xtec.cat\/ceipjoanadempuries\/wp-json\/wp\/v2\/pages\/582\/revisions\/8142"}],"up":[{"embeddable":true,"href":"https:\/\/agora.xtec.cat\/ceipjoanadempuries\/wp-json\/wp\/v2\/pages\/22"}],"wp:attachment":[{"href":"https:\/\/agora.xtec.cat\/ceipjoanadempuries\/wp-json\/wp\/v2\/media?parent=582"}],"curies":[{"name":"wp","href":"https:\/\/api.w.org\/{rel}","templated":true}]}}