{"id":2610,"date":"2020-06-30T00:54:57","date_gmt":"2020-06-29T22:54:57","guid":{"rendered":"https:\/\/agora.xtec.cat\/ceipjoanadempuries\/?page_id=2610"},"modified":"2020-06-30T00:54:57","modified_gmt":"2020-06-29T22:54:57","slug":"projecte-de-convivencia","status":"publish","type":"page","link":"https:\/\/agora.xtec.cat\/ceipjoanadempuries\/projecte-educatiu\/projecte-de-convivencia\/","title":{"rendered":"PROJECTE DE CONVIV\u00c8NCIA"},"content":{"rendered":"<p>Clicant al seg\u00fcent enlla\u00e7 accedireu al projecte de conviv\u00e8ncia:<\/p>\n<p><a href=\"https:\/\/agora.xtec.cat\/ceipjoanadempuries\/wp-content\/uploads\/usu2026\/2020\/06\/PROJ-CONVIVENCIA-1923.pdf\">PROJ CONVIVENCIA 1923<\/a><\/p>\n","protected":false},"excerpt":{"rendered":"<p>Clicant al seg\u00fcent enlla\u00e7 accedireu al projecte de conviv\u00e8ncia:<br \/>\n<a href=\"https:\/\/agora.xtec.cat\/ceipjoanadempuries\/wp-content\/uploads\/usu2026\/2020\/06\/PROJ-CONVIVENCIA-1923.pdf\">PROJ CONVIVENCIA 1923<\/a><\/p>\n","protected":false},"author":77,"featured_media":0,"parent":64,"menu_order":8,"comment_status":"closed","ping_status":"closed","template":"","meta":{"_bbp_topic_count":0,"_bbp_reply_count":0,"_bbp_total_topic_count":0,"_bbp_total_reply_count":0,"_bbp_voice_count":0,"_bbp_anonymous_reply_count":0,"_bbp_topic_count_hidden":0,"_bbp_reply_count_hidden":0,"_bbp_forum_subforum_count":0,"footnotes":""},"class_list":["post-2610","page","type-page","status-publish","hentry"],"post_mailing_queue_ids":[],"_links":{"self":[{"href":"https:\/\/agora.xtec.cat\/ceipjoanadempuries\/wp-json\/wp\/v2\/pages\/2610","targetHints":{"allow":["GET"]}}],"collection":[{"href":"https:\/\/agora.xtec.cat\/ceipjoanadempuries\/wp-json\/wp\/v2\/pages"}],"about":[{"href":"https:\/\/agora.xtec.cat\/ceipjoanadempuries\/wp-json\/wp\/v2\/types\/page"}],"author":[{"embeddable":true,"href":"https:\/\/agora.xtec.cat\/ceipjoanadempuries\/wp-json\/wp\/v2\/users\/77"}],"replies":[{"embeddable":true,"href":"https:\/\/agora.xtec.cat\/ceipjoanadempuries\/wp-json\/wp\/v2\/comments?post=2610"}],"version-history":[{"count":1,"href":"https:\/\/agora.xtec.cat\/ceipjoanadempuries\/wp-json\/wp\/v2\/pages\/2610\/revisions"}],"predecessor-version":[{"id":2611,"href":"https:\/\/agora.xtec.cat\/ceipjoanadempuries\/wp-json\/wp\/v2\/pages\/2610\/revisions\/2611"}],"up":[{"embeddable":true,"href":"https:\/\/agora.xtec.cat\/ceipjoanadempuries\/wp-json\/wp\/v2\/pages\/64"}],"wp:attachment":[{"href":"https:\/\/agora.xtec.cat\/ceipjoanadempuries\/wp-json\/wp\/v2\/media?parent=2610"}],"curies":[{"name":"wp","href":"https:\/\/api.w.org\/{rel}","templated":true}]}}