{"id":26,"date":"2014-09-18T12:24:32","date_gmt":"2014-09-18T11:24:32","guid":{"rendered":"http:\/\/agora.xtec.cat\/ceipjoanadempuries\/?page_id=26"},"modified":"2025-10-15T12:01:58","modified_gmt":"2025-10-15T10:01:58","slug":"historia","status":"publish","type":"page","link":"https:\/\/agora.xtec.cat\/ceipjoanadempuries\/lescola\/historia\/","title":{"rendered":"Hist\u00f2ria"},"content":{"rendered":"<p>El nom de l\u2019escola: <strong>Joana d\u2019Emp\u00faries<\/strong><\/p>\n<p>Joana d\u2019Emp\u00faries era comtessa d\u2019Emp\u00faries, esposa del comte Joan I d\u2019Emp\u00faries (1325-1341).<\/p>\n<p>Va ajudar a embellir la vila amb jardins i va ser amant de les lletres i la poesia. Fins i tot es feia traduir els textos hebraics de l\u2019Aljama Castellonina.<\/p>\n<p>Tot i no ser gaire agraciada f\u00edsicament, el comte Joan la tenia en una gran estima i admiraci\u00f3, junts passaven llargues estades al Castell de la Verdera, o de les \u00e0ligues, el que vigila el monestir de Sant Pere de Rodes; lloc rom\u00e0ntic i ple de poesia des d\u2019on es veia tot l\u2019Empord\u00e0.<\/p>\n<p>Va defensar aferrissadament els interessos del comtat i no va dubtar en enfrontar-se al seu propi pare, el rei Pere II de Catalunya i IV d\u2019Arag\u00f3 (\u201cEl Cerimoni\u00f3s\u201d o \u201cEl Rei del Punyalet\u201d). Aquest fet li valgu\u00e9 una forta reprimenda davant dels nobles a la Vila de Peralada on fou, a m\u00e9s, bufetejada pel rei. Aquest fet la disgust\u00e0 i entrist\u00ed tant que li cost\u00e0 la vida.<\/p>\n","protected":false},"excerpt":{"rendered":"<p>El nom de l\u2019escola: Joana d\u2019Emp\u00faries<br \/>\nJoana d\u2019Emp\u00faries era comtessa d\u2019Emp\u00faries, esposa del comte Joan I d\u2019Emp\u00faries (1325-1341).<br \/>\nVa ajudar a embellir la vila amb jardins i va ser amant de les lletres i la poesia. Fins i tot es feia traduir els textos hebraics de l\u2019Aljama&hellip;  <a href=\"https:\/\/agora.xtec.cat\/ceipjoanadempuries\/lescola\/historia\/\" title=\"Read Hist\u00f2ria\">Llegeix m\u00e9s\u00bb<\/a><\/p>\n","protected":false},"author":1,"featured_media":0,"parent":22,"menu_order":4,"comment_status":"closed","ping_status":"closed","template":"page-templates\/side-menu.php","meta":{"_bbp_topic_count":0,"_bbp_reply_count":0,"_bbp_total_topic_count":0,"_bbp_total_reply_count":0,"_bbp_voice_count":0,"_bbp_anonymous_reply_count":0,"_bbp_topic_count_hidden":0,"_bbp_reply_count_hidden":0,"_bbp_forum_subforum_count":0,"footnotes":""},"class_list":["post-26","page","type-page","status-publish","hentry"],"post_mailing_queue_ids":[],"_links":{"self":[{"href":"https:\/\/agora.xtec.cat\/ceipjoanadempuries\/wp-json\/wp\/v2\/pages\/26","targetHints":{"allow":["GET"]}}],"collection":[{"href":"https:\/\/agora.xtec.cat\/ceipjoanadempuries\/wp-json\/wp\/v2\/pages"}],"about":[{"href":"https:\/\/agora.xtec.cat\/ceipjoanadempuries\/wp-json\/wp\/v2\/types\/page"}],"author":[{"embeddable":true,"href":"https:\/\/agora.xtec.cat\/ceipjoanadempuries\/wp-json\/wp\/v2\/users\/1"}],"replies":[{"embeddable":true,"href":"https:\/\/agora.xtec.cat\/ceipjoanadempuries\/wp-json\/wp\/v2\/comments?post=26"}],"version-history":[{"count":2,"href":"https:\/\/agora.xtec.cat\/ceipjoanadempuries\/wp-json\/wp\/v2\/pages\/26\/revisions"}],"predecessor-version":[{"id":8141,"href":"https:\/\/agora.xtec.cat\/ceipjoanadempuries\/wp-json\/wp\/v2\/pages\/26\/revisions\/8141"}],"up":[{"embeddable":true,"href":"https:\/\/agora.xtec.cat\/ceipjoanadempuries\/wp-json\/wp\/v2\/pages\/22"}],"wp:attachment":[{"href":"https:\/\/agora.xtec.cat\/ceipjoanadempuries\/wp-json\/wp\/v2\/media?parent=26"}],"curies":[{"name":"wp","href":"https:\/\/api.w.org\/{rel}","templated":true}]}}