{"id":2414,"date":"2020-04-13T23:39:46","date_gmt":"2020-04-13T21:39:46","guid":{"rendered":"https:\/\/agora.xtec.cat\/ceipjoanadempuries\/?page_id=2414"},"modified":"2026-04-23T12:12:45","modified_gmt":"2026-04-23T10:12:45","slug":"tercer-trimestre-a-lescola-joana-dempuries","status":"publish","type":"page","link":"https:\/\/agora.xtec.cat\/ceipjoanadempuries\/","title":{"rendered":"ENCAP\u00c7ALAMENT"},"content":{"rendered":"<div style=\"width: 100%;\">\n<div><header class=\"entry-header\"><\/header>\n<div class=\"entry-content\">\n<p style=\"text-align: center;\"><strong>TR\u00cdPTIC INFORMATIU DE L\u2019ESCOLA 2026:<\/strong> \u27a1\u27a1 <a href=\"https:\/\/drive.google.com\/file\/d\/1PXbrXN7O5dDwQq2rZYSkyldk849De5kN\/view?usp=sharing\"><span style=\"background-color: #ff6600;\"><strong><span style=\"background-color: #ffcc99;\">ESCOLA JOANA D\u2019EMP\u00daRIES<\/span><\/strong><\/span><\/a> \u2b05\u2b05<\/p>\n<div class=\"entry-content\">\n<h3 style=\"text-align: center;\">PREINSCRIPCI\u00d3 I MATR\u00cdCULA CURS 2026-2027<\/h3>\n<p style=\"text-align: center;\"><a href=\"https:\/\/preinscripcio.gencat.cat\/ca\/inici\/\" target=\"_blank\" rel=\"noopener noreferrer\">ENLLA\u00c7 INFORMACI\u00d3 PREINSCRIPCI\u00d3. DEPARTAMENT EDUCACI\u00d3.<\/a><\/p>\n<p><a href=\"https:\/\/www.castello.cat\/wp-content\/uploads\/2026\/02\/PREINSCRIPCIO-ESCOLAR-2026-3.pdf\" target=\"_blank\" rel=\"noopener\">PRESENTACI\u00d3 SESSI\u00d3 INFORMATIVA. AJUNTAMENT DE CASTELL\u00d3 D&#8217;EMP\u00daRIES<\/a><\/p>\n<h6>* Adre\u00e7at a fam\u00edlies de nova matr\u00edcula pel curs 2026-2027 des de I3 fins a 6\u00e8. Els\/les alumnes que ja estan al centre NO han de fer preinscripci\u00f3. *<\/h6>\n<h4><strong>CALENDARI I TERMINIS DE LA PREINSCRIPCI\u00d3 I LA MATR\u00cdCULA PEL CURS 2026-2027<\/strong><\/h4>\n<table>\n<tbody>\n<tr>\n<td style=\"text-align: center;\"><strong>3 de mar\u00e7<\/strong><\/td>\n<td><strong>Oferta inicial <\/strong>de places. Publicaci\u00f3 del nombre de places escolars per centre i curs previst.<br \/><a href=\"https:\/\/agora.xtec.cat\/ceipjoanadempuries\/wp-content\/uploads\/usu2026\/2026\/03\/INFORME_OFERTA_INICIAL.pdf\">OFERTA INICIAL<\/a><\/td>\n<\/tr>\n<tr>\n<td style=\"text-align: center;\"><strong>Del 4 al 18 de mar\u00e7<\/strong><\/td>\n<td>Per\u00edode de <strong>presentaci\u00f3 de sol\u00b7licituds <\/strong>d\u2019educaci\u00f3 infantil i prim\u00e0ria.<br \/>Les sol\u00b7licituds de preinscripci\u00f3 es faran per via telem\u00e0tica al web:<br \/><a href=\"https:\/\/preinscripcio.gencat.cat\/ca\/inici\/\">https:\/\/preinscripcio.gencat.cat\/ca\/inici\/<\/a><\/td>\n<\/tr>\n<tr>\n<td style=\"text-align: center;\"><strong>\u00a0<\/strong><strong>Fins a 19 de mar\u00e7<\/strong><\/td>\n<td><strong>Presentaci\u00f3 de documentaci\u00f3<\/strong>. Data l\u00edmit per a presentar documentaci\u00f3 acreditativa que no s\u2019hagi pogut adjuntar durant el per\u00edode de presentaci\u00f3 de sol\u00b7licituds.<\/td>\n<\/tr>\n<tr>\n<td style=\"text-align: center;\"><strong>15 d\u2019abril<\/strong><\/td>\n<td>\n<p><strong>Publicaci\u00f3 <\/strong>de la llista de sol\u00b7licituds amb la <strong>puntuaci\u00f3 provisional<\/strong>.<br \/><a href=\"https:\/\/agora.xtec.cat\/ceipjoanadempuries\/wp-content\/uploads\/usu2026\/2026\/04\/INFORME_BAREM_PROVISIONAL_BAREM-1.pdf\" data-wplink-edit=\"true\">LLISTA PUNTUACI\u00d3 PROVISIONAL<\/a><\/p>\n<\/td>\n<\/tr>\n<tr>\n<td style=\"text-align: center;\"><strong>\u00a0<\/strong><strong>Del 15 al 20 d\u2019abril<\/strong><\/td>\n<td><strong>Presentaci\u00f3 de reclamacions<\/strong>. Si es detecta alguna possible errada en la puntuaci\u00f3 assignada, durant aquest per\u00edode es pot presentar una reclamaci\u00f3.<\/td>\n<\/tr>\n<tr>\n<td style=\"text-align: center;\"><strong>\u00a0<\/strong><strong>23 d\u2019abril<br \/><\/strong><\/td>\n<td>\n<p>Un cop resoltes totes les reclamacions, es publica la llista de sol\u00b7licituds amb la <strong>puntuaci\u00f3 definitiva <\/strong>i el n\u00famero de desempat si s\u2019escau.<\/p>\n<p><a href=\"https:\/\/agora.xtec.cat\/ceipjoanadempuries\/wp-content\/uploads\/usu2026\/2026\/04\/INFORME_BAREM_RESOLTES_BAREM.pdf\">LLISTA PUNTUACI\u00d3 DEFINITIVA<\/a><\/p>\n<\/td>\n<\/tr>\n<tr>\n<td style=\"text-align: center;\"><strong>28 d\u2019abril<br \/><\/strong><\/td>\n<td><strong>Sorteig <\/strong>per resoldre l\u2019empat en les puntuacions. Quan hi ha algunes sol\u00b7licituds amb la mateixa puntuaci\u00f3, s\u2019utilitza el sorteig com a eina de desempat.<\/td>\n<\/tr>\n<tr>\n<td style=\"text-align: center;\"><strong>29 d\u2019abril<br \/><\/strong><\/td>\n<td><strong>Publicaci\u00f3 de la llista ordenada <\/strong>un cop ateses les reclamacions i el sorteig en casos d\u2019empat.<\/td>\n<\/tr>\n<tr>\n<td style=\"text-align: center;\"><strong><strong>Del 13 al 14 de maig (alumnat NEE B)<\/strong><\/strong>\n<p>De l\u20191 al 3 de juny (alumnat ordinari)<\/p>\n<\/td>\n<td><strong>Ampliaci\u00f3 de peticions <\/strong>de preinscripci\u00f3. Aquells alumnes que hagin quedat sense una pla\u00e7a assignada a cap centre i han marcat la petici\u00f3 d\u2019assignaci\u00f3 d\u2019ofici a la sol\u00b7licitud, durant aquest per\u00edode, es podr\u00e0 ampliar la petici\u00f3 de centres respecte a la sol\u00b7licitud general.<\/td>\n<\/tr>\n<tr>\n<td style=\"text-align: center;\"><strong>10 de juny<\/strong><\/td>\n<td>\n<p><strong>Oferta final <\/strong>de places. Publicaci\u00f3 del nombre de places escolars per centre i curs definitives.<\/p>\n<p>Publicaci\u00f3 de la llista d\u2019<strong>alumnes admesos <\/strong>i la <strong>llista d\u2019espera<\/strong>.<\/p>\n<\/td>\n<\/tr>\n<tr>\n<td style=\"text-align: center;\"><strong>Del 10 al 12 de juny<br \/><\/strong><\/td>\n<td><strong>Presentaci\u00f3 de reclamacions<\/strong>. Per\u00edode per interposar reclamacions a les llistes d\u2019alumnes amb pla\u00e7a assignada davant de la Comissi\u00f3 de Garanties d\u2019Admissi\u00f3.<\/td>\n<\/tr>\n<tr>\n<td style=\"text-align: center;\"><strong><br \/><\/strong><strong>Del 22 al 30 de juny<br \/><\/strong><\/td>\n<td><strong>Per\u00edode de matr\u00edcula<\/strong>. Un cop es publica el llistat d\u2019alumnes admesos a cada centre, s\u2019inicia el per\u00edode de matriculaci\u00f3. En cas que no es realitzi la matr\u00edcula en aquest per\u00edode es perd la pla\u00e7a.<\/td>\n<\/tr>\n<\/tbody>\n<\/table>\n<p><strong>JORNADA DE PORTES OBERTES:<\/strong><\/p>\n<table>\n<tbody>\n<tr>\n<td>Dia: dimarts 3 de mar\u00e7 de 2026.<\/td>\n<\/tr>\n<tr>\n<td>Horari: de 14:45h a 16:30h.<\/td>\n<\/tr>\n<\/tbody>\n<\/table>\n<\/div>\n<\/div>\n<\/div>\n<\/div>\n\n\n<p><\/p>\n","protected":false},"excerpt":{"rendered":"<p>TR\u00cdPTIC INFORMATIU DE L\u2019ESCOLA 2026: \u27a1\u27a1 <a href=\"https:\/\/drive.google.com\/file\/d\/1PXbrXN7O5dDwQq2rZYSkyldk849De5kN\/view?usp=sharing\">ESCOLA JOANA D\u2019EMP\u00daRIES<\/a> \u2b05\u2b05<\/p>\n<p>PREINSCRIPCI\u00d3 I MATR\u00cdCULA CURS 2026-2027<br \/>\n<a href=\"https:\/\/preinscripcio.gencat.cat\/ca\/inici\/\" target=\"_blank\" rel=\"noopener noreferrer\">ENLLA\u00c7 INFORMACI\u00d3 PREINSCRIPCI\u00d3. DEPARTAMENT EDUCACI\u00d3.<\/a><br \/>\n<a href=\"https:\/\/www.castello.cat\/wp-content\/uploads\/2026\/02\/PREINSCRIPCIO-ESCOLAR-2026-3.pdf\" target=\"_blank\" rel=\"noopener\">PRESENTACI\u00d3 SESSI\u00d3 INFORMATIVA. AJUNTAMENT DE CASTELL\u00d3 D&#8217;EMP\u00daRIES<\/a><br \/>\n* Adre\u00e7at a fam\u00edlies de nova matr\u00edcula pel curs 2026-2027 des de I3 fins&hellip;  <a href=\"https:\/\/agora.xtec.cat\/ceipjoanadempuries\/\" title=\"Read ENCAP\u00c7ALAMENT\">Llegeix m\u00e9s\u00bb<\/a><\/p>\n","protected":false},"author":77,"featured_media":0,"parent":7,"menu_order":0,"comment_status":"closed","ping_status":"closed","template":"page-templates\/front-page.php","meta":{"_bbp_topic_count":0,"_bbp_reply_count":0,"_bbp_total_topic_count":0,"_bbp_total_reply_count":0,"_bbp_voice_count":0,"_bbp_anonymous_reply_count":0,"_bbp_topic_count_hidden":0,"_bbp_reply_count_hidden":0,"_bbp_forum_subforum_count":0,"footnotes":""},"class_list":["post-2414","page","type-page","status-publish","hentry"],"post_mailing_queue_ids":[],"_links":{"self":[{"href":"https:\/\/agora.xtec.cat\/ceipjoanadempuries\/wp-json\/wp\/v2\/pages\/2414","targetHints":{"allow":["GET"]}}],"collection":[{"href":"https:\/\/agora.xtec.cat\/ceipjoanadempuries\/wp-json\/wp\/v2\/pages"}],"about":[{"href":"https:\/\/agora.xtec.cat\/ceipjoanadempuries\/wp-json\/wp\/v2\/types\/page"}],"author":[{"embeddable":true,"href":"https:\/\/agora.xtec.cat\/ceipjoanadempuries\/wp-json\/wp\/v2\/users\/77"}],"replies":[{"embeddable":true,"href":"https:\/\/agora.xtec.cat\/ceipjoanadempuries\/wp-json\/wp\/v2\/comments?post=2414"}],"version-history":[{"count":6,"href":"https:\/\/agora.xtec.cat\/ceipjoanadempuries\/wp-json\/wp\/v2\/pages\/2414\/revisions"}],"predecessor-version":[{"id":8393,"href":"https:\/\/agora.xtec.cat\/ceipjoanadempuries\/wp-json\/wp\/v2\/pages\/2414\/revisions\/8393"}],"up":[{"embeddable":true,"href":"https:\/\/agora.xtec.cat\/ceipjoanadempuries\/wp-json\/wp\/v2\/pages\/7"}],"wp:attachment":[{"href":"https:\/\/agora.xtec.cat\/ceipjoanadempuries\/wp-json\/wp\/v2\/media?parent=2414"}],"curies":[{"name":"wp","href":"https:\/\/api.w.org\/{rel}","templated":true}]}}