{"id":84,"date":"2014-09-18T14:11:31","date_gmt":"2014-09-18T12:11:31","guid":{"rendered":"http:\/\/agora.xtec.cat\/ceipjoanabello-mollet\/?page_id=84"},"modified":"2025-06-05T15:39:09","modified_gmt":"2025-06-05T13:39:09","slug":"activitats-extraescolars","status":"publish","type":"page","link":"https:\/\/agora.xtec.cat\/ceipjoanabello-mollet\/ampa\/activitats-extraescolars\/","title":{"rendered":"Activitats extraescolars"},"content":{"rendered":"<p>Les activitats extraescolars estimulen els aprenentatges i les compet\u00e8ncies que potencien el desenvolupament integral dels infants.<\/p>\n<p>Fer <strong>activitats extraescolars<\/strong> \u00e9s important per potenciar les habilitats dels nens.<\/p>\n<p>La proposta que realitzem es basa en un an\u00e0lisi de les fam\u00edlies, de les seves necessitats i els seus interessos, per aix\u00f2 cada comen\u00e7ament de curs preguntem a les fam\u00edlies quines s\u00f3n les activitats que proposen fer o que m\u00e9s ha agradat de les realitzades.<\/p>\n<p><strong>A l\u2019hora de triar les activitats extraescolars, hem de tenir en compte les prefer\u00e8ncies de l\u2019infant<\/strong>, per\u00f2 els a<strong>dults tamb\u00e9 n\u2019hem de poder proposar d\u2019altres que podria fer observant si t\u00e9 alguna mancan\u00e7a o si volem potenciar alguna habilitat que tingui<\/strong>.<\/p>\n<p><strong>Fer una activitat fisicoesportiva t\u00e9 una incid\u00e8ncia positiva a posteriori en aquelles assignatures que costen m\u00e9s cognitivament<\/strong>, com poden ser les matem\u00e0tiques.<\/p>\n<p>A m\u00e9s, tamb\u00e9 t\u00e9 una repercussi\u00f3 positiva en els h\u00e0bits, sobretot en els m\u00e9s saludables, com el de menjar, i en els patrons de descans.<\/p>\n<p>\u27a1 CLICA\u00a0 AQU\u00cd PER VEURE LES ACTIVITATS EXTRAESCOLARS QUE FEM A L&#8217;ESCOLA<\/p>\n<p>\u23f0CLICA AQU\u00cd PER VEURE L&#8217;HORARI DE LES ACTIVITATS.<\/p>\n<p>\ud83d\udccdCLICA AQU\u00cd PER VEURE INFORMACI\u00d3 SOBRE LA PREINSCRIPCI\u00d3 A LES ACTIVITATS<\/p>\n","protected":false},"excerpt":{"rendered":"<p>Les activitats extraescolars estimulen els aprenentatges i les compet\u00e8ncies que potencien el desenvolupament integral dels infants. Fer activitats extraescolars \u00e9s important per potenciar les habilitats dels nens. La proposta que realitzem es basa en un an\u00e0lisi de les fam\u00edlies, de les seves necessitats i els seus interessos, per aix\u00f2 cada comen\u00e7ament de curs preguntem a [&hellip;]<\/p>\n","protected":false},"author":1,"featured_media":0,"parent":3256,"menu_order":2,"comment_status":"closed","ping_status":"closed","template":"","meta":{"_bbp_topic_count":0,"_bbp_reply_count":0,"_bbp_total_topic_count":0,"_bbp_total_reply_count":0,"_bbp_voice_count":0,"_bbp_anonymous_reply_count":0,"_bbp_topic_count_hidden":0,"_bbp_reply_count_hidden":0,"_bbp_forum_subforum_count":0,"site-sidebar-layout":"default","site-content-layout":"","ast-site-content-layout":"default","site-content-style":"default","site-sidebar-style":"default","ast-global-header-display":"","ast-banner-title-visibility":"","ast-main-header-display":"","ast-hfb-above-header-display":"","ast-hfb-below-header-display":"","ast-hfb-mobile-header-display":"","site-post-title":"","ast-breadcrumbs-content":"","ast-featured-img":"","footer-sml-layout":"","theme-transparent-header-meta":"","adv-header-id-meta":"","stick-header-meta":"","header-above-stick-meta":"","header-main-stick-meta":"","header-below-stick-meta":"","astra-migrate-meta-layouts":"set","ast-page-background-enabled":"default","ast-page-background-meta":{"desktop":{"background-color":"var(--ast-global-color-4)","background-image":"","background-repeat":"repeat","background-position":"center center","background-size":"auto","background-attachment":"scroll","background-type":"","background-media":"","overlay-type":"","overlay-color":"","overlay-opacity":"","overlay-gradient":""},"tablet":{"background-color":"","background-image":"","background-repeat":"repeat","background-position":"center center","background-size":"auto","background-attachment":"scroll","background-type":"","background-media":"","overlay-type":"","overlay-color":"","overlay-opacity":"","overlay-gradient":""},"mobile":{"background-color":"","background-image":"","background-repeat":"repeat","background-position":"center center","background-size":"auto","background-attachment":"scroll","background-type":"","background-media":"","overlay-type":"","overlay-color":"","overlay-opacity":"","overlay-gradient":""}},"ast-content-background-meta":{"desktop":{"background-color":"var(--ast-global-color-5)","background-image":"","background-repeat":"repeat","background-position":"center center","background-size":"auto","background-attachment":"scroll","background-type":"","background-media":"","overlay-type":"","overlay-color":"","overlay-opacity":"","overlay-gradient":""},"tablet":{"background-color":"var(--ast-global-color-5)","background-image":"","background-repeat":"repeat","background-position":"center center","background-size":"auto","background-attachment":"scroll","background-type":"","background-media":"","overlay-type":"","overlay-color":"","overlay-opacity":"","overlay-gradient":""},"mobile":{"background-color":"var(--ast-global-color-5)","background-image":"","background-repeat":"repeat","background-position":"center center","background-size":"auto","background-attachment":"scroll","background-type":"","background-media":"","overlay-type":"","overlay-color":"","overlay-opacity":"","overlay-gradient":""}},"footnotes":""},"class_list":["post-84","page","type-page","status-publish","hentry"],"post_mailing_queue_ids":[],"_links":{"self":[{"href":"https:\/\/agora.xtec.cat\/ceipjoanabello-mollet\/wp-json\/wp\/v2\/pages\/84","targetHints":{"allow":["GET"]}}],"collection":[{"href":"https:\/\/agora.xtec.cat\/ceipjoanabello-mollet\/wp-json\/wp\/v2\/pages"}],"about":[{"href":"https:\/\/agora.xtec.cat\/ceipjoanabello-mollet\/wp-json\/wp\/v2\/types\/page"}],"author":[{"embeddable":true,"href":"https:\/\/agora.xtec.cat\/ceipjoanabello-mollet\/wp-json\/wp\/v2\/users\/1"}],"replies":[{"embeddable":true,"href":"https:\/\/agora.xtec.cat\/ceipjoanabello-mollet\/wp-json\/wp\/v2\/comments?post=84"}],"version-history":[{"count":5,"href":"https:\/\/agora.xtec.cat\/ceipjoanabello-mollet\/wp-json\/wp\/v2\/pages\/84\/revisions"}],"predecessor-version":[{"id":5282,"href":"https:\/\/agora.xtec.cat\/ceipjoanabello-mollet\/wp-json\/wp\/v2\/pages\/84\/revisions\/5282"}],"up":[{"embeddable":true,"href":"https:\/\/agora.xtec.cat\/ceipjoanabello-mollet\/wp-json\/wp\/v2\/pages\/3256"}],"wp:attachment":[{"href":"https:\/\/agora.xtec.cat\/ceipjoanabello-mollet\/wp-json\/wp\/v2\/media?parent=84"}],"curies":[{"name":"wp","href":"https:\/\/api.w.org\/{rel}","templated":true}]}}