{"id":814,"date":"2019-09-29T21:06:13","date_gmt":"2019-09-29T19:06:13","guid":{"rendered":"http:\/\/agora.xtec.cat\/ceipjoanabello-mollet\/?page_id=814"},"modified":"2023-01-26T13:31:24","modified_gmt":"2023-01-26T12:31:24","slug":"cicle-mitja","status":"publish","type":"page","link":"https:\/\/agora.xtec.cat\/ceipjoanabello-mollet\/nivells\/cicle-mitja\/","title":{"rendered":"Cicle Mitj\u00e0"},"content":{"rendered":"<h3><\/h3>\n<h5><\/h5>\n<h5>Treballem amb el Classroom per fer i entregar feines.<\/h5>\n<h5>Si voleu veure el nostre dia a dia, entreu a l&#8217;<span style=\"text-decoration: underline;\"><strong><a href=\"https:\/\/www.instagram.com\/escola_joan_abello\/\" target=\"_blank\" rel=\"noopener\">INSTAGRAM<\/a><\/strong><\/span> de l&#8217;escola.<\/h5>\n<p>&nbsp;<\/p>\n<p><a href=\"https:\/\/agora.xtec.cat\/ceipjoanabello-mollet\/wp-content\/uploads\/usu1842\/2023\/01\/CLASSROOM.jpg\"><img loading=\"lazy\" decoding=\"async\" class=\" wp-image-3755 aligncenter\" src=\"https:\/\/agora.xtec.cat\/ceipjoanabello-mollet\/wp-content\/uploads\/usu1842\/2023\/01\/CLASSROOM.jpg\" alt=\"\" width=\"411\" height=\"230\" \/><\/a><\/p>\n<p>&nbsp;<\/p>\n<p>&nbsp;<\/p>\n<p>&nbsp;<\/p>\n<p>&nbsp;<\/p>\n<p>&nbsp;<\/p>\n<h5><a href=\"https:\/\/docs.google.com\/presentation\/d\/e\/2PACX-1vRBmxNxwzFMXYbB5Nj2bDmq2nXFOiivAQv0_QvTuKjpTqZWqsr0BrjbzXHfn_0UKg\/pub?start=false&amp;loop=false&amp;delayms=3000\">\u00a0<span style=\"text-decoration: underline;\">UN CURS MOLT ESPECIAL<\/span><\/a><\/h5>\n<h5>\u00a0 Aquest curs l&#8217;hem comen\u00e7at amb moltes forces i il\u00b7lusi\u00f3! Despr\u00e9s d&#8217;estar confinats uns quants mesos, ten\u00edem moltes ganes de retrobar-nos amb els nostres companys. Sabem que ser\u00e0 diferent als anteriors, per\u00f2 estem feli\u00e7os de compartir noves experi\u00e8ncies i grans moments amb amics i mestres.<\/h5>\n<p><em><strong>CLASSE\u00a0 &#8220;ALFRED NOBEL&#8221; (3r A)<\/strong><\/em><\/p>\n<p><a href=\"https:\/\/agora.xtec.cat\/ceipjoanabello-mollet\/wp-content\/uploads\/usu1842\/2020\/11\/3r-A-Alfred-Nobel.jpg\"><img loading=\"lazy\" decoding=\"async\" class=\"alignnone size-large wp-image-2763\" src=\"https:\/\/agora.xtec.cat\/ceipjoanabello-mollet\/wp-content\/uploads\/usu1842\/2020\/11\/3r-A-Alfred-Nobel-1024x768.jpg\" alt=\"\" width=\"1024\" height=\"768\" srcset=\"https:\/\/agora.xtec.cat\/ceipjoanabello-mollet\/wp-content\/uploads\/usu1842\/2020\/11\/3r-A-Alfred-Nobel.jpg 1024w, https:\/\/agora.xtec.cat\/ceipjoanabello-mollet\/wp-content\/uploads\/usu1842\/2020\/11\/3r-A-Alfred-Nobel-300x225.jpg 300w, https:\/\/agora.xtec.cat\/ceipjoanabello-mollet\/wp-content\/uploads\/usu1842\/2020\/11\/3r-A-Alfred-Nobel-768x576.jpg 768w, https:\/\/agora.xtec.cat\/ceipjoanabello-mollet\/wp-content\/uploads\/usu1842\/2020\/11\/3r-A-Alfred-Nobel-200x150.jpg 200w\" sizes=\"auto, (max-width: 1024px) 100vw, 1024px\" \/><\/a><\/p>\n<p><em><strong>CLASSE\u00a0 &#8220;NIKOLA TESLA&#8221; (3r B)<\/strong><\/em><\/p>\n<p><a href=\"https:\/\/agora.xtec.cat\/ceipjoanabello-mollet\/wp-content\/uploads\/usu1842\/2020\/11\/3r-B-Nikola-Tesla.jpg\"><img loading=\"lazy\" decoding=\"async\" class=\"alignnone size-large wp-image-2764\" src=\"https:\/\/agora.xtec.cat\/ceipjoanabello-mollet\/wp-content\/uploads\/usu1842\/2020\/11\/3r-B-Nikola-Tesla-1024x768.jpg\" alt=\"\" width=\"1024\" height=\"768\" srcset=\"https:\/\/agora.xtec.cat\/ceipjoanabello-mollet\/wp-content\/uploads\/usu1842\/2020\/11\/3r-B-Nikola-Tesla.jpg 1024w, https:\/\/agora.xtec.cat\/ceipjoanabello-mollet\/wp-content\/uploads\/usu1842\/2020\/11\/3r-B-Nikola-Tesla-300x225.jpg 300w, https:\/\/agora.xtec.cat\/ceipjoanabello-mollet\/wp-content\/uploads\/usu1842\/2020\/11\/3r-B-Nikola-Tesla-768x576.jpg 768w, https:\/\/agora.xtec.cat\/ceipjoanabello-mollet\/wp-content\/uploads\/usu1842\/2020\/11\/3r-B-Nikola-Tesla-200x150.jpg 200w\" sizes=\"auto, (max-width: 1024px) 100vw, 1024px\" \/><\/a><\/p>\n<p><em><strong>CLASSE &#8220;ALBERT EINSTEIN&#8221; (4t A)<\/strong><\/em><\/p>\n<p><a href=\"https:\/\/agora.xtec.cat\/ceipjoanabello-mollet\/wp-content\/uploads\/usu1842\/2020\/11\/4t-A-Albert-Eisntein.jpg\"><img loading=\"lazy\" decoding=\"async\" class=\"alignnone size-large wp-image-2765\" src=\"https:\/\/agora.xtec.cat\/ceipjoanabello-mollet\/wp-content\/uploads\/usu1842\/2020\/11\/4t-A-Albert-Eisntein-1024x768.jpg\" alt=\"\" width=\"1024\" height=\"768\" srcset=\"https:\/\/agora.xtec.cat\/ceipjoanabello-mollet\/wp-content\/uploads\/usu1842\/2020\/11\/4t-A-Albert-Eisntein.jpg 1024w, https:\/\/agora.xtec.cat\/ceipjoanabello-mollet\/wp-content\/uploads\/usu1842\/2020\/11\/4t-A-Albert-Eisntein-300x225.jpg 300w, https:\/\/agora.xtec.cat\/ceipjoanabello-mollet\/wp-content\/uploads\/usu1842\/2020\/11\/4t-A-Albert-Eisntein-768x576.jpg 768w, https:\/\/agora.xtec.cat\/ceipjoanabello-mollet\/wp-content\/uploads\/usu1842\/2020\/11\/4t-A-Albert-Eisntein-200x150.jpg 200w\" sizes=\"auto, (max-width: 1024px) 100vw, 1024px\" \/><\/a><\/p>\n<p><em><strong>CLASSE &#8220;MARIE CURIE&#8221; (4t B)<\/strong><\/em><\/p>\n<p><a href=\"https:\/\/agora.xtec.cat\/ceipjoanabello-mollet\/wp-content\/uploads\/usu1842\/2020\/11\/4t-B-Marie-Curie.jpg\"><img loading=\"lazy\" decoding=\"async\" class=\"alignnone size-large wp-image-2767\" src=\"https:\/\/agora.xtec.cat\/ceipjoanabello-mollet\/wp-content\/uploads\/usu1842\/2020\/11\/4t-B-Marie-Curie-1024x820.jpg\" alt=\"\" width=\"1024\" height=\"820\" srcset=\"https:\/\/agora.xtec.cat\/ceipjoanabello-mollet\/wp-content\/uploads\/usu1842\/2020\/11\/4t-B-Marie-Curie.jpg 1024w, https:\/\/agora.xtec.cat\/ceipjoanabello-mollet\/wp-content\/uploads\/usu1842\/2020\/11\/4t-B-Marie-Curie-300x240.jpg 300w, https:\/\/agora.xtec.cat\/ceipjoanabello-mollet\/wp-content\/uploads\/usu1842\/2020\/11\/4t-B-Marie-Curie-768x615.jpg 768w\" sizes=\"auto, (max-width: 1024px) 100vw, 1024px\" \/><\/a><\/p>\n<p>&nbsp;<\/p>\n<p><em><strong>CLASSE &#8220;MARGARITA SALAS&#8221; (4t C)<\/strong><\/em><\/p>\n<p><a href=\"https:\/\/agora.xtec.cat\/ceipjoanabello-mollet\/wp-content\/uploads\/usu1842\/2020\/11\/4t-C-Margarita-Salas.jpg\"><img loading=\"lazy\" decoding=\"async\" class=\"alignnone size-large wp-image-2766\" src=\"https:\/\/agora.xtec.cat\/ceipjoanabello-mollet\/wp-content\/uploads\/usu1842\/2020\/11\/4t-C-Margarita-Salas-1024x768.jpg\" alt=\"\" width=\"1024\" height=\"768\" srcset=\"https:\/\/agora.xtec.cat\/ceipjoanabello-mollet\/wp-content\/uploads\/usu1842\/2020\/11\/4t-C-Margarita-Salas.jpg 1024w, https:\/\/agora.xtec.cat\/ceipjoanabello-mollet\/wp-content\/uploads\/usu1842\/2020\/11\/4t-C-Margarita-Salas-300x225.jpg 300w, https:\/\/agora.xtec.cat\/ceipjoanabello-mollet\/wp-content\/uploads\/usu1842\/2020\/11\/4t-C-Margarita-Salas-768x576.jpg 768w, https:\/\/agora.xtec.cat\/ceipjoanabello-mollet\/wp-content\/uploads\/usu1842\/2020\/11\/4t-C-Margarita-Salas-200x150.jpg 200w\" sizes=\"auto, (max-width: 1024px) 100vw, 1024px\" \/><\/a><\/p>\n<p>&nbsp;<\/p>\n","protected":false},"excerpt":{"rendered":"<p>Treballem amb el Classroom per fer i entregar feines. Si voleu veure el nostre dia a dia, entreu a l&#8217;INSTAGRAM de l&#8217;escola. &nbsp; &nbsp; &nbsp; &nbsp; &nbsp; &nbsp; \u00a0UN CURS MOLT ESPECIAL \u00a0 Aquest curs l&#8217;hem comen\u00e7at amb moltes forces i il\u00b7lusi\u00f3! Despr\u00e9s d&#8217;estar confinats uns quants mesos, ten\u00edem moltes ganes de retrobar-nos amb els [&hellip;]<\/p>\n","protected":false},"author":1,"featured_media":0,"parent":87,"menu_order":2,"comment_status":"closed","ping_status":"closed","template":"","meta":{"_bbp_topic_count":0,"_bbp_reply_count":0,"_bbp_total_topic_count":0,"_bbp_total_reply_count":0,"_bbp_voice_count":0,"_bbp_anonymous_reply_count":0,"_bbp_topic_count_hidden":0,"_bbp_reply_count_hidden":0,"_bbp_forum_subforum_count":0,"site-sidebar-layout":"default","site-content-layout":"","ast-site-content-layout":"","site-content-style":"default","site-sidebar-style":"default","ast-global-header-display":"","ast-banner-title-visibility":"","ast-main-header-display":"","ast-hfb-above-header-display":"","ast-hfb-below-header-display":"","ast-hfb-mobile-header-display":"","site-post-title":"","ast-breadcrumbs-content":"","ast-featured-img":"","footer-sml-layout":"","theme-transparent-header-meta":"","adv-header-id-meta":"","stick-header-meta":"","header-above-stick-meta":"","header-main-stick-meta":"","header-below-stick-meta":"","astra-migrate-meta-layouts":"default","ast-page-background-enabled":"default","ast-page-background-meta":{"desktop":{"background-color":"var(--ast-global-color-4)","background-image":"","background-repeat":"repeat","background-position":"center center","background-size":"auto","background-attachment":"scroll","background-type":"","background-media":"","overlay-type":"","overlay-color":"","overlay-opacity":"","overlay-gradient":""},"tablet":{"background-color":"","background-image":"","background-repeat":"repeat","background-position":"center center","background-size":"auto","background-attachment":"scroll","background-type":"","background-media":"","overlay-type":"","overlay-color":"","overlay-opacity":"","overlay-gradient":""},"mobile":{"background-color":"","background-image":"","background-repeat":"repeat","background-position":"center center","background-size":"auto","background-attachment":"scroll","background-type":"","background-media":"","overlay-type":"","overlay-color":"","overlay-opacity":"","overlay-gradient":""}},"ast-content-background-meta":{"desktop":{"background-color":"var(--ast-global-color-5)","background-image":"","background-repeat":"repeat","background-position":"center center","background-size":"auto","background-attachment":"scroll","background-type":"","background-media":"","overlay-type":"","overlay-color":"","overlay-opacity":"","overlay-gradient":""},"tablet":{"background-color":"var(--ast-global-color-5)","background-image":"","background-repeat":"repeat","background-position":"center center","background-size":"auto","background-attachment":"scroll","background-type":"","background-media":"","overlay-type":"","overlay-color":"","overlay-opacity":"","overlay-gradient":""},"mobile":{"background-color":"var(--ast-global-color-5)","background-image":"","background-repeat":"repeat","background-position":"center center","background-size":"auto","background-attachment":"scroll","background-type":"","background-media":"","overlay-type":"","overlay-color":"","overlay-opacity":"","overlay-gradient":""}},"footnotes":""},"class_list":["post-814","page","type-page","status-publish","hentry"],"post_mailing_queue_ids":[],"_links":{"self":[{"href":"https:\/\/agora.xtec.cat\/ceipjoanabello-mollet\/wp-json\/wp\/v2\/pages\/814","targetHints":{"allow":["GET"]}}],"collection":[{"href":"https:\/\/agora.xtec.cat\/ceipjoanabello-mollet\/wp-json\/wp\/v2\/pages"}],"about":[{"href":"https:\/\/agora.xtec.cat\/ceipjoanabello-mollet\/wp-json\/wp\/v2\/types\/page"}],"author":[{"embeddable":true,"href":"https:\/\/agora.xtec.cat\/ceipjoanabello-mollet\/wp-json\/wp\/v2\/users\/1"}],"replies":[{"embeddable":true,"href":"https:\/\/agora.xtec.cat\/ceipjoanabello-mollet\/wp-json\/wp\/v2\/comments?post=814"}],"version-history":[{"count":4,"href":"https:\/\/agora.xtec.cat\/ceipjoanabello-mollet\/wp-json\/wp\/v2\/pages\/814\/revisions"}],"predecessor-version":[{"id":3757,"href":"https:\/\/agora.xtec.cat\/ceipjoanabello-mollet\/wp-json\/wp\/v2\/pages\/814\/revisions\/3757"}],"up":[{"embeddable":true,"href":"https:\/\/agora.xtec.cat\/ceipjoanabello-mollet\/wp-json\/wp\/v2\/pages\/87"}],"wp:attachment":[{"href":"https:\/\/agora.xtec.cat\/ceipjoanabello-mollet\/wp-json\/wp\/v2\/media?parent=814"}],"curies":[{"name":"wp","href":"https:\/\/api.w.org\/{rel}","templated":true}]}}