{"id":4455,"date":"2024-01-26T17:46:16","date_gmt":"2024-01-26T16:46:16","guid":{"rendered":"https:\/\/agora.xtec.cat\/ceipjoanabello-mollet\/?page_id=4455"},"modified":"2024-02-07T21:40:00","modified_gmt":"2024-02-07T20:40:00","slug":"artistic","status":"publish","type":"page","link":"https:\/\/agora.xtec.cat\/ceipjoanabello-mollet\/que-fem\/tallers\/artistic\/","title":{"rendered":"Art\u00edstic"},"content":{"rendered":"<p><span style=\"font-weight: 400;\">Al taller art\u00edstic, la creativitat \u00e9s la br\u00faixola que ens guia. <\/span><\/p>\n<p><span style=\"font-weight: 400;\">Al cicle inicial, explorant amb diversos artistes, indaguem si l&#8217;art t\u00e9 g\u00e8nere, abra\u00e7ant corrents i t\u00e8cniques variades. Des de l&#8217;autoretrat de Frida Kahlo fins als girasols puntillistes de Van Gogh, cada obra \u00e9s font d&#8217;inspiraci\u00f3. <\/span><\/p>\n<p><span style=\"font-weight: 400;\">Al cicle mitj\u00e0, abordem la consci\u00e8ncia ambiental, transformant residus en obres d&#8217;art amb ampolles de pl\u00e0stic. <\/span><\/p>\n<p><span style=\"font-weight: 400;\">Al cicle superior, potenciem la destresa manual i la creativitat, desenvolupant habilitats art\u00edstiques amb el dibuix al natural, el dibuix\u00a0 guiat seguint algunes indicacions i el dibuix imaginari on els nens i les nenes deixen volar la seva imaginaci\u00f3. D\u2019aquesta manera els nens i les nenes troben la seva pr\u00f2pia expressi\u00f3 en aquest apassionant viatge art\u00edstic.<\/span><\/p>\n<div style=\"width: 1280px;\" class=\"wp-video\"><!--[if lt IE 9]><script>document.createElement('video');<\/script><![endif]-->\n<video class=\"wp-video-shortcode\" id=\"video-4455-1\" width=\"1280\" height=\"720\" preload=\"metadata\" controls=\"controls\"><source type=\"video\/mp4\" src=\"https:\/\/agora.xtec.cat\/ceipjoanabello-mollet\/wp-content\/uploads\/usu1842\/2024\/02\/Taller-artistic.mp4?_=1\" \/><a href=\"https:\/\/agora.xtec.cat\/ceipjoanabello-mollet\/wp-content\/uploads\/usu1842\/2024\/02\/Taller-artistic.mp4\">https:\/\/agora.xtec.cat\/ceipjoanabello-mollet\/wp-content\/uploads\/usu1842\/2024\/02\/Taller-artistic.mp4<\/a><\/video><\/div>\n","protected":false},"excerpt":{"rendered":"<p>Al taller art\u00edstic, la creativitat \u00e9s la br\u00faixola que ens guia. Al cicle inicial, explorant amb diversos artistes, indaguem si l&#8217;art t\u00e9 g\u00e8nere, abra\u00e7ant corrents i t\u00e8cniques variades. Des de l&#8217;autoretrat de Frida Kahlo fins als girasols puntillistes de Van Gogh, cada obra \u00e9s font d&#8217;inspiraci\u00f3. Al cicle mitj\u00e0, abordem la consci\u00e8ncia ambiental, transformant residus [&hellip;]<\/p>\n","protected":false},"author":36,"featured_media":0,"parent":4375,"menu_order":8,"comment_status":"closed","ping_status":"closed","template":"page-templates\/side-menu.php","meta":{"_bbp_topic_count":0,"_bbp_reply_count":0,"_bbp_total_topic_count":0,"_bbp_total_reply_count":0,"_bbp_voice_count":0,"_bbp_anonymous_reply_count":0,"_bbp_topic_count_hidden":0,"_bbp_reply_count_hidden":0,"_bbp_forum_subforum_count":0,"site-sidebar-layout":"default","site-content-layout":"","ast-site-content-layout":"","site-content-style":"default","site-sidebar-style":"default","ast-global-header-display":"","ast-banner-title-visibility":"","ast-main-header-display":"","ast-hfb-above-header-display":"","ast-hfb-below-header-display":"","ast-hfb-mobile-header-display":"","site-post-title":"","ast-breadcrumbs-content":"","ast-featured-img":"","footer-sml-layout":"","theme-transparent-header-meta":"","adv-header-id-meta":"","stick-header-meta":"","header-above-stick-meta":"","header-main-stick-meta":"","header-below-stick-meta":"","astra-migrate-meta-layouts":"default","ast-page-background-enabled":"default","ast-page-background-meta":{"desktop":{"background-color":"var(--ast-global-color-4)","background-image":"","background-repeat":"repeat","background-position":"center center","background-size":"auto","background-attachment":"scroll","background-type":"","background-media":"","overlay-type":"","overlay-color":"","overlay-opacity":"","overlay-gradient":""},"tablet":{"background-color":"","background-image":"","background-repeat":"repeat","background-position":"center center","background-size":"auto","background-attachment":"scroll","background-type":"","background-media":"","overlay-type":"","overlay-color":"","overlay-opacity":"","overlay-gradient":""},"mobile":{"background-color":"","background-image":"","background-repeat":"repeat","background-position":"center center","background-size":"auto","background-attachment":"scroll","background-type":"","background-media":"","overlay-type":"","overlay-color":"","overlay-opacity":"","overlay-gradient":""}},"ast-content-background-meta":{"desktop":{"background-color":"var(--ast-global-color-5)","background-image":"","background-repeat":"repeat","background-position":"center center","background-size":"auto","background-attachment":"scroll","background-type":"","background-media":"","overlay-type":"","overlay-color":"","overlay-opacity":"","overlay-gradient":""},"tablet":{"background-color":"var(--ast-global-color-5)","background-image":"","background-repeat":"repeat","background-position":"center center","background-size":"auto","background-attachment":"scroll","background-type":"","background-media":"","overlay-type":"","overlay-color":"","overlay-opacity":"","overlay-gradient":""},"mobile":{"background-color":"var(--ast-global-color-5)","background-image":"","background-repeat":"repeat","background-position":"center center","background-size":"auto","background-attachment":"scroll","background-type":"","background-media":"","overlay-type":"","overlay-color":"","overlay-opacity":"","overlay-gradient":""}},"footnotes":""},"class_list":["post-4455","page","type-page","status-publish","hentry"],"post_mailing_queue_ids":[],"_links":{"self":[{"href":"https:\/\/agora.xtec.cat\/ceipjoanabello-mollet\/wp-json\/wp\/v2\/pages\/4455","targetHints":{"allow":["GET"]}}],"collection":[{"href":"https:\/\/agora.xtec.cat\/ceipjoanabello-mollet\/wp-json\/wp\/v2\/pages"}],"about":[{"href":"https:\/\/agora.xtec.cat\/ceipjoanabello-mollet\/wp-json\/wp\/v2\/types\/page"}],"author":[{"embeddable":true,"href":"https:\/\/agora.xtec.cat\/ceipjoanabello-mollet\/wp-json\/wp\/v2\/users\/36"}],"replies":[{"embeddable":true,"href":"https:\/\/agora.xtec.cat\/ceipjoanabello-mollet\/wp-json\/wp\/v2\/comments?post=4455"}],"version-history":[{"count":6,"href":"https:\/\/agora.xtec.cat\/ceipjoanabello-mollet\/wp-json\/wp\/v2\/pages\/4455\/revisions"}],"predecessor-version":[{"id":4535,"href":"https:\/\/agora.xtec.cat\/ceipjoanabello-mollet\/wp-json\/wp\/v2\/pages\/4455\/revisions\/4535"}],"up":[{"embeddable":true,"href":"https:\/\/agora.xtec.cat\/ceipjoanabello-mollet\/wp-json\/wp\/v2\/pages\/4375"}],"wp:attachment":[{"href":"https:\/\/agora.xtec.cat\/ceipjoanabello-mollet\/wp-json\/wp\/v2\/media?parent=4455"}],"curies":[{"name":"wp","href":"https:\/\/api.w.org\/{rel}","templated":true}]}}