{"id":4160,"date":"2023-05-31T16:06:58","date_gmt":"2023-05-31T14:06:58","guid":{"rendered":"https:\/\/agora.xtec.cat\/ceipjoanabello-mollet\/?page_id=4160"},"modified":"2025-05-27T10:53:56","modified_gmt":"2025-05-27T08:53:56","slug":"tpvescola","status":"publish","type":"page","link":"https:\/\/agora.xtec.cat\/ceipjoanabello-mollet\/ajuts\/tpvescola\/","title":{"rendered":"TPVEscola"},"content":{"rendered":"<p><a href=\"https:\/\/agora.xtec.cat\/ceipjoanabello-mollet\/wp-content\/uploads\/usu1842\/2023\/05\/descarga.png\"><img loading=\"lazy\" decoding=\"async\" class=\"wp-image-4161 alignleft\" src=\"https:\/\/agora.xtec.cat\/ceipjoanabello-mollet\/wp-content\/uploads\/usu1842\/2023\/05\/descarga.png\" alt=\"\" width=\"141\" height=\"141\" srcset=\"https:\/\/agora.xtec.cat\/ceipjoanabello-mollet\/wp-content\/uploads\/usu1842\/2023\/05\/descarga.png 225w, https:\/\/agora.xtec.cat\/ceipjoanabello-mollet\/wp-content\/uploads\/usu1842\/2023\/05\/descarga-150x150.png 150w\" sizes=\"auto, (max-width: 141px) 100vw, 141px\" \/> <\/a><\/p>\n<p>&nbsp;<\/p>\n<p>Aquest any hem comen\u00e7at a utilitzar aquesta aplicaci\u00f3 a l&#8217;escola. <span style=\"font-family: inherit; font-size: 1em;\">Aqu\u00ed trobareu tota la informaci\u00f3 que necessiteu per utilitzar-la.<\/span><\/p>\n<p>&nbsp;<\/p>\n<p style=\"text-align: center;\"><a href=\"https:\/\/tpvescola.com\/Default2.aspx\" target=\"_blank\" rel=\"noopener\">Acc\u00e9s a TPVEscola<\/a><\/p>\n<p style=\"text-align: center;\"><a href=\"https:\/\/drive.google.com\/file\/d\/1jBlPqw_LJftcHzkUQJYH7L_OAN3GMg6s\/view?usp=share_link\" target=\"_blank\" rel=\"noopener\">Manual TPVEscola<\/a><\/p>\n<p style=\"text-align: center;\"><a href=\"https:\/\/www.youtube.com\/watch?v=Bz0XQ7n_11U\" target=\"_blank\" rel=\"noopener\">V\u00eddeo tutorial TPVEscola<\/a><\/p>\n<p style=\"text-align: center;\">\n","protected":false},"excerpt":{"rendered":"<p>&nbsp; Aquest any hem comen\u00e7at a utilitzar aquesta aplicaci\u00f3 a l&#8217;escola. Aqu\u00ed trobareu tota la informaci\u00f3 que necessiteu per utilitzar-la. &nbsp; Acc\u00e9s a TPVEscola Manual TPVEscola V\u00eddeo tutorial TPVEscola<\/p>\n","protected":false},"author":36,"featured_media":0,"parent":5162,"menu_order":72,"comment_status":"closed","ping_status":"closed","template":"","meta":{"_bbp_topic_count":0,"_bbp_reply_count":0,"_bbp_total_topic_count":0,"_bbp_total_reply_count":0,"_bbp_voice_count":0,"_bbp_anonymous_reply_count":0,"_bbp_topic_count_hidden":0,"_bbp_reply_count_hidden":0,"_bbp_forum_subforum_count":0,"site-sidebar-layout":"default","site-content-layout":"","ast-site-content-layout":"default","site-content-style":"default","site-sidebar-style":"default","ast-global-header-display":"","ast-banner-title-visibility":"","ast-main-header-display":"","ast-hfb-above-header-display":"","ast-hfb-below-header-display":"","ast-hfb-mobile-header-display":"","site-post-title":"","ast-breadcrumbs-content":"","ast-featured-img":"","footer-sml-layout":"","theme-transparent-header-meta":"default","adv-header-id-meta":"","stick-header-meta":"","header-above-stick-meta":"","header-main-stick-meta":"","header-below-stick-meta":"","astra-migrate-meta-layouts":"set","ast-page-background-enabled":"default","ast-page-background-meta":{"desktop":{"background-color":"var(--ast-global-color-4)","background-image":"","background-repeat":"repeat","background-position":"center center","background-size":"auto","background-attachment":"scroll","background-type":"","background-media":"","overlay-type":"","overlay-color":"","overlay-opacity":"","overlay-gradient":""},"tablet":{"background-color":"","background-image":"","background-repeat":"repeat","background-position":"center center","background-size":"auto","background-attachment":"scroll","background-type":"","background-media":"","overlay-type":"","overlay-color":"","overlay-opacity":"","overlay-gradient":""},"mobile":{"background-color":"","background-image":"","background-repeat":"repeat","background-position":"center center","background-size":"auto","background-attachment":"scroll","background-type":"","background-media":"","overlay-type":"","overlay-color":"","overlay-opacity":"","overlay-gradient":""}},"ast-content-background-meta":{"desktop":{"background-color":"var(--ast-global-color-5)","background-image":"","background-repeat":"repeat","background-position":"center center","background-size":"auto","background-attachment":"scroll","background-type":"","background-media":"","overlay-type":"","overlay-color":"","overlay-opacity":"","overlay-gradient":""},"tablet":{"background-color":"var(--ast-global-color-5)","background-image":"","background-repeat":"repeat","background-position":"center center","background-size":"auto","background-attachment":"scroll","background-type":"","background-media":"","overlay-type":"","overlay-color":"","overlay-opacity":"","overlay-gradient":""},"mobile":{"background-color":"var(--ast-global-color-5)","background-image":"","background-repeat":"repeat","background-position":"center center","background-size":"auto","background-attachment":"scroll","background-type":"","background-media":"","overlay-type":"","overlay-color":"","overlay-opacity":"","overlay-gradient":""}},"footnotes":""},"class_list":["post-4160","page","type-page","status-publish","hentry"],"post_mailing_queue_ids":[],"_links":{"self":[{"href":"https:\/\/agora.xtec.cat\/ceipjoanabello-mollet\/wp-json\/wp\/v2\/pages\/4160","targetHints":{"allow":["GET"]}}],"collection":[{"href":"https:\/\/agora.xtec.cat\/ceipjoanabello-mollet\/wp-json\/wp\/v2\/pages"}],"about":[{"href":"https:\/\/agora.xtec.cat\/ceipjoanabello-mollet\/wp-json\/wp\/v2\/types\/page"}],"author":[{"embeddable":true,"href":"https:\/\/agora.xtec.cat\/ceipjoanabello-mollet\/wp-json\/wp\/v2\/users\/36"}],"replies":[{"embeddable":true,"href":"https:\/\/agora.xtec.cat\/ceipjoanabello-mollet\/wp-json\/wp\/v2\/comments?post=4160"}],"version-history":[{"count":4,"href":"https:\/\/agora.xtec.cat\/ceipjoanabello-mollet\/wp-json\/wp\/v2\/pages\/4160\/revisions"}],"predecessor-version":[{"id":5112,"href":"https:\/\/agora.xtec.cat\/ceipjoanabello-mollet\/wp-json\/wp\/v2\/pages\/4160\/revisions\/5112"}],"up":[{"embeddable":true,"href":"https:\/\/agora.xtec.cat\/ceipjoanabello-mollet\/wp-json\/wp\/v2\/pages\/5162"}],"wp:attachment":[{"href":"https:\/\/agora.xtec.cat\/ceipjoanabello-mollet\/wp-json\/wp\/v2\/media?parent=4160"}],"curies":[{"name":"wp","href":"https:\/\/api.w.org\/{rel}","templated":true}]}}