{"id":3274,"date":"2021-10-30T17:14:09","date_gmt":"2021-10-30T15:14:09","guid":{"rendered":"https:\/\/agora.xtec.cat\/ceipjoanabello-mollet\/?page_id=3274"},"modified":"2023-11-09T12:07:04","modified_gmt":"2023-11-09T11:07:04","slug":"contacte","status":"publish","type":"page","link":"https:\/\/agora.xtec.cat\/ceipjoanabello-mollet\/menjador-escolar\/contacte\/","title":{"rendered":"Contacte"},"content":{"rendered":"<p>Per fer qualsevol gesti\u00f3 de menjador, heu de parlar amb en Gerard, el coordinador:<\/p>\n<p><strong>CONTACTE TEL\u00c8FONIC O WHATSAPP: <\/strong><span style=\"font-weight: 400;\">645 15 23 78 <\/span><\/p>\n<p><strong>CONTACTE PER CORREU ELECTR\u00d2NIC:<\/strong> <a href=\"http:\/\/menjador.joanabello@camposestela\" target=\"_blank\" rel=\"noopener\"><span style=\"font-weight: 400;\">menjador.joanabello<span class=\"\">@camposestela<\/span><\/span><\/a> (Gerard)<\/p>\n<p>A trav\u00e9s de l&#8217;aplicaci\u00f3 podeu gestionar l&#8217;assist\u00e8ncia, consultar el men\u00fa&#8230;<\/p>\n<p>Clica per descarregar-la:\u00a0 <a href=\"https:\/\/play.google.com\/store\/apps\/details?id=load.iaracamposestela&amp;hl=es_PY&amp;pli=1\" target=\"_blank\" rel=\"noopener\">Aplicaci\u00f3 per iOS<\/a>\u00a0 \u00a0\u00a0 \u00a0\u00a0 <a href=\"https:\/\/apps.apple.com\/es\/app\/campos-estela\/id1454495352\" target=\"_blank\" rel=\"noopener\">Aplicaci\u00f3 per Apple<\/a><\/p>\n","protected":false},"excerpt":{"rendered":"<p>Per fer qualsevol gesti\u00f3 de menjador, heu de parlar amb en Gerard, el coordinador: CONTACTE TEL\u00c8FONIC O WHATSAPP: 645 15 23 78 CONTACTE PER CORREU ELECTR\u00d2NIC: menjador.joanabello@camposestela (Gerard) A trav\u00e9s de l&#8217;aplicaci\u00f3 podeu gestionar l&#8217;assist\u00e8ncia, consultar el men\u00fa&#8230; Clica per descarregar-la:\u00a0 Aplicaci\u00f3 per iOS\u00a0 \u00a0\u00a0 \u00a0\u00a0 Aplicaci\u00f3 per Apple<\/p>\n","protected":false},"author":36,"featured_media":0,"parent":73,"menu_order":3,"comment_status":"closed","ping_status":"closed","template":"page-templates\/side-menu.php","meta":{"_bbp_topic_count":0,"_bbp_reply_count":0,"_bbp_total_topic_count":0,"_bbp_total_reply_count":0,"_bbp_voice_count":0,"_bbp_anonymous_reply_count":0,"_bbp_topic_count_hidden":0,"_bbp_reply_count_hidden":0,"_bbp_forum_subforum_count":0,"site-sidebar-layout":"default","site-content-layout":"","ast-site-content-layout":"","site-content-style":"default","site-sidebar-style":"default","ast-global-header-display":"","ast-banner-title-visibility":"","ast-main-header-display":"","ast-hfb-above-header-display":"","ast-hfb-below-header-display":"","ast-hfb-mobile-header-display":"","site-post-title":"","ast-breadcrumbs-content":"","ast-featured-img":"","footer-sml-layout":"","theme-transparent-header-meta":"","adv-header-id-meta":"","stick-header-meta":"","header-above-stick-meta":"","header-main-stick-meta":"","header-below-stick-meta":"","astra-migrate-meta-layouts":"default","ast-page-background-enabled":"default","ast-page-background-meta":{"desktop":{"background-color":"var(--ast-global-color-4)","background-image":"","background-repeat":"repeat","background-position":"center center","background-size":"auto","background-attachment":"scroll","background-type":"","background-media":"","overlay-type":"","overlay-color":"","overlay-opacity":"","overlay-gradient":""},"tablet":{"background-color":"","background-image":"","background-repeat":"repeat","background-position":"center center","background-size":"auto","background-attachment":"scroll","background-type":"","background-media":"","overlay-type":"","overlay-color":"","overlay-opacity":"","overlay-gradient":""},"mobile":{"background-color":"","background-image":"","background-repeat":"repeat","background-position":"center center","background-size":"auto","background-attachment":"scroll","background-type":"","background-media":"","overlay-type":"","overlay-color":"","overlay-opacity":"","overlay-gradient":""}},"ast-content-background-meta":{"desktop":{"background-color":"var(--ast-global-color-5)","background-image":"","background-repeat":"repeat","background-position":"center center","background-size":"auto","background-attachment":"scroll","background-type":"","background-media":"","overlay-type":"","overlay-color":"","overlay-opacity":"","overlay-gradient":""},"tablet":{"background-color":"var(--ast-global-color-5)","background-image":"","background-repeat":"repeat","background-position":"center center","background-size":"auto","background-attachment":"scroll","background-type":"","background-media":"","overlay-type":"","overlay-color":"","overlay-opacity":"","overlay-gradient":""},"mobile":{"background-color":"var(--ast-global-color-5)","background-image":"","background-repeat":"repeat","background-position":"center center","background-size":"auto","background-attachment":"scroll","background-type":"","background-media":"","overlay-type":"","overlay-color":"","overlay-opacity":"","overlay-gradient":""}},"footnotes":""},"class_list":["post-3274","page","type-page","status-publish","hentry"],"post_mailing_queue_ids":[],"_links":{"self":[{"href":"https:\/\/agora.xtec.cat\/ceipjoanabello-mollet\/wp-json\/wp\/v2\/pages\/3274","targetHints":{"allow":["GET"]}}],"collection":[{"href":"https:\/\/agora.xtec.cat\/ceipjoanabello-mollet\/wp-json\/wp\/v2\/pages"}],"about":[{"href":"https:\/\/agora.xtec.cat\/ceipjoanabello-mollet\/wp-json\/wp\/v2\/types\/page"}],"author":[{"embeddable":true,"href":"https:\/\/agora.xtec.cat\/ceipjoanabello-mollet\/wp-json\/wp\/v2\/users\/36"}],"replies":[{"embeddable":true,"href":"https:\/\/agora.xtec.cat\/ceipjoanabello-mollet\/wp-json\/wp\/v2\/comments?post=3274"}],"version-history":[{"count":6,"href":"https:\/\/agora.xtec.cat\/ceipjoanabello-mollet\/wp-json\/wp\/v2\/pages\/3274\/revisions"}],"predecessor-version":[{"id":4318,"href":"https:\/\/agora.xtec.cat\/ceipjoanabello-mollet\/wp-json\/wp\/v2\/pages\/3274\/revisions\/4318"}],"up":[{"embeddable":true,"href":"https:\/\/agora.xtec.cat\/ceipjoanabello-mollet\/wp-json\/wp\/v2\/pages\/73"}],"wp:attachment":[{"href":"https:\/\/agora.xtec.cat\/ceipjoanabello-mollet\/wp-json\/wp\/v2\/media?parent=3274"}],"curies":[{"name":"wp","href":"https:\/\/api.w.org\/{rel}","templated":true}]}}