{"id":3244,"date":"2021-10-28T22:51:26","date_gmt":"2021-10-28T20:51:26","guid":{"rendered":"https:\/\/agora.xtec.cat\/ceipjoanabello-mollet\/?page_id=3244"},"modified":"2025-05-27T10:47:22","modified_gmt":"2025-05-27T08:47:22","slug":"documents-de-secretaria","status":"publish","type":"page","link":"https:\/\/agora.xtec.cat\/ceipjoanabello-mollet\/ajuts\/documents-de-secretaria\/","title":{"rendered":"Documents de secretaria"},"content":{"rendered":"<p><em>Clica sobre el document que vulguis consultar.<\/em><\/p>\n<p><a href=\"https:\/\/agora.xtec.cat\/ceipjoanabello-mollet\/wp-content\/uploads\/usu1842\/2021\/12\/Portada_full_dades_familiars_BO.pdf\">Full dades familiars<\/a><\/p>\n<p><a href=\"https:\/\/agora.xtec.cat\/ceipjoanabello-mollet\/wp-content\/uploads\/usu1842\/2021\/12\/Circular-allergies.pdf\">Circular al\u00b7l\u00e8rgies<\/a><\/p>\n<p><a href=\"https:\/\/agora.xtec.cat\/ceipjoanabello-mollet\/wp-content\/uploads\/usu1842\/2024\/12\/Autoritzacio-recursos-digitals-menors-14.pdf\">Autoritzaci\u00f3 relativa als alumnes menors de 14 anys: \u00fas d\u2019imatges, publicaci\u00f3 de dades de car\u00e0cter personal i de material que elaboren.<\/a><\/p>\n<p><a href=\"https:\/\/agora.xtec.cat\/ceipjoanabello-mollet\/wp-content\/uploads\/usu1842\/2021\/12\/Autoritzacio_recollida_i_telefons_Primaria.pdf\">Autoritzaci\u00f3 recollida i tel\u00e8fons Prim\u00e0ria<\/a><\/p>\n<p><a href=\"https:\/\/agora.xtec.cat\/ceipjoanabello-mollet\/wp-content\/uploads\/usu1842\/2024\/12\/Autoritzacio-recursos-digitals-menors-14.pdf\">Autoritzaci\u00f3 recursos digitals menors 14<\/a><\/p>\n<p><a href=\"https:\/\/agora.xtec.cat\/ceipjoanabello-mollet\/wp-content\/uploads\/usu1842\/2021\/12\/Autoritzacio_recollida_i_telefons_Ed_Infantil.pdf\">Autoritzaci\u00f3 recollida i tel\u00e8fons Ed. Infantil<\/a><\/p>\n<p><a href=\"https:\/\/agora.xtec.cat\/ceipjoanabello-mollet\/wp-content\/uploads\/usu1842\/2022\/09\/administracio-de-paracetamol-.pdf\">Autoritzaci\u00f3 administraci\u00f3 de paracetamol<\/a><\/p>\n<p><a href=\"https:\/\/agora.xtec.cat\/ceipjoanabello-mollet\/wp-content\/uploads\/usu1842\/2024\/12\/marxar-sols-autoritzats-22-23.pdf\">Autoritzaci\u00f3 per marxar sols a casa\u00a0<\/a><\/p>\n<p><a href=\"https:\/\/agora.xtec.cat\/ceipjoanabello-mollet\/wp-content\/uploads\/usu1842\/2025\/05\/Autoritzacio-suministrament-medicaments.pdf\">Autoritzaci\u00f3 subministrament medicaments<\/a><\/p>\n<p>&nbsp;<\/p>\n","protected":false},"excerpt":{"rendered":"<p>Clica sobre el document que vulguis consultar. Full dades familiars Circular al\u00b7l\u00e8rgies Autoritzaci\u00f3 relativa als alumnes menors de 14 anys: \u00fas d\u2019imatges, publicaci\u00f3 de dades de car\u00e0cter personal i de material que elaboren. Autoritzaci\u00f3 recollida i tel\u00e8fons Prim\u00e0ria Autoritzaci\u00f3 recursos digitals menors 14 Autoritzaci\u00f3 recollida i tel\u00e8fons Ed. Infantil Autoritzaci\u00f3 administraci\u00f3 de paracetamol Autoritzaci\u00f3 per [&hellip;]<\/p>\n","protected":false},"author":36,"featured_media":0,"parent":5162,"menu_order":0,"comment_status":"closed","ping_status":"closed","template":"","meta":{"_bbp_topic_count":0,"_bbp_reply_count":0,"_bbp_total_topic_count":0,"_bbp_total_reply_count":0,"_bbp_voice_count":0,"_bbp_anonymous_reply_count":0,"_bbp_topic_count_hidden":0,"_bbp_reply_count_hidden":0,"_bbp_forum_subforum_count":0,"site-sidebar-layout":"default","site-content-layout":"","ast-site-content-layout":"default","site-content-style":"default","site-sidebar-style":"default","ast-global-header-display":"","ast-banner-title-visibility":"","ast-main-header-display":"","ast-hfb-above-header-display":"","ast-hfb-below-header-display":"","ast-hfb-mobile-header-display":"","site-post-title":"","ast-breadcrumbs-content":"","ast-featured-img":"","footer-sml-layout":"","theme-transparent-header-meta":"default","adv-header-id-meta":"","stick-header-meta":"","header-above-stick-meta":"","header-main-stick-meta":"","header-below-stick-meta":"","astra-migrate-meta-layouts":"set","ast-page-background-enabled":"default","ast-page-background-meta":{"desktop":{"background-color":"var(--ast-global-color-4)","background-image":"","background-repeat":"repeat","background-position":"center center","background-size":"auto","background-attachment":"scroll","background-type":"","background-media":"","overlay-type":"","overlay-color":"","overlay-opacity":"","overlay-gradient":""},"tablet":{"background-color":"","background-image":"","background-repeat":"repeat","background-position":"center center","background-size":"auto","background-attachment":"scroll","background-type":"","background-media":"","overlay-type":"","overlay-color":"","overlay-opacity":"","overlay-gradient":""},"mobile":{"background-color":"","background-image":"","background-repeat":"repeat","background-position":"center center","background-size":"auto","background-attachment":"scroll","background-type":"","background-media":"","overlay-type":"","overlay-color":"","overlay-opacity":"","overlay-gradient":""}},"ast-content-background-meta":{"desktop":{"background-color":"var(--ast-global-color-5)","background-image":"","background-repeat":"repeat","background-position":"center center","background-size":"auto","background-attachment":"scroll","background-type":"","background-media":"","overlay-type":"","overlay-color":"","overlay-opacity":"","overlay-gradient":""},"tablet":{"background-color":"var(--ast-global-color-5)","background-image":"","background-repeat":"repeat","background-position":"center center","background-size":"auto","background-attachment":"scroll","background-type":"","background-media":"","overlay-type":"","overlay-color":"","overlay-opacity":"","overlay-gradient":""},"mobile":{"background-color":"var(--ast-global-color-5)","background-image":"","background-repeat":"repeat","background-position":"center center","background-size":"auto","background-attachment":"scroll","background-type":"","background-media":"","overlay-type":"","overlay-color":"","overlay-opacity":"","overlay-gradient":""}},"footnotes":""},"class_list":["post-3244","page","type-page","status-publish","hentry"],"post_mailing_queue_ids":[],"_links":{"self":[{"href":"https:\/\/agora.xtec.cat\/ceipjoanabello-mollet\/wp-json\/wp\/v2\/pages\/3244","targetHints":{"allow":["GET"]}}],"collection":[{"href":"https:\/\/agora.xtec.cat\/ceipjoanabello-mollet\/wp-json\/wp\/v2\/pages"}],"about":[{"href":"https:\/\/agora.xtec.cat\/ceipjoanabello-mollet\/wp-json\/wp\/v2\/types\/page"}],"author":[{"embeddable":true,"href":"https:\/\/agora.xtec.cat\/ceipjoanabello-mollet\/wp-json\/wp\/v2\/users\/36"}],"replies":[{"embeddable":true,"href":"https:\/\/agora.xtec.cat\/ceipjoanabello-mollet\/wp-json\/wp\/v2\/comments?post=3244"}],"version-history":[{"count":7,"href":"https:\/\/agora.xtec.cat\/ceipjoanabello-mollet\/wp-json\/wp\/v2\/pages\/3244\/revisions"}],"predecessor-version":[{"id":5151,"href":"https:\/\/agora.xtec.cat\/ceipjoanabello-mollet\/wp-json\/wp\/v2\/pages\/3244\/revisions\/5151"}],"up":[{"embeddable":true,"href":"https:\/\/agora.xtec.cat\/ceipjoanabello-mollet\/wp-json\/wp\/v2\/pages\/5162"}],"wp:attachment":[{"href":"https:\/\/agora.xtec.cat\/ceipjoanabello-mollet\/wp-json\/wp\/v2\/media?parent=3244"}],"curies":[{"name":"wp","href":"https:\/\/api.w.org\/{rel}","templated":true}]}}